{"id":17428,"date":"2017-05-23T08:18:36","date_gmt":"2017-05-23T06:18:36","guid":{"rendered":"http:\/\/chaletalpigiulie.com\/filosofia\/"},"modified":"2025-12-26T21:49:26","modified_gmt":"2025-12-26T20:49:26","slug":"philosophie","status":"publish","type":"page","link":"https:\/\/chaletalpigiulie.com\/de\/philosophie\/","title":{"rendered":"Philosophie"},"content":{"rendered":"<div id=\"cmsmasters_row_2375c7f785\" class=\"cmsmasters_row cmsmasters_color_scheme_default cmsmasters_row_top_default cmsmasters_row_bot_default cmsmasters_row_boxed\">\n<div class=\"cmsmasters_row_outer_parent\">\n<div class=\"cmsmasters_row_outer\">\n<div class=\"cmsmasters_row_inner\">\n<div class=\"cmsmasters_row_margin\">\n<div id=\"cmsmasters_column_cdddf24f42\" class=\"cmsmasters_column one_first\">\n<div class=\"cmsmasters_column_inner\"><p><\/p>\n<\/div><\/div>\n<\/div>\n<\/div>\n<\/div>\n<\/div>\n<\/div>\n<div id=\"cmsmasters_row_3134339493\" class=\"cmsmasters_row cmsmasters_color_scheme_default cmsmasters_row_top_default cmsmasters_row_bot_default cmsmasters_row_fullwidth\">\n<div class=\"cmsmasters_row_outer_parent\">\n<div class=\"cmsmasters_row_outer\">\n<div class=\"cmsmasters_row_inner cmsmasters_row_fullwidth\">\n<div class=\"cmsmasters_row_margin\">\n<div id=\"cmsmasters_column_b8c40e5d6e\" class=\"cmsmasters_column one_first\">\n<div class=\"cmsmasters_column_inner\">\n<div class=\"cmsmasters_slider\">\n\t\t\t\t<p class=\"rs-p-wp-fix\"><\/p>\n\t\t\t\t<sr7-module data-alias=\"Homepage-Slider\" data-id=\"2\" id=\"SR7_2_1\" class=\"rs-ov-hidden\" data-version=\"6.7.38\">\n\t\t\t\t\t<sr7-adjuster><\/sr7-adjuster>\n\t\t\t\t\t<sr7-content>\n\t\t\t\t\t\t<sr7-slide id=\"SR7_2_1-38\" data-key=\"38\">\n\t\t\t\t\t\t\t<sr7-bg id=\"SR7_2_1-38-5\" class=\"sr7-layer\"><noscript><img decoding=\"async\" src=\"http:\/\/chaletalpigiulie.com\/wp-content\/uploads\/2025\/11\/100_2600-scaled.jpg\" alt=\"\" title=\"100_2600\"><\/noscript><\/sr7-bg>\n\t\t\t\t\t\t\t<h6 id=\"SR7_2_1-38-1\" class=\"sr7-layer\">ALPI GIULIE CHALET RESORT<\/h6>\n\t\t\t\t\t\t\t<sr7-txt id=\"SR7_2_1-38-2\" class=\"sr7-layer\">Dein zeitloser alpiner R\u00fcckzugsort<\/sr7-txt>\n\t\t\t\t\t\t\t<a id=\"SR7_2_1-38-4\" class=\"sr7-layer\" href=\"http:\/\/chaletalpigiulie.com\/filosofia\/\" target=\"_blank\" rel=\"noopener\">ENTDECKE UNS<\/a>\n\t\t\t\t\t\t<\/sr7-slide>\n\t\t\t\t\t\t<sr7-slide id=\"SR7_2_1-39\" data-key=\"39\">\n\t\t\t\t\t\t\t<sr7-bg id=\"SR7_2_1-39-5\" class=\"sr7-layer\"><noscript><img decoding=\"async\" src=\"http:\/\/chaletalpigiulie.com\/wp-content\/uploads\/2025\/11\/317898134_516736857055751_5169865184349932747_n.jpg\" alt=\"\" title=\"317898134_516736857055751_5169865184349932747_n\"><\/noscript><\/sr7-bg>\n\t\t\t\t\t\t\t<h6 id=\"SR7_2_1-39-1\" class=\"sr7-layer\">ALPI GIULIE CHALET RESORT<\/h6>\n\t\t\t\t\t\t\t<sr7-txt id=\"SR7_2_1-39-2\" class=\"sr7-layer\">Dein zeitloser alpiner R\u00fcckzugsort<\/sr7-txt>\n\t\t\t\t\t\t\t<a id=\"SR7_2_1-39-4\" class=\"sr7-layer\" href=\"http:\/\/chaletalpigiulie.com\/filosofia\/\" target=\"_blank\" rel=\"noopener\">ENTDECKE UNS<\/a>\n\t\t\t\t\t\t<\/sr7-slide>\n\t\t\t\t\t\t<sr7-slide id=\"SR7_2_1-40\" data-key=\"40\">\n\t\t\t\t\t\t\t<sr7-bg id=\"SR7_2_1-40-5\" class=\"sr7-layer\"><noscript><img decoding=\"async\" src=\"http:\/\/chaletalpigiulie.com\/wp-content\/uploads\/2025\/12\/Foto12-DSC_0387.jpg\" alt=\"Piccoli Piaceri - Camera da letto con vasca\" title=\"Piccoli Piaceri &#8211; Camera da letto con vasca\"><\/noscript><\/sr7-bg>\n\t\t\t\t\t\t\t<h6 id=\"SR7_2_1-40-1\" class=\"sr7-layer\">UNSERE CHALETS<\/h6>\n\t\t\t\t\t\t\t<sr7-txt id=\"SR7_2_1-40-2\" class=\"sr7-layer\">Nach mass f\u00fcr Sie<\/sr7-txt>\n\t\t\t\t\t\t\t<a id=\"SR7_2_1-40-4\" class=\"sr7-layer\" href=\"http:\/\/chaletalpigiulie.com\/gli-chalet\/\" target=\"_blank\" rel=\"noopener\">EINTRETEN<\/a>\n\t\t\t\t\t\t<\/sr7-slide>\n\t\t\t\t\t\t<sr7-slide id=\"SR7_2_1-6\" data-key=\"6\">\n\t\t\t\t\t\t<\/sr7-slide>\n\t\t\t\t\t<\/sr7-content>\n\t\t\t\t\t<image_lists style=\"display:none\">\n\t\t\t\t\t\t<img data-src=\"\/\/chaletalpigiulie.com\/wp-content\/uploads\/2025\/11\/100_2600-scaled.jpg\" data-libid=\"16869\" data-lib=\"medialibrary\" title=\"100_2600\" width=\"0\" height=\"0\" data-dbsrc=\"Ly9jaGFsZXRhbHBpZ2l1bGllLmNvbS93cC1jb250ZW50L3VwbG9hZHMvMjAyNS8xMS8xMDBfMjYwMC1zY2FsZWQuanBn\"\/>\n\t\t\t\t\t\t<img data-src=\"\/\/chaletalpigiulie.com\/wp-content\/uploads\/2025\/12\/Foto12-DSC_0387.jpg\" data-libid=\"16978\" data-lib=\"medialibrary\" alt=\"Piccoli Piaceri - Camera da letto con vasca\" title=\"Piccoli Piaceri &#8211; Camera da letto con vasca\" width=\"0\" height=\"0\" data-dbsrc=\"Ly9jaGFsZXRhbHBpZ2l1bGllLmNvbS93cC1jb250ZW50L3VwbG9hZHMvMjAyNS8xMi9Gb3RvMTItRFNDXzAzODcuanBn\"\/>\n\t\t\t\t\t\t<img data-src=\"\/\/chaletalpigiulie.com\/wp-content\/uploads\/2025\/11\/317898134_516736857055751_5169865184349932747_n.jpg\" data-libid=\"16873\" data-lib=\"medialibrary\" title=\"317898134_516736857055751_5169865184349932747_n\" width=\"0\" height=\"0\" data-dbsrc=\"Ly9jaGFsZXRhbHBpZ2l1bGllLmNvbS93cC1jb250ZW50L3VwbG9hZHMvMjAyNS8xMS8zMTc4OTgxMzRfNTE2NzM2ODU3MDU1NzUxXzUxNjk4NjUxODQzNDk5MzI3NDdfbi5qcGc=\"\/>\n\t\t\t\t\t<\/image_lists>\n\t\t\t\t<\/sr7-module>\n\t\t\t\t<script>\n\t\t\t\t\tSR7.PMH ??={}; SR7.PMH[\"SR7_2_1\"] = {cn:100,state:false,fn: function() { if (_tpt!==undefined && _tpt.prepareModuleHeight !== undefined) {  _tpt.prepareModuleHeight({id:\"SR7_2_1\",el:[885,885,768,600,420],type:'standard',shdw:'0',gh:[885,885,768,600,420],gw:[1920,1920,1024,778,480],vpt:['-200px&#039;,&#039;-200px&#039;,&#039;-200px&#039;,&#039;-200px&#039;,&#039;-200px'],size:{fullWidth:false, fullHeight:false},mh:'0',onh:0,onw:0,bg:{color:'{\"orig\":\"transparent\",\"type\":\"solid\",\"string\":\"transparent\"}'},plType:'0',plColor:'#FFFFFF'});   SR7.PMH[\"SR7_2_1\"].state=true;} else if(SR7.PMH[\"SR7_2_1\"].cn-->0)\tsetTimeout( SR7.PMH[\"SR7_2_1\"].fn,19);}};SR7.PMH[\"SR7_2_1\" ].fn();\n\t\t\t\t<\/script>\n<\/div>\n<\/div><\/div>\n<\/div>\n<\/div>\n<\/div>\n<\/div>\n<\/div>\n<div id=\"cmsmasters_row_29c43b215b\" class=\"cmsmasters_row cmsmasters_color_scheme_default cmsmasters_row_top_default cmsmasters_row_bot_default cmsmasters_row_fullwidth\">\n<div class=\"cmsmasters_row_outer_parent\">\n<div class=\"cmsmasters_row_outer\">\n<div class=\"cmsmasters_row_inner cmsmasters_row_fullwidth cmsmasters_row_no_margin\">\n<div class=\"cmsmasters_row_margin cmsmasters_row_columns_behavior\">\n<div id=\"cmsmasters_column_24ddda560b\" class=\"cmsmasters_column one_half\">\n<div class=\"cmsmasters_column_inner\"><div id=\"cmsmasters_fb_aeb824ab39\" class=\"cmsmasters_featured_block\">\n<div class=\"featured_block_inner\">\n<div class=\"featured_block_text\">\n<div class=\"cmsmasters_heading\" style=\"text-align: center;\"><div id=\"cmsmasters_heading_c91fc928e0\" class=\"cmsmasters_heading_wrap cmsmasters_heading_align_center\">\n\t<h3 class=\"cmsmasters_heading\">Willkommen<\/h3>\n<\/div><div id=\"cmsmasters_heading_da9e214125\" class=\"cmsmasters_heading_wrap cmsmasters_heading_align_center\">\n\t<h2 class=\"cmsmasters_heading\">HALTE INNE VOR DEN JULISCHEN ALPEN.<\/h2>\n<\/div><\/div>\n<p style=\"text-align: center;\"><span style=\"color: #6a6a6a; font-size: 20px; line-height: 28px;\">H\u00f6re.<br \/>\nAtme.<br \/>\nHier bleibt die Zeit in der Stille stehen.<br \/>\nDas Herz findet seinen nat\u00fcrlichen Rhythmus wieder.<br \/>\nDein Gehen wird eins mit der Natur.<br \/>\nDer Blick entdeckt die Nuancen von Gr\u00fcn und Blau neu.<br \/>\n<\/span><span style=\"color: #6a6a6a; font-size: 20px; line-height: 28px;\">Da Alpi Giulie Chalet Resort ritrovi la tua Essenza.<br \/>\n<\/span><div id=\"cmsmasters_heading_163ed12c6d\" class=\"cmsmasters_heading_wrap cmsmasters_heading_align_center\">\n\t<h4 class=\"cmsmasters_heading\"><a href=\"https:\/\/wubook.net\/wbkd\/wbk\/?lcode=1540933648\">Jetzt buchen<\/a><\/h4>\n<\/div>\n\n<\/div>\n<\/div>\n<\/div>\n<\/div><\/div>\n<div id=\"cmsmasters_column_e02e0930e3\" class=\"cmsmasters_column one_half\">\n<div class=\"cmsmasters_column_inner\"><\/div><\/div>\n<\/div>\n<\/div>\n<\/div>\n<\/div>\n<\/div>\n<div id=\"cmsmasters_row_1d4c30e4d6\" class=\"cmsmasters_row cmsmasters_color_scheme_default cmsmasters_row_top_default cmsmasters_row_bot_default cmsmasters_row_fullwidth\">\n<div class=\"cmsmasters_row_outer_parent\">\n<div class=\"cmsmasters_row_outer\">\n<div class=\"cmsmasters_row_inner cmsmasters_row_fullwidth cmsmasters_row_no_margin\">\n<div class=\"cmsmasters_row_margin cmsmasters_row_columns_behavior\">\n<div id=\"cmsmasters_column_90e1320cfd\" class=\"cmsmasters_column one_half\">\n<div class=\"cmsmasters_column_inner\"><\/div><\/div>\n<div id=\"cmsmasters_column_652e776471\" class=\"cmsmasters_column one_half\">\n<div class=\"cmsmasters_column_inner\"><div id=\"cmsmasters_fb_a0efbc8f41\" class=\"cmsmasters_featured_block\">\n<div class=\"featured_block_inner\">\n<div class=\"featured_block_text\">\n<div class=\"cmsmasters_heading\" style=\"text-align: center;\"><div id=\"cmsmasters_heading_90459666ce\" class=\"cmsmasters_heading_wrap cmsmasters_heading_align_center\">\n\t<h3 class=\"cmsmasters_heading\">Der Traum<\/h3>\n<\/div><div id=\"cmsmasters_heading_ecc347d859\" class=\"cmsmasters_heading_wrap cmsmasters_heading_align_center\">\n\t<h2 class=\"cmsmasters_heading\">von der Bergh\u00fctte<\/h2>\n<\/div><\/div>\n<p style=\"text-align: center;\"><span style=\"color: #6a6a6a; font-size: 20px; line-height: 28px;\">Denken Sie an die hochgelegenen Bergh\u00fctten, wo einst die Bauern und die Dorfbewohner beim j\u00e4hrlichen Almbetrieb wohnten und wo sie sich nach einem harten Arbeitstag auf den Feldern und im Wald beim Sonnenuntergang zur\u00fcckzogen, sich ans brennende Feuer setzten und ihre Mahlzeiten aus den Produkten ihrer Landwirtschaft zu sich nahmen&#8230;<br \/>\n<\/span><span style=\"color: #6a6a6a; font-size: 20px; line-height: 28px;\">Das Alpi Giulie Chalet Resort entstand aus einem Traum: &#8230; Ihnen die M\u00f6glichkeit zu geben, die urspr\u00fcngliche Atmosph\u00e4re einer Bergh\u00fctte zu erleben ohne dabei auf Komfort und moderne Annehmlichkeiten verzichten zu m\u00fcssen &#8211; in einer Art \u201eBr\u00fccke\u201c zwischen Vergangenheit und Zukunft, herk\u00f6mmlicher Tradition und Modernit\u00e4t.<br \/>\nSo entstanden unsere Chalets: geleitet von diesem Prinzip wurden sie vollst\u00e4ndig aus Massivholz, als ein Meisterst\u00fcck unserer geschickten, lokalen Handwerker gefertigt, basierend auf antiken Stilrichtungen und urspr\u00fcnglichen architektonischen Merkmalen, unter Verwendung von umweltfreundlichen Materialien. Die Einrichtung mit Liebe zum Detail spiegelt unsere schlichte Lebenseinstellung und unseren innigen Wunsch wieder, Ihnen die W\u00e4rme unserer Gastfreundschaft zu schenken. <\/span><div id=\"cmsmasters_heading_062f4b13ba\" class=\"cmsmasters_heading_wrap cmsmasters_heading_align_center\">\n\t<h4 class=\"cmsmasters_heading\"><a href=\"http:\/\/chaletalpigiulie.com\/gli-chalet\/\">Treten Sie ein in unsere Chalets!<\/a><\/h4>\n<\/div>\n\n<\/div>\n<\/div>\n<\/div>\n<\/div><\/div>\n<\/div>\n<\/div>\n<\/div>\n<\/div>\n<\/div>\n<div id=\"cmsmasters_row_e616f20fa0\" class=\"cmsmasters_row cmsmasters_color_scheme_first cmsmasters_row_top_default cmsmasters_row_bot_default cmsmasters_row_boxed\">\n<div class=\"cmsmasters_row_outer_parent\">\n<div class=\"cmsmasters_row_overlay\"><\/div>\n<div class=\"cmsmasters_row_outer\">\n<div class=\"cmsmasters_row_inner\">\n<div class=\"cmsmasters_row_margin\">\n<div id=\"cmsmasters_column_5fd6b43bac\" class=\"cmsmasters_column one_first\">\n<div class=\"cmsmasters_column_inner\"><div id=\"cmsmasters_heading_40e47e76d1\" class=\"cmsmasters_heading_wrap cmsmasters_heading_align_center\">\n\t<h3 class=\"cmsmasters_heading\">Das sagen sie<\/h3>\n<\/div><div id=\"cmsmasters_heading_a3a16e6265\" class=\"cmsmasters_heading_wrap cmsmasters_heading_align_center\">\n\t<h2 class=\"cmsmasters_heading\">\u00dcBER UNS<\/h2>\n<\/div><div class=\"cmsmasters_quotes_slider_wrap\">\n<div id=\"cmsmasters_quotes_slider_e3686a68fe\" class=\"cmsmasters_quotes cmsmasters_quotes_slider cmsmasters_quotes_slider_type_center cmsmasters_owl_slider owl-carousel\" data-auto-play=\"10000\" data-pagination=\"false\" data-navigation=\"true\"><div class=\"cmsmasters_quote cmsmasters_owl_slider_item\">\n<!-- Start Quote Slider Article -->\n<article class=\"cmsmasters_quote_inner\"><div class=\"cmsmasters_quote_placeholder\"><\/div><div class=\"cmsmasters_quote_content\">\n<p>Wir haben drei Tage im Rahmen des Master-Ausbildungskurses im HOT-mind-Methode verbracht: Das Alpi Giulie Chalet Resort ist der ideale Ort f\u00fcr unsere Natur-Wellness-Praktiken. Sabina hat uns mit Herzlichkeit, Professionalit\u00e4t und Kompetenz empfangen \u2013 in perfekter Harmonie mit unseren Aktivit\u00e4ten.<\/p>\n<\/div><header class=\"cmsmasters_quote_header\"><h4 class=\"cmsmasters_quote_title\">Andrea Bianchi<\/h4><div class=\"cmsmasters_quote_subtitle_wrap\"><h4 class=\"cmsmasters_quote_subtitle\">Metodo HOT mind<\/h4><\/div><\/header><\/article>\n<!-- Finish Quote Slider Article -->\n\n<\/div>\n<div class=\"cmsmasters_quote cmsmasters_owl_slider_item\">\n<!-- Start Quote Slider Article -->\n<article class=\"cmsmasters_quote_inner\"><div class=\"cmsmasters_quote_placeholder\"><\/div><div class=\"cmsmasters_quote_content\">\n<p>The Hotel is simply amazing. The subtle luxury of refined simplicity, uncluttered and unpretentious. Very private and the staff is an attentive and discreet.<\/p>\n<\/div><header class=\"cmsmasters_quote_header\"><h4 class=\"cmsmasters_quote_title\">Mike Jameson<\/h4><div class=\"cmsmasters_quote_subtitle_wrap\"><h4 class=\"cmsmasters_quote_subtitle\">Developer<\/h4><\/div><\/header><\/article>\n<!-- Finish Quote Slider Article -->\n\n<\/div>\n<div class=\"cmsmasters_quote cmsmasters_owl_slider_item\">\n<!-- Start Quote Slider Article -->\n<article class=\"cmsmasters_quote_inner\"><div class=\"cmsmasters_quote_placeholder\"><\/div><div class=\"cmsmasters_quote_content\">\n<p>I was welcomed by a unique and attentive staff that has few peers in a city filed with great hotels with exemplary service. Beautiful and very special.<\/p>\n<\/div><header class=\"cmsmasters_quote_header\"><h4 class=\"cmsmasters_quote_title\">Mia Turner<\/h4><div class=\"cmsmasters_quote_subtitle_wrap\"><h4 class=\"cmsmasters_quote_subtitle\">Model<\/h4><\/div><\/header><\/article>\n<!-- Finish Quote Slider Article -->\n\n<\/div>\n<\/div>\n<\/div>\n<\/div><\/div>\n<\/div>\n<\/div>\n<\/div>\n<\/div>\n<\/div>\n\n","protected":false},"excerpt":{"rendered":"","protected":false},"author":1,"featured_media":0,"parent":0,"menu_order":0,"comment_status":"closed","ping_status":"closed","template":"","meta":{"footnotes":""},"class_list":["post-17428","page","type-page","status-publish","hentry"],"publishpress_future_action":{"enabled":false,"date":"2026-04-24 05:16:32","action":"change-status","newStatus":"draft","terms":[],"taxonomy":"translation_priority","extraData":[]},"publishpress_future_workflow_manual_trigger":{"enabledWorkflows":[]},"_links":{"self":[{"href":"https:\/\/chaletalpigiulie.com\/de\/wp-json\/wp\/v2\/pages\/17428","targetHints":{"allow":["GET"]}}],"collection":[{"href":"https:\/\/chaletalpigiulie.com\/de\/wp-json\/wp\/v2\/pages"}],"about":[{"href":"https:\/\/chaletalpigiulie.com\/de\/wp-json\/wp\/v2\/types\/page"}],"author":[{"embeddable":true,"href":"https:\/\/chaletalpigiulie.com\/de\/wp-json\/wp\/v2\/users\/1"}],"replies":[{"embeddable":true,"href":"https:\/\/chaletalpigiulie.com\/de\/wp-json\/wp\/v2\/comments?post=17428"}],"version-history":[{"count":8,"href":"https:\/\/chaletalpigiulie.com\/de\/wp-json\/wp\/v2\/pages\/17428\/revisions"}],"predecessor-version":[{"id":17430,"href":"https:\/\/chaletalpigiulie.com\/de\/wp-json\/wp\/v2\/pages\/17428\/revisions\/17430"}],"wp:attachment":[{"href":"https:\/\/chaletalpigiulie.com\/de\/wp-json\/wp\/v2\/media?parent=17428"}],"curies":[{"name":"wp","href":"https:\/\/api.w.org\/{rel}","templated":true}]}}