{"id":17465,"date":"2017-05-23T14:54:19","date_gmt":"2017-05-23T12:54:19","guid":{"rendered":"http:\/\/chaletalpigiulie.com\/gli-chalet\/"},"modified":"2026-02-06T01:02:01","modified_gmt":"2026-02-06T00:02:01","slug":"die-chalets","status":"publish","type":"page","link":"https:\/\/chaletalpigiulie.com\/de\/die-chalets\/","title":{"rendered":"Die Chalet"},"content":{"rendered":"<div id=\"cmsmasters_row_jxwqn7er0a\" class=\"cmsmasters_row cmsmasters_color_scheme_default cmsmasters_row_top_default cmsmasters_row_bot_default cmsmasters_row_boxed\">\n<div class=\"cmsmasters_row_outer_parent\">\n<div class=\"cmsmasters_row_outer\">\n<div class=\"cmsmasters_row_inner\">\n<div class=\"cmsmasters_row_margin\">\n<div id=\"cmsmasters_column_8e96cd72d4\" class=\"cmsmasters_column one_first\">\n<div class=\"cmsmasters_column_inner\"><div id=\"cmsmasters_fb_9y1xpmxqbc\" class=\"cmsmasters_featured_block\">\n<div class=\"featured_block_inner\">\n<div class=\"featured_block_text\">\n<div id=\"cmsmasters_heading_c91fc928e0\" class=\"cmsmasters_heading_wrap cmsmasters_heading_align_center\">\n\t<h3 class=\"cmsmasters_heading\">Unsere chalets<\/h3>\n<\/div><div id=\"cmsmasters_heading_da9e214125\" class=\"cmsmasters_heading_wrap cmsmasters_heading_align_center\">\n\t<h2 class=\"cmsmasters_heading\">Nach mass f\u00fcr Sie.<\/h2>\n<\/div>\n\n<\/div>\n<\/div>\n<\/div>\n<div id=\"cmsmasters_fb_be7h4zo6y\" class=\"cmsmasters_featured_block\">\n<div class=\"featured_block_inner\">\n<div class=\"featured_block_text\">\n<p style=\"text-align: center;\"><span style=\"color: #6a6a6a; font-size: 20px; line-height: 28px;\">Wir haben drei Chalets gebaut, alle drei anders,<br \/>\n<\/span><span style=\"color: #6a6a6a; font-size: 20px; line-height: 28px;\">um verschiedenen Anspr\u00fcchen und Geschm\u00e4ckern gerecht zu werden.<br \/>\nJedes Chalet symbolisiert einen bestimmten Gedanken, eine Urlaubsvorstellung, einen pr\u00e4zisen Charakter, um bei den Bewohnern verschiedene und einzigartige Gef\u00fchle hervorzurufen.<br \/>\nDie Namen \u201eLebensfreude\u201c, \u201eDas Nest\u201c und \u201eWohnen wie einst\u201c bringen ihre Essenz ganz genau zum Ausdruck. <\/span><\/p>\n\n<\/div>\n<\/div>\n<\/div>\n<div id=\"portfolio_czitlqat7g\" class=\"cmsmasters_wrap_portfolio entry-summary\" data-layout=\"grid\" data-layout-mode=\"perfect\" data-url=\"https:\/\/chaletalpigiulie.com\/wp-content\/plugins\/cmsmasters-content-composer\/\" data-orderby=\"id\" data-order=\"DESC\" data-count=\"10\" data-categories=\"\" data-metadata=\"title,excerpt,more,price\"><div class=\"portfolio grid large_gap perfect cmsmasters_3\"><!-- Start Project Grid Article -->\n<article id=\"post-17446\" class=\"cmsmasters_project_grid post-17446 project type-project status-publish format-standard has-post-thumbnail hentry pj-categs-unsere-chalet\" data-category=\"unsere-chalet\">\n\t<div class=\"project_outer\">\n\t<div class=\"project_img_wrap\"><figure class=\"cmsmasters_img_rollover_wrap preloader\"><img loading=\"lazy\" decoding=\"async\" width=\"580\" height=\"420\" src=\"https:\/\/chaletalpigiulie.com\/wp-content\/uploads\/2025\/12\/Foto12-DSC_0387-580x420.jpg\" class=\"full-width wp-post-image\" alt=\"Piccoli Piaceri - Camera da letto con vasca\" title=\"Piccoli Piaceri - Camera da letto con vasca\" \/><a href=\"https:\/\/chaletalpigiulie.com\/de\/room\/lebensfreude\/\" title=\"Lebensfreude\" class=\"cmsmasters_open_link\"><\/a><\/figure><\/div><header class=\"cmsmasters_project_header entry-header\"><h3 class=\"cmsmasters_project_title entry-title\"><a href=\"https:\/\/chaletalpigiulie.com\/de\/room\/lebensfreude\/\">Lebensfreude<\/a><\/h3><\/header><div class=\"cmsmasters_project_cont_info_wrapper\"><span class=\"cmsmasters_project_price\">ab 137 \u20ac \/ Nacht<\/span><a class=\"cmsmasters_project_read_more\" href=\"https:\/\/chaletalpigiulie.com\/de\/room\/lebensfreude\/\">Eintreten<\/a><\/div><div class=\"cmsmasters_project_content entry-content\">\n<p>Dieses Chalet ist im modernen Stil konzipiert: Wohnraum und Wohngef\u00fchl in freier Grossz\u00fcgigkeit und viel Liebe zum Detail sind f\u00fcr diese Wohlbefinden- und Entspannungsoase kennzeichnend.<\/p>\n<\/div>\n<span class=\"dn meta-date\">20251208154708<\/span>\t<\/div>\n<\/article>\n<!-- Finish Project Grid Article -->\n\n<!-- Start Project Grid Article -->\n<article id=\"post-17665\" class=\"cmsmasters_project_grid post-17665 project type-project status-publish format-standard has-post-thumbnail hentry pj-categs-unsere-chalet\" data-category=\"unsere-chalet\">\n\t<div class=\"project_outer\">\n\t<div class=\"project_img_wrap\"><figure class=\"cmsmasters_img_rollover_wrap preloader\"><img loading=\"lazy\" decoding=\"async\" width=\"580\" height=\"420\" src=\"https:\/\/chaletalpigiulie.com\/wp-content\/uploads\/2025\/12\/130222785_3736228216443102_9022297634195361931_n-580x420.jpg\" class=\"full-width wp-post-image\" alt=\"Il Nido - Stufa\" title=\"Il Nido - Stufa\" \/><a href=\"https:\/\/chaletalpigiulie.com\/de\/room\/das-nest\/\" title=\"Das Nest\" class=\"cmsmasters_open_link\"><\/a><\/figure><\/div><header class=\"cmsmasters_project_header entry-header\"><h3 class=\"cmsmasters_project_title entry-title\"><a href=\"https:\/\/chaletalpigiulie.com\/de\/room\/das-nest\/\">Das Nest<\/a><\/h3><\/header><div class=\"cmsmasters_project_cont_info_wrapper\"><span class=\"cmsmasters_project_price\">ab 137 \u20ac \/ Nacht<\/span><a class=\"cmsmasters_project_read_more\" href=\"https:\/\/chaletalpigiulie.com\/de\/room\/das-nest\/\">Entra<\/a><\/div><div class=\"cmsmasters_project_content entry-content\">\n<p>Ein kleines Juwel: warm und gem\u00fctlich, wo man sich einfach frei f\u00fchlt \u2026 Wir haben \u201eDas Nest\u201c als ein Chalet f\u00fcr Paare konzipiert, die beim Wohnen die Intimit\u00e4t wieder entdecken m\u00f6chten. Ideal f\u00fcr Ihren romantischen Urlaub in einem Alpenchalet.<\/p>\n<\/div>\n<span class=\"dn meta-date\">20170522101015<\/span>\t<\/div>\n<\/article>\n<!-- Finish Project Grid Article -->\n\n<!-- Start Project Grid Article -->\n<article id=\"post-17485\" class=\"cmsmasters_project_grid post-17485 project type-project status-publish format-standard has-post-thumbnail hentry pj-categs-unsere-chalet\" data-category=\"unsere-chalet\">\n\t<div class=\"project_outer\">\n\t<div class=\"project_img_wrap\"><figure class=\"cmsmasters_img_rollover_wrap preloader\"><img loading=\"lazy\" decoding=\"async\" width=\"580\" height=\"420\" src=\"https:\/\/chaletalpigiulie.com\/wp-content\/uploads\/2017\/05\/IMG_20200604_142112-1-580x420.jpg\" class=\"full-width wp-post-image\" alt=\"Wohnen wie einst\" title=\"IMG_20200604_142112\" \/><a href=\"https:\/\/chaletalpigiulie.com\/de\/room\/wohnen-wie-einst\/\" title=\"Wohnen wie einst\" class=\"cmsmasters_open_link\"><\/a><\/figure><\/div><header class=\"cmsmasters_project_header entry-header\"><h3 class=\"cmsmasters_project_title entry-title\"><a href=\"https:\/\/chaletalpigiulie.com\/de\/room\/wohnen-wie-einst\/\">Wohnen wie einst<\/a><\/h3><\/header><div class=\"cmsmasters_project_cont_info_wrapper\"><span class=\"cmsmasters_project_price\">ab 137 \u20ac \/ Nacht<\/span><a class=\"cmsmasters_project_read_more\" href=\"https:\/\/chaletalpigiulie.com\/de\/room\/wohnen-wie-einst\/\">Eintreten<\/a><\/div><div class=\"cmsmasters_project_content entry-content\">\n<p>In unserem Resort ist dieses das charakteristischste Chalet, welches die meisten \u201eD\u00fcfte der Vergangenheit\u201c und Erinnerungen an die alten Zeiten und das b\u00e4uerliche Leben hervorruft. Das ideale Chalet f\u00fcr Ihren Familienurlaub.<\/p>\n<\/div>\n<span class=\"dn meta-date\">20170522100844<\/span>\t<\/div>\n<\/article>\n<!-- Finish Project Grid Article -->\n\n<\/div><div class=\"cmsmasters_wrap_more_projects cmsmasters_wrap_more_items\"><\/div><\/div><div class=\"custom_html\">\n<p><!-- \n    WuBook Javascript Library\n    Eventually, put it inside\n    your <head\/> tag\n--><br \/>\n<script src=\"https:\/\/wubook.net\/js\/wblib.jgz\"><\/script><br \/>\n<!-- \n     put the following div where WuBook \n     should be designed. Make sure to\n     preserve the div contents (backlink)\n--><\/p>\n<div id=\"_baror_\" >\n  <a href=\"https:\/\/wubook.net\/page\/WooDoo-Booking-Engine-35.html\" style=\"display: block; margin-top: 5px; text-decoration:none;border:none;\" target=\"_blank\"><br \/>\n    <img decoding=\"async\" src=\"https:\/\/wubook.net\/imgs\/default\/booking_by_wu.gif\" alt=\"Booking on line Wubook per strutture ricettive\" title=\"Software online per booking e gestione Hotel\" style=\"border:none;text-decoration:none;\" \/><br \/>\n  <\/a>\n<\/div>\n<p><!-- \n     Initialize the WuBook Object.\n     Collect params settings.\n     Call WuBook.design_rwidget().\n\n     Notice WuBook Object provides a\n     lot of interesting features.\n--><br \/>\n<script>\n  var WuBook= new _WuBook(1540933648);\n  var wbparams= {\n    bgcolor: '#ffffff',\n    textcolor: '#ffffff',\n    buttoncolor: '#c19b76',\n    iconcolor: '#888888',\n    bordercolor: '#c19b76',\n    lang: 'de',\n    failback_lang: 'it',\n    wbgoogle: 1,\n    dcode: 0,\n    leisure: 1,\n    default_nights: 3,\n    dcodeval: ''\n  };\n  WuBook.design_rwidget(\"_baror_\", wbparams);\n<\/script><br \/>\n<!-- \n    that's all :)\n    Thank you for using WuBook!\n--><\/p>\n<\/div>\n<\/div><\/div>\n<\/div>\n<\/div>\n<\/div>\n<\/div>\n<\/div>\n\n","protected":false},"excerpt":{"rendered":"","protected":false},"author":1,"featured_media":0,"parent":0,"menu_order":0,"comment_status":"closed","ping_status":"closed","template":"","meta":{"footnotes":""},"class_list":["post-17465","page","type-page","status-publish","hentry"],"publishpress_future_action":{"enabled":false,"date":"2026-04-24 05:16:33","action":"change-status","newStatus":"draft","terms":[],"taxonomy":"translation_priority","extraData":[]},"publishpress_future_workflow_manual_trigger":{"enabledWorkflows":[]},"_links":{"self":[{"href":"https:\/\/chaletalpigiulie.com\/de\/wp-json\/wp\/v2\/pages\/17465","targetHints":{"allow":["GET"]}}],"collection":[{"href":"https:\/\/chaletalpigiulie.com\/de\/wp-json\/wp\/v2\/pages"}],"about":[{"href":"https:\/\/chaletalpigiulie.com\/de\/wp-json\/wp\/v2\/types\/page"}],"author":[{"embeddable":true,"href":"https:\/\/chaletalpigiulie.com\/de\/wp-json\/wp\/v2\/users\/1"}],"replies":[{"embeddable":true,"href":"https:\/\/chaletalpigiulie.com\/de\/wp-json\/wp\/v2\/comments?post=17465"}],"version-history":[{"count":7,"href":"https:\/\/chaletalpigiulie.com\/de\/wp-json\/wp\/v2\/pages\/17465\/revisions"}],"predecessor-version":[{"id":17947,"href":"https:\/\/chaletalpigiulie.com\/de\/wp-json\/wp\/v2\/pages\/17465\/revisions\/17947"}],"wp:attachment":[{"href":"https:\/\/chaletalpigiulie.com\/de\/wp-json\/wp\/v2\/media?parent=17465"}],"curies":[{"name":"wp","href":"https:\/\/api.w.org\/{rel}","templated":true}]}}