{"id":17588,"date":"2026-02-01T18:20:16","date_gmt":"2026-02-01T17:20:16","guid":{"rendered":"http:\/\/chaletalpigiulie.com\/?page_id=17588"},"modified":"2026-02-03T23:37:10","modified_gmt":"2026-02-03T22:37:10","slug":"spezial-angebote","status":"publish","type":"page","link":"https:\/\/chaletalpigiulie.com\/de\/spezial-angebote\/","title":{"rendered":"Spezial Angebote"},"content":{"rendered":"<div id=\"cmsmasters_row_jxwqn7er0a\" class=\"cmsmasters_row cmsmasters_color_scheme_default cmsmasters_row_top_default cmsmasters_row_bot_default cmsmasters_row_boxed\">\n<div class=\"cmsmasters_row_outer_parent\">\n<div class=\"cmsmasters_row_outer\">\n<div class=\"cmsmasters_row_inner\">\n<div class=\"cmsmasters_row_margin\">\n<div id=\"cmsmasters_column_8e96cd72d4\" class=\"cmsmasters_column one_first\">\n<div class=\"cmsmasters_column_inner\"><div id=\"cmsmasters_fb_9y1xpmxqbc\" class=\"cmsmasters_featured_block\">\n<div class=\"featured_block_inner\">\n<div class=\"featured_block_text\">\n<div id=\"cmsmasters_heading_c91fc928e0\" class=\"cmsmasters_heading_wrap cmsmasters_heading_align_center\">\n\t<h3 class=\"cmsmasters_heading\">Spezial<\/h3>\n<\/div><div id=\"cmsmasters_heading_da9e214125\" class=\"cmsmasters_heading_wrap cmsmasters_heading_align_center\">\n\t<h2 class=\"cmsmasters_heading\">Angebote<\/h2>\n<\/div>\n\n<\/div>\n<\/div>\n<\/div>\n<div id=\"cmsmasters_fb_be7h4zo6y\" class=\"cmsmasters_featured_block\">\n<div class=\"featured_block_inner\">\n<div class=\"featured_block_text\">\n<p style=\"text-align: center;\"><span style=\"color: #6a6a6a; font-size: 20px; line-height: 28px;\">Jede Jahreszeit hat ihr spezielles Angebot.<\/span><\/p>\n<p style=\"text-align: center;\"><span style=\"color: #6a6a6a; font-size: 20px; line-height: 28px;\">Werfen Sie unten einen Blick, um die aktuell g\u00fcltigen Angebote zu entdecken \u2026 und lassen Sie sie sich nicht entgehen!<\/span><\/p>\n\n<\/div>\n<\/div>\n<\/div>\n<div id=\"blog_tp55cl238i\" class=\"cmsmasters_wrap_blog entry-summary\" data-layout=\"columns\" data-layout-mode=\"grid\" data-url=\"https:\/\/chaletalpigiulie.com\/wp-content\/plugins\/cmsmasters-content-composer\/\" data-orderby=\"date\" data-order=\"DESC\" data-count=\"3\" data-categories=\"spezial-angebote\" data-metadata=\"more\" data-pagination=\"pagination\"><div class=\"blog columns grid cmsmasters_3\"><!-- Start Post Masonry Article -->\n<article id=\"post-17755\" class=\"cmsmasters_post_masonry post-17755 post type-post status-publish format-standard has-post-thumbnail hentry category-spezial-angebote\" data-category=\"spezial-angebote\">\n\t<div class=\"cmsmasters_post_cont\">\n\t<header class=\"cmsmasters_post_header entry-header\"><h3 class=\"cmsmasters_post_title entry-title\"><a href=\"https:\/\/chaletalpigiulie.com\/de\/primavera-nelle-alpi-giulie\/\">Fr\u00fchling in den Julischen Alpen<\/a><\/h3><\/header><figure class=\"cmsmasters_img_wrap\"><a href=\"https:\/\/chaletalpigiulie.com\/de\/primavera-nelle-alpi-giulie\/\" title=\"Fr\u00fchling in den Julischen Alpen\" class=\"cmsmasters_img_link preloader\"><img loading=\"lazy\" decoding=\"async\" width=\"580\" height=\"420\" src=\"https:\/\/chaletalpigiulie.com\/wp-content\/uploads\/2025\/12\/Laghi_di_Fusine_1_48396039076-580x420.jpg\" class=\"full-width wp-post-image\" alt=\"Di Frerk Meyer from Buchholz in der Nordheide, Niedersachsen - Laghi di Fusine 1\" title=\"Di Frerk Meyer from Buchholz in der Nordheide, Niedersachsen - Laghi di Fusine 1\" \/><\/a><\/figure><div class=\"cmsmasters_post_content entry-content\">\n<p>Der Fr\u00fchling ist ein Traum: l\u00e4ngere Tage, frische Luft, erwachende W\u00e4lder und stille Wege.<br \/>\nG\u00fcltig vom 13. bis 30. April.<\/p>\n<\/div>\n<footer class=\"cmsmasters_post_footer entry-meta\"><a class=\"cmsmasters_post_read_more\" href=\"https:\/\/chaletalpigiulie.com\/de\/primavera-nelle-alpi-giulie\/\">Mehr entdecken<\/a><\/footer>\t<\/div>\n<\/article>\n<!-- Finish Post Masonry Article -->\n\n<!-- Start Post Masonry Article -->\n<article id=\"post-17766\" class=\"cmsmasters_post_masonry post-17766 post type-post status-publish format-standard has-post-thumbnail hentry category-spezial-angebote\" data-category=\"spezial-angebote\">\n\t<div class=\"cmsmasters_post_cont\">\n\t<header class=\"cmsmasters_post_header entry-header\"><h3 class=\"cmsmasters_post_title entry-title\"><a href=\"https:\/\/chaletalpigiulie.com\/de\/speciale-fine-stagione-sciistica\/\">SAISONABSCHLUSS-SPECIAL<\/a><\/h3><\/header><figure class=\"cmsmasters_img_wrap\"><a href=\"https:\/\/chaletalpigiulie.com\/de\/speciale-fine-stagione-sciistica\/\" title=\"SAISONABSCHLUSS-SPECIAL\" class=\"cmsmasters_img_link preloader\"><img loading=\"lazy\" decoding=\"async\" width=\"580\" height=\"420\" src=\"https:\/\/chaletalpigiulie.com\/wp-content\/uploads\/2025\/12\/csm_DSC_1086_03_2254ff30ee-580x420.jpg\" class=\"full-width wp-post-image\" alt=\"sci nordico alpi giulie chalet resort\" title=\"sci nordico alpi giulie chalet resort\" \/><\/a><\/figure><div class=\"cmsmasters_post_content entry-content\">\n<p>M\u00f6chten Sie sich noch ein paar letzte Ski- und Sonnentage g\u00f6nnen, bevor der Fr\u00fchling ausbricht?<br \/>\nG\u00fcltig vom 15. bis 31. M\u00e4rz<\/p>\n<\/div>\n<footer class=\"cmsmasters_post_footer entry-meta\"><a class=\"cmsmasters_post_read_more\" href=\"https:\/\/chaletalpigiulie.com\/de\/speciale-fine-stagione-sciistica\/\">Mehr entdecken<\/a><\/footer>\t<\/div>\n<\/article>\n<!-- Finish Post Masonry Article -->\n\n<!-- Start Post Masonry Article -->\n<article id=\"post-17773\" class=\"cmsmasters_post_masonry post-17773 post type-post status-publish format-standard has-post-thumbnail hentry category-spezial-angebote\" data-category=\"spezial-angebote\">\n\t<div class=\"cmsmasters_post_cont\">\n\t<header class=\"cmsmasters_post_header entry-header\"><h3 class=\"cmsmasters_post_title entry-title\"><a href=\"https:\/\/chaletalpigiulie.com\/de\/speciale-settimana-bianca\/\">DIE WEISSE WOCHE<\/a><\/h3><\/header><figure class=\"cmsmasters_img_wrap\"><a href=\"https:\/\/chaletalpigiulie.com\/de\/speciale-settimana-bianca\/\" title=\"DIE WEISSE WOCHE\" class=\"cmsmasters_img_link preloader\"><img loading=\"lazy\" decoding=\"async\" width=\"580\" height=\"420\" src=\"https:\/\/chaletalpigiulie.com\/wp-content\/uploads\/2025\/12\/Funivia_Lussari-580x420.jpg\" class=\"full-width wp-post-image\" alt=\"Funivia Lussari\" title=\"Funivia Lussari\" \/><\/a><\/figure><div class=\"cmsmasters_post_content entry-content\">\n<p>Februar ist der perfekte Monat, um einen Skiurlaub zu genie\u00dfen!<br \/>\nG\u00fcltig vom 1. Februar bis 14. M\u00e4rz<\/p>\n<\/div>\n<footer class=\"cmsmasters_post_footer entry-meta\"><a class=\"cmsmasters_post_read_more\" href=\"https:\/\/chaletalpigiulie.com\/de\/speciale-settimana-bianca\/\">Mehr entdecken<\/a><\/footer>\t<\/div>\n<\/article>\n<!-- Finish Post Masonry Article -->\n\n<\/div><div class=\"cmsmasters_wrap_more_posts cmsmasters_wrap_more_items\"><\/div><\/div><div class=\"custom_html\">\n<p><!-- \n    WuBook Javascript Library\n    Eventually, put it inside\n    your <head\/> tag\n--><br \/>\n<script src=\"https:\/\/wubook.net\/js\/wblib.jgz\"><\/script><br \/>\n<!-- \n     put the following div where WuBook \n     should be designed. Make sure to\n     preserve the div contents (backlink)\n--><\/p>\n<div id=\"_baror_\" >\n  <a href=\"https:\/\/wubook.net\/page\/WooDoo-Booking-Engine-35.html\" style=\"display: block; margin-top: 5px; text-decoration:none;border:none;\" target=\"_blank\"><br \/>\n    <img decoding=\"async\" src=\"https:\/\/wubook.net\/imgs\/default\/booking_by_wu.gif\" alt=\"Booking on line Wubook per strutture ricettive\" title=\"Software online per booking e gestione Hotel\" style=\"border:none;text-decoration:none;\" \/><br \/>\n  <\/a>\n<\/div>\n<p><!-- \n     Initialize the WuBook Object.\n     Collect params settings.\n     Call WuBook.design_rwidget().\n\n     Notice WuBook Object provides a\n     lot of interesting features.\n--><br \/>\n<script>\n  var WuBook= new _WuBook(1540933648);\n  var wbparams= {\n    bgcolor: '#ffffff',\n    textcolor: '#ffffff',\n    buttoncolor: '#c19b76',\n    iconcolor: '#888888',\n    bordercolor: '#c19b76',\n    lang: 'de',\n    failback_lang: 'it',\n    wbgoogle: 1,\n    dcode: 0,\n    leisure: 1,\n    default_nights: 3,\n    dcodeval: ''\n  };\n  WuBook.design_rwidget(\"_baror_\", wbparams);\n<\/script><br \/>\n<!-- \n    that's all :)\n    Thank you for using WuBook!\n--><\/p>\n<\/div>\n<\/div><\/div>\n<\/div>\n<\/div>\n<\/div>\n<\/div>\n<\/div>\n\n","protected":false},"excerpt":{"rendered":"","protected":false},"author":1,"featured_media":0,"parent":0,"menu_order":0,"comment_status":"closed","ping_status":"closed","template":"","meta":{"footnotes":""},"class_list":["post-17588","page","type-page","status-publish","hentry"],"publishpress_future_action":{"enabled":false,"date":"2026-04-24 05:20:45","action":"change-status","newStatus":"draft","terms":[],"taxonomy":"translation_priority","extraData":[]},"publishpress_future_workflow_manual_trigger":{"enabledWorkflows":[]},"_links":{"self":[{"href":"https:\/\/chaletalpigiulie.com\/de\/wp-json\/wp\/v2\/pages\/17588","targetHints":{"allow":["GET"]}}],"collection":[{"href":"https:\/\/chaletalpigiulie.com\/de\/wp-json\/wp\/v2\/pages"}],"about":[{"href":"https:\/\/chaletalpigiulie.com\/de\/wp-json\/wp\/v2\/types\/page"}],"author":[{"embeddable":true,"href":"https:\/\/chaletalpigiulie.com\/de\/wp-json\/wp\/v2\/users\/1"}],"replies":[{"embeddable":true,"href":"https:\/\/chaletalpigiulie.com\/de\/wp-json\/wp\/v2\/comments?post=17588"}],"version-history":[{"count":6,"href":"https:\/\/chaletalpigiulie.com\/de\/wp-json\/wp\/v2\/pages\/17588\/revisions"}],"predecessor-version":[{"id":17751,"href":"https:\/\/chaletalpigiulie.com\/de\/wp-json\/wp\/v2\/pages\/17588\/revisions\/17751"}],"wp:attachment":[{"href":"https:\/\/chaletalpigiulie.com\/de\/wp-json\/wp\/v2\/media?parent=17588"}],"curies":[{"name":"wp","href":"https:\/\/api.w.org\/{rel}","templated":true}]}}