{"id":17630,"date":"2025-12-08T19:08:00","date_gmt":"2025-12-08T18:08:00","guid":{"rendered":"http:\/\/chaletalpigiulie.com\/?page_id=17630"},"modified":"2026-02-02T00:18:32","modified_gmt":"2026-02-01T23:18:32","slug":"la-baita-dei-sapori","status":"publish","type":"page","link":"https:\/\/chaletalpigiulie.com\/de\/la-baita-dei-sapori\/","title":{"rendered":"La Baita dei Sapori"},"content":{"rendered":"<div id=\"cmsmasters_row_2375c7f785\" class=\"cmsmasters_row cmsmasters_color_scheme_default cmsmasters_row_top_default cmsmasters_row_bot_default cmsmasters_row_boxed\">\n<div class=\"cmsmasters_row_outer_parent\">\n<div class=\"cmsmasters_row_outer\">\n<div class=\"cmsmasters_row_inner\">\n<div class=\"cmsmasters_row_margin\">\n<div id=\"cmsmasters_column_cdddf24f42\" class=\"cmsmasters_column one_first\">\n<div class=\"cmsmasters_column_inner\"><p><\/p>\n<\/div><\/div>\n<\/div>\n<\/div>\n<\/div>\n<\/div>\n<\/div>\n<div id=\"cmsmasters_row_3134339493\" class=\"cmsmasters_row cmsmasters_color_scheme_default cmsmasters_row_top_default cmsmasters_row_bot_default cmsmasters_row_fullwidth\">\n<div class=\"cmsmasters_row_outer_parent\">\n<div class=\"cmsmasters_row_outer\">\n<div class=\"cmsmasters_row_inner cmsmasters_row_fullwidth\">\n<div class=\"cmsmasters_row_margin\">\n<div id=\"cmsmasters_column_b8c40e5d6e\" class=\"cmsmasters_column one_first\">\n<div class=\"cmsmasters_column_inner\">\n<div class=\"cmsmasters_slider\">\n\t\t\t\t<p class=\"rs-p-wp-fix\"><\/p>\n\t\t\t\t<sr7-module data-alias=\"homepage-slider-1\" data-id=\"3\" id=\"SR7_3_1\" class=\"rs-ov-hidden\" data-version=\"6.7.38\">\n\t\t\t\t\t<sr7-adjuster><\/sr7-adjuster>\n\t\t\t\t\t<sr7-content>\n\t\t\t\t\t\t<sr7-slide id=\"SR7_3_1-52\" data-key=\"52\">\n\t\t\t\t\t\t\t<sr7-bg id=\"SR7_3_1-52-3\" class=\"sr7-layer\"><noscript><img decoding=\"async\" src=\"http:\/\/chaletalpigiulie.com\/wp-content\/uploads\/2025\/12\/baita-dei-sapori-esterno.jpg\" alt=\"baita dei sapori - esterno\" title=\"baita dei sapori &#8211; esterno\"><\/noscript><\/sr7-bg>\n\t\t\t\t\t\t\t<h6 id=\"SR7_3_1-52-1\" class=\"sr7-layer\">RESTAURANT BAITA DEI SAPORI<\/h6>\n\t\t\t\t\t\t\t<sr7-txt id=\"SR7_3_1-52-2\" class=\"sr7-layer\">Ferien Voller Genuss<\/sr7-txt>\n\t\t\t\t\t\t<\/sr7-slide>\n\t\t\t\t\t\t<sr7-slide id=\"SR7_3_1-53\" data-key=\"53\">\n\t\t\t\t\t\t\t<sr7-bg id=\"SR7_3_1-53-3\" class=\"sr7-layer\"><noscript><img decoding=\"async\" src=\"http:\/\/chaletalpigiulie.com\/wp-content\/uploads\/2025\/12\/baita-dei-sapori-interno-1.jpg\" alt=\"baita dei sapori - interno 1\" title=\"baita dei sapori &#8211; interno 1\"><\/noscript><\/sr7-bg>\n\t\t\t\t\t\t\t<h6 id=\"SR7_3_1-53-1\" class=\"sr7-layer\">RESTAURANT BAITA DEI SAPORI<\/h6>\n\t\t\t\t\t\t\t<sr7-txt id=\"SR7_3_1-53-2\" class=\"sr7-layer\">Ferien Voller Genuss<\/sr7-txt>\n\t\t\t\t\t\t<\/sr7-slide>\n\t\t\t\t\t\t<sr7-slide id=\"SR7_3_1-54\" data-key=\"54\">\n\t\t\t\t\t\t\t<sr7-bg id=\"SR7_3_1-54-3\" class=\"sr7-layer\"><noscript><img decoding=\"async\" src=\"http:\/\/chaletalpigiulie.com\/wp-content\/uploads\/2025\/12\/baita-dei-sapori-interno-2.jpg\" alt=\"baita dei sapori - interno 2\" title=\"baita dei sapori &#8211; interno 2\"><\/noscript><\/sr7-bg>\n\t\t\t\t\t\t\t<h6 id=\"SR7_3_1-54-1\" class=\"sr7-layer\">RESTAURANT BAITA DEI SAPORI<\/h6>\n\t\t\t\t\t\t\t<sr7-txt id=\"SR7_3_1-54-2\" class=\"sr7-layer\">Ferien Voller Genuss<\/sr7-txt>\n\t\t\t\t\t\t<\/sr7-slide>\n\t\t\t\t\t\t<sr7-slide id=\"SR7_3_1-11\" data-key=\"11\">\n\t\t\t\t\t\t<\/sr7-slide>\n\t\t\t\t\t<\/sr7-content>\n\t\t\t\t\t<image_lists style=\"display:none\">\n\t\t\t\t\t\t<img data-src=\"\/\/chaletalpigiulie.com\/wp-content\/uploads\/2025\/12\/baita-dei-sapori-esterno.jpg\" data-libid=\"17047\" data-lib=\"medialibrary\" alt=\"baita dei sapori - esterno\" title=\"baita dei sapori &#8211; esterno\" width=\"0\" height=\"0\" data-dbsrc=\"Ly9jaGFsZXRhbHBpZ2l1bGllLmNvbS93cC1jb250ZW50L3VwbG9hZHMvMjAyNS8xMi9iYWl0YS1kZWktc2Fwb3JpLWVzdGVybm8uanBn\"\/>\n\t\t\t\t\t\t<img data-src=\"\/\/chaletalpigiulie.com\/wp-content\/uploads\/2025\/12\/baita-dei-sapori-interno-2.jpg\" data-libid=\"17049\" data-lib=\"medialibrary\" alt=\"baita dei sapori - interno 2\" title=\"baita dei sapori &#8211; interno 2\" width=\"0\" height=\"0\" data-dbsrc=\"Ly9jaGFsZXRhbHBpZ2l1bGllLmNvbS93cC1jb250ZW50L3VwbG9hZHMvMjAyNS8xMi9iYWl0YS1kZWktc2Fwb3JpLWludGVybm8tMi5qcGc=\"\/>\n\t\t\t\t\t\t<img data-src=\"\/\/chaletalpigiulie.com\/wp-content\/uploads\/2025\/12\/baita-dei-sapori-interno-1.jpg\" data-libid=\"17048\" data-lib=\"medialibrary\" alt=\"baita dei sapori - interno 1\" title=\"baita dei sapori &#8211; interno 1\" width=\"0\" height=\"0\" data-dbsrc=\"Ly9jaGFsZXRhbHBpZ2l1bGllLmNvbS93cC1jb250ZW50L3VwbG9hZHMvMjAyNS8xMi9iYWl0YS1kZWktc2Fwb3JpLWludGVybm8tMS5qcGc=\"\/>\n\t\t\t\t\t<\/image_lists>\n\t\t\t\t<\/sr7-module>\n\t\t\t\t<script>\n\t\t\t\t\tSR7.PMH ??={}; SR7.PMH[\"SR7_3_1\"] = {cn:100,state:false,fn: function() { if (_tpt!==undefined && _tpt.prepareModuleHeight !== undefined) {  _tpt.prepareModuleHeight({id:\"SR7_3_1\",el:[885,885,768,600,420],type:'standard',shdw:'0',gh:[885,885,768,600,420],gw:[1920,1920,1024,778,480],vpt:['-200px&#039;,&#039;-200px&#039;,&#039;-200px&#039;,&#039;-200px&#039;,&#039;-200px'],size:{fullWidth:false, fullHeight:false},mh:'0',onh:0,onw:0,bg:{color:'{\"orig\":\"transparent\",\"type\":\"solid\",\"string\":\"transparent\"}'},plType:'0',plColor:'#FFFFFF'});   SR7.PMH[\"SR7_3_1\"].state=true;} else if(SR7.PMH[\"SR7_3_1\"].cn-->0)\tsetTimeout( SR7.PMH[\"SR7_3_1\"].fn,19);}};SR7.PMH[\"SR7_3_1\" ].fn();\n\t\t\t\t<\/script>\n<\/div>\n<\/div><\/div>\n<\/div>\n<\/div>\n<\/div>\n<\/div>\n<\/div>\n<div id=\"cmsmasters_row_29c43b215b\" class=\"cmsmasters_row cmsmasters_color_scheme_default cmsmasters_row_top_default cmsmasters_row_bot_default cmsmasters_row_fullwidth\">\n<div class=\"cmsmasters_row_outer_parent\">\n<div class=\"cmsmasters_row_outer\">\n<div class=\"cmsmasters_row_inner cmsmasters_row_fullwidth cmsmasters_row_no_margin\">\n<div class=\"cmsmasters_row_margin cmsmasters_row_columns_behavior\">\n<div id=\"cmsmasters_column_24ddda560b\" class=\"cmsmasters_column one_half\">\n<div class=\"cmsmasters_column_inner\"><div id=\"cmsmasters_fb_aeb824ab39\" class=\"cmsmasters_featured_block\">\n<div class=\"featured_block_inner\">\n<div class=\"featured_block_text\">\n<div class=\"cmsmasters_heading\" style=\"text-align: center;\"><div id=\"cmsmasters_heading_c91fc928e0\" class=\"cmsmasters_heading_wrap cmsmasters_heading_align_center\">\n\t<h3 class=\"cmsmasters_heading\">Ferien<\/h3>\n<\/div><div id=\"cmsmasters_heading_da9e214125\" class=\"cmsmasters_heading_wrap cmsmasters_heading_align_center\">\n\t<h2 class=\"cmsmasters_heading\">voller Genuss!<\/h2>\n<\/div><\/div>\n<p style=\"text-align: center;\"><span style=\"color: #6a6a6a; font-size: 20px; line-height: 28px;\">Zweifellos ist die \u201e<strong>Baita dei Sapori<\/strong>\u201c eines der typischsten und beliebtesten Restaurants der Region Tarvis.<br \/>\nDie Atmosph\u00e4re ist warm und gem\u00fctlich und das Ambiente eine gelungene Kombination von verschiedenen gem\u00fctlichen Ecken, wie zum Beispiel die netten Stuben mit Verkleidungen aus urigen Holzteilen, der typische handgemachte Wandofen und die einmalig sch\u00f6nen R\u00e4ume, beispielsweise der grossz\u00fcgige Mansardenspeisesaal &#8230;<br \/>\nDie \u201e<strong>Baita dei Sapori<\/strong>\u201c bietet einen freundlichen und professionellen Service. Zur Auswahl stehen lokale Spezialit\u00e4ten aber auch vieles andere mehr \u2026 Hier werden klassische Gerichte aus der Region, wie Polenta e frico und Cjalcons (k\u00f6stliche mit Kr\u00e4utersauce \u00fcbergossene, gef\u00fcllte Nudeln) oder kr\u00e4ftige Pilz-, Gersten- und Bohnensuppen gekocht, die dann in Varianten, je nach traditionellem Rezept, zubereitet werden.<br \/>\nDas Restaurant wird als Familienbetrieb vom Ehepaar Lidia und Virgilio bewirtschaftet. Unsere G\u00e4ste haben die M\u00f6glichkeit, auf die Dienste des Restaurants zur\u00fcck zu greifen und k\u00f6nnen das Fr\u00fchst\u00fcck und die Halbpensionsverpflegung (gegen Bezahlung) hier einnehmen.<br \/>\nBei vorzeitiger Reservierung stellt die \u201e<strong>Baita dei Sapori<\/strong>\u201c auch thematische Fischabendessen zur Verf\u00fcgung.<\/span><\/p>\n<p style=\"text-align: center;\"><strong>La Baita dei Sapori<\/strong><br \/>\nVia Saisera S.N., Loc. Valbruna, 33010 Malborghetto-Valbruna (UD)<br \/>\n<a href=\"http:\/\/www.labaitadeisapori.com\" target=\"_blank\" rel=\"noopener\">www.labaitadeisapori.com<\/a><br \/>\ninfo@labaitadeisapori.com<br \/>\nTelefon 0428 -660493<br \/>\nMittwochs Ruhetag<\/p>\n\n<\/div>\n<\/div>\n<\/div>\n<\/div><\/div>\n<div id=\"cmsmasters_column_e02e0930e3\" class=\"cmsmasters_column one_half\">\n<div class=\"cmsmasters_column_inner\"><\/div><\/div>\n<\/div>\n<\/div>\n<\/div>\n<\/div>\n<\/div>\n<div id=\"cmsmasters_row_1d4c30e4d6\" class=\"cmsmasters_row cmsmasters_color_scheme_default cmsmasters_row_top_default cmsmasters_row_bot_default cmsmasters_row_fullwidth\">\n<div class=\"cmsmasters_row_outer_parent\">\n<div class=\"cmsmasters_row_outer\">\n<div class=\"cmsmasters_row_inner cmsmasters_row_fullwidth cmsmasters_row_no_margin\">\n<div class=\"cmsmasters_row_margin cmsmasters_row_columns_behavior\">\n<div id=\"cmsmasters_column_90e1320cfd\" class=\"cmsmasters_column one_half\">\n<div class=\"cmsmasters_column_inner\"><\/div><\/div>\n<div id=\"cmsmasters_column_652e776471\" class=\"cmsmasters_column one_half\">\n<div class=\"cmsmasters_column_inner\"><div id=\"cmsmasters_fb_a0efbc8f41\" class=\"cmsmasters_featured_block\">\n<div class=\"featured_block_inner\">\n<div class=\"featured_block_text\">\n<div class=\"cmsmasters_heading\" style=\"text-align: center;\"><div id=\"cmsmasters_heading_90459666ce\" class=\"cmsmasters_heading_wrap cmsmasters_heading_align_center\">\n\t<h3 class=\"cmsmasters_heading\">Gaumen<\/h3>\n<\/div><div id=\"cmsmasters_heading_ecc347d859\" class=\"cmsmasters_heading_wrap cmsmasters_heading_align_center\">\n\t<h2 class=\"cmsmasters_heading\">verw\u00f6hnen!<\/h2>\n<\/div><\/div>\n<p style=\"text-align: center;\"><span style=\"color: #6a6a6a; font-size: 20px; line-height: 28px;\">Ein Tipp: kombinieren Sie Ihren Aufenthalt im Alpi Giulie Chalet Resort mit einer spannenden gastronomischen Reise durch Friaul Julisch-Venetien und entdecken Sie die gastronomischen Schwerpunkte unserer Gegend und der angrenzenden L\u00e4nder und Regionen! Zum Beispiel in den gastronomischen Betrieben, die sich an die Slow Food Vision angeschlossen haben oder den vielen Bio Almgastwirtschaften mit ihren geschmackvollen K\u00f6stlichkeiten&#8230;<\/span><\/p>\n<p>Sie k\u00f6nnen aber selbstverst\u00e4ndlich Ihrem Urlaub mit Schwerpunkt Kulinarik auch in der Intimit\u00e4t Ihrer Chaletk\u00fcche freien Platz geben, die \u2013 dank ihrer perfekten Vollausstattung \u2013 all Ihre Kochanspr\u00fcche erf\u00fcllen wird!<div id=\"cmsmasters_heading_062f4b13ba\" class=\"cmsmasters_heading_wrap cmsmasters_heading_align_center\">\n\t<h4 class=\"cmsmasters_heading\"><a href=\"http:\/\/chaletalpigiulie.com\/gastronomia\/\">Essen in Tarvis und Umgebung<\/a><\/h4>\n<\/div>\n\n<\/div>\n<\/div>\n<\/div>\n<\/div><\/div>\n<\/div>\n<\/div>\n<\/div>\n<\/div>\n<\/div>\n\n","protected":false},"excerpt":{"rendered":"","protected":false},"author":1,"featured_media":0,"parent":0,"menu_order":0,"comment_status":"closed","ping_status":"closed","template":"","meta":{"footnotes":""},"class_list":["post-17630","page","type-page","status-publish","hentry"],"publishpress_future_action":{"enabled":false,"date":"2026-04-24 05:20:47","action":"change-status","newStatus":"draft","terms":[],"taxonomy":"translation_priority","extraData":[]},"publishpress_future_workflow_manual_trigger":{"enabledWorkflows":[]},"_links":{"self":[{"href":"https:\/\/chaletalpigiulie.com\/de\/wp-json\/wp\/v2\/pages\/17630","targetHints":{"allow":["GET"]}}],"collection":[{"href":"https:\/\/chaletalpigiulie.com\/de\/wp-json\/wp\/v2\/pages"}],"about":[{"href":"https:\/\/chaletalpigiulie.com\/de\/wp-json\/wp\/v2\/types\/page"}],"author":[{"embeddable":true,"href":"https:\/\/chaletalpigiulie.com\/de\/wp-json\/wp\/v2\/users\/1"}],"replies":[{"embeddable":true,"href":"https:\/\/chaletalpigiulie.com\/de\/wp-json\/wp\/v2\/comments?post=17630"}],"version-history":[{"count":8,"href":"https:\/\/chaletalpigiulie.com\/de\/wp-json\/wp\/v2\/pages\/17630\/revisions"}],"predecessor-version":[{"id":17639,"href":"https:\/\/chaletalpigiulie.com\/de\/wp-json\/wp\/v2\/pages\/17630\/revisions\/17639"}],"wp:attachment":[{"href":"https:\/\/chaletalpigiulie.com\/de\/wp-json\/wp\/v2\/media?parent=17630"}],"curies":[{"name":"wp","href":"https:\/\/api.w.org\/{rel}","templated":true}]}}