{"id":17643,"date":"2025-12-08T19:50:41","date_gmt":"2025-12-08T18:50:41","guid":{"rendered":"http:\/\/chaletalpigiulie.com\/orto-delle-officinali\/"},"modified":"2026-02-02T00:52:45","modified_gmt":"2026-02-01T23:52:45","slug":"orto-delle-officinali","status":"publish","type":"page","link":"https:\/\/chaletalpigiulie.com\/de\/orto-delle-officinali\/","title":{"rendered":"Der Kr\u00e4utergarten"},"content":{"rendered":"<div id=\"cmsmasters_row_2375c7f785\" class=\"cmsmasters_row cmsmasters_color_scheme_default cmsmasters_row_top_default cmsmasters_row_bot_default cmsmasters_row_boxed\">\n<div class=\"cmsmasters_row_outer_parent\">\n<div class=\"cmsmasters_row_outer\">\n<div class=\"cmsmasters_row_inner\">\n<div class=\"cmsmasters_row_margin\">\n<div id=\"cmsmasters_column_cdddf24f42\" class=\"cmsmasters_column one_first\">\n<div class=\"cmsmasters_column_inner\"><p><\/p>\n<\/div><\/div>\n<\/div>\n<\/div>\n<\/div>\n<\/div>\n<\/div>\n<div id=\"cmsmasters_row_3134339493\" class=\"cmsmasters_row cmsmasters_color_scheme_default cmsmasters_row_top_default cmsmasters_row_bot_default cmsmasters_row_fullwidth\">\n<div class=\"cmsmasters_row_outer_parent\">\n<div class=\"cmsmasters_row_outer\">\n<div class=\"cmsmasters_row_inner cmsmasters_row_fullwidth\">\n<div class=\"cmsmasters_row_margin\">\n<div id=\"cmsmasters_column_b8c40e5d6e\" class=\"cmsmasters_column one_first\">\n<div class=\"cmsmasters_column_inner\">\n<div class=\"cmsmasters_slider\">\n\t\t\t\t<p class=\"rs-p-wp-fix\"><\/p>\n\t\t\t\t<sr7-module data-alias=\"baita-dei-sapori-1\" data-id=\"4\" id=\"SR7_4_1\" class=\"rs-ov-hidden\" data-version=\"6.7.38\">\n\t\t\t\t\t<sr7-adjuster><\/sr7-adjuster>\n\t\t\t\t\t<sr7-content>\n\t\t\t\t\t\t<sr7-slide id=\"SR7_4_1-62\" data-key=\"62\">\n\t\t\t\t\t\t\t<sr7-bg id=\"SR7_4_1-62-3\" class=\"sr7-layer\"><noscript><img decoding=\"async\" src=\"http:\/\/chaletalpigiulie.com\/wp-content\/uploads\/2025\/12\/orto-delle-officinali-3.jpg\" alt=\"orto delle officinali - 3\" title=\"orto delle officinali &#8211; 3\"><\/noscript><\/sr7-bg>\n\t\t\t\t\t\t\t<h6 id=\"SR7_4_1-62-1\" class=\"sr7-layer\">DER KR\u00c4UTERGARTEN<\/h6>\n\t\t\t\t\t\t\t<sr7-txt id=\"SR7_4_1-62-2\" class=\"sr7-layer\">Der Farben- und Duftgarten<\/sr7-txt>\n\t\t\t\t\t\t<\/sr7-slide>\n\t\t\t\t\t\t<sr7-slide id=\"SR7_4_1-63\" data-key=\"63\">\n\t\t\t\t\t\t\t<sr7-bg id=\"SR7_4_1-63-3\" class=\"sr7-layer\"><noscript><img decoding=\"async\" src=\"http:\/\/chaletalpigiulie.com\/wp-content\/uploads\/2025\/12\/orto-delle-officinali-2.jpg\" alt=\"orto delle officinali - 2\" title=\"orto delle officinali &#8211; 2\"><\/noscript><\/sr7-bg>\n\t\t\t\t\t\t\t<h6 id=\"SR7_4_1-63-1\" class=\"sr7-layer\">DER KR\u00c4UTERGARTEN<\/h6>\n\t\t\t\t\t\t\t<sr7-txt id=\"SR7_4_1-63-2\" class=\"sr7-layer\">Der Farben- und Duftgarten<\/sr7-txt>\n\t\t\t\t\t\t<\/sr7-slide>\n\t\t\t\t\t\t<sr7-slide id=\"SR7_4_1-64\" data-key=\"64\">\n\t\t\t\t\t\t\t<sr7-bg id=\"SR7_4_1-64-5\" class=\"sr7-layer\"><noscript><img decoding=\"async\" src=\"http:\/\/chaletalpigiulie.com\/wp-content\/uploads\/2025\/12\/orto-delle-officinali-1.jpg\" alt=\"orto delle officinali - 1\" title=\"orto delle officinali &#8211; 1\"><\/noscript><\/sr7-bg>\n\t\t\t\t\t\t\t<h6 id=\"SR7_4_1-64-1\" class=\"sr7-layer\">DER KR\u00c4UTERGARTEN<\/h6>\n\t\t\t\t\t\t\t<sr7-txt id=\"SR7_4_1-64-2\" class=\"sr7-layer\">Der Farben- und Duftgarten<\/sr7-txt>\n\t\t\t\t\t\t\t<a id=\"SR7_4_1-64-4\" class=\"sr7-layer\" href=\"https:\/\/hotel-lux.cmsmasters.studio\/demo\/rooms-slider\/\" target=\"_blank\" rel=\"noopener\">ROOMS & SUITES<\/a>\n\t\t\t\t\t\t<\/sr7-slide>\n\t\t\t\t\t\t<sr7-slide id=\"SR7_4_1-15\" data-key=\"15\">\n\t\t\t\t\t\t<\/sr7-slide>\n\t\t\t\t\t<\/sr7-content>\n\t\t\t\t\t<image_lists style=\"display:none\">\n\t\t\t\t\t\t<img data-src=\"\/\/chaletalpigiulie.com\/wp-content\/uploads\/2025\/12\/orto-delle-officinali-3.jpg\" data-libid=\"17061\" data-lib=\"medialibrary\" alt=\"orto delle officinali - 3\" title=\"orto delle officinali &#8211; 3\" width=\"0\" height=\"0\" data-dbsrc=\"Ly9jaGFsZXRhbHBpZ2l1bGllLmNvbS93cC1jb250ZW50L3VwbG9hZHMvMjAyNS8xMi9vcnRvLWRlbGxlLW9mZmljaW5hbGktMy5qcGc=\"\/>\n\t\t\t\t\t\t<img data-src=\"\/\/chaletalpigiulie.com\/wp-content\/uploads\/2025\/12\/orto-delle-officinali-1.jpg\" data-libid=\"17063\" data-lib=\"medialibrary\" alt=\"orto delle officinali - 1\" title=\"orto delle officinali &#8211; 1\" width=\"0\" height=\"0\" data-dbsrc=\"Ly9jaGFsZXRhbHBpZ2l1bGllLmNvbS93cC1jb250ZW50L3VwbG9hZHMvMjAyNS8xMi9vcnRvLWRlbGxlLW9mZmljaW5hbGktMS5qcGc=\"\/>\n\t\t\t\t\t\t<img data-src=\"\/\/chaletalpigiulie.com\/wp-content\/uploads\/2025\/12\/orto-delle-officinali-2.jpg\" data-libid=\"17062\" data-lib=\"medialibrary\" alt=\"orto delle officinali - 2\" title=\"orto delle officinali &#8211; 2\" width=\"0\" height=\"0\" data-dbsrc=\"Ly9jaGFsZXRhbHBpZ2l1bGllLmNvbS93cC1jb250ZW50L3VwbG9hZHMvMjAyNS8xMi9vcnRvLWRlbGxlLW9mZmljaW5hbGktMi5qcGc=\"\/>\n\t\t\t\t\t<\/image_lists>\n\t\t\t\t<\/sr7-module>\n\t\t\t\t<script>\n\t\t\t\t\tSR7.PMH ??={}; SR7.PMH[\"SR7_4_1\"] = {cn:100,state:false,fn: function() { if (_tpt!==undefined && _tpt.prepareModuleHeight !== undefined) {  _tpt.prepareModuleHeight({id:\"SR7_4_1\",el:[885,885,768,600,420],type:'standard',shdw:'0',gh:[885,885,768,600,420],gw:[1920,1920,1024,778,480],vpt:['-200px&#039;,&#039;-200px&#039;,&#039;-200px&#039;,&#039;-200px&#039;,&#039;-200px'],size:{fullWidth:false, fullHeight:false},mh:'0',onh:0,onw:0,bg:{color:'{\"orig\":\"transparent\",\"type\":\"solid\",\"string\":\"transparent\"}'},plType:'0',plColor:'#FFFFFF'});   SR7.PMH[\"SR7_4_1\"].state=true;} else if(SR7.PMH[\"SR7_4_1\"].cn-->0)\tsetTimeout( SR7.PMH[\"SR7_4_1\"].fn,19);}};SR7.PMH[\"SR7_4_1\" ].fn();\n\t\t\t\t<\/script>\n<\/div>\n<\/div><\/div>\n<\/div>\n<\/div>\n<\/div>\n<\/div>\n<\/div>\n<div id=\"cmsmasters_row_29c43b215b\" class=\"cmsmasters_row cmsmasters_color_scheme_default cmsmasters_row_top_default cmsmasters_row_bot_default cmsmasters_row_fullwidth\">\n<div class=\"cmsmasters_row_outer_parent\">\n<div class=\"cmsmasters_row_outer\">\n<div class=\"cmsmasters_row_inner cmsmasters_row_fullwidth cmsmasters_row_no_margin\">\n<div class=\"cmsmasters_row_margin cmsmasters_row_columns_behavior\">\n<div id=\"cmsmasters_column_24ddda560b\" class=\"cmsmasters_column one_half\">\n<div class=\"cmsmasters_column_inner\"><div id=\"cmsmasters_fb_aeb824ab39\" class=\"cmsmasters_featured_block\">\n<div class=\"featured_block_inner\">\n<div class=\"featured_block_text\">\n<div class=\"cmsmasters_heading\" style=\"text-align: center;\"><div id=\"cmsmasters_heading_c91fc928e0\" class=\"cmsmasters_heading_wrap cmsmasters_heading_align_center\">\n\t<h3 class=\"cmsmasters_heading\">Farben-<\/h3>\n<\/div><div id=\"cmsmasters_heading_da9e214125\" class=\"cmsmasters_heading_wrap cmsmasters_heading_align_center\">\n\t<h2 class=\"cmsmasters_heading\">und Duftgarten<\/h2>\n<\/div><\/div>\n<p style=\"text-align: center;\"><span style=\"color: #6a6a6a; font-size: 20px; line-height: 28px;\">Entstanden ist unser \u201e<strong>Kr\u00e4utergarten<\/strong>\u201c aus der Leidenschaft von Sabina f\u00fcr Gew\u00fcrz- und Heilkr\u00e4uter. Ein feiner, farbig prachtvoller und herrlich duftender Kr\u00e4utergarten, wo man gew\u00f6hnliche aber auch seltene Kr\u00e4uter bewundern kann, die mit pr\u00e4ziser wissenschaftlicher Genauigkeit aufgeteilt und katalogisiert sind. Verschiedene Sorten von Thymian, Salbei, Origano, Majoran, Basilikum, Schnittkr\u00e4utern, essbaren Blumen und essbaren Wildkr\u00e4utern, Heilkr\u00e4utern und vielen anderen mehr, kr\u00f6nen das Gesamtbild unserer Anlage.<\/span><\/p>\n<p style=\"text-align: center;\"><span style=\"color: #6a6a6a; font-size: 20px; line-height: 28px;\">So k\u00f6nnen Sie wunderbar duftende Kr\u00e4uterstr\u00e4u\u00dfe binden und sie in Ihr Chalet mitnehmen, damit Ihre Gerichte mit Farben und D\u00fcften noch mehr zur Geltung kommen. Sie k\u00f6nnen daraus auch Kr\u00e4utertees zubereiten oder mit farbigen Blumenstr\u00e4u\u00dfen das Innere des Chalets versch\u00f6nern.<\/span><\/p>\n\n<\/div>\n<\/div>\n<\/div>\n<\/div><\/div>\n<div id=\"cmsmasters_column_e02e0930e3\" class=\"cmsmasters_column one_half\">\n<div class=\"cmsmasters_column_inner\"><\/div><\/div>\n<\/div>\n<\/div>\n<\/div>\n<\/div>\n<\/div>\n\n","protected":false},"excerpt":{"rendered":"","protected":false},"author":1,"featured_media":0,"parent":0,"menu_order":0,"comment_status":"closed","ping_status":"closed","template":"","meta":{"footnotes":""},"class_list":["post-17643","page","type-page","status-publish","hentry"],"publishpress_future_action":{"enabled":false,"date":"2026-04-24 05:23:30","action":"change-status","newStatus":"draft","terms":[],"taxonomy":"translation_priority","extraData":[]},"publishpress_future_workflow_manual_trigger":{"enabledWorkflows":[]},"_links":{"self":[{"href":"https:\/\/chaletalpigiulie.com\/de\/wp-json\/wp\/v2\/pages\/17643","targetHints":{"allow":["GET"]}}],"collection":[{"href":"https:\/\/chaletalpigiulie.com\/de\/wp-json\/wp\/v2\/pages"}],"about":[{"href":"https:\/\/chaletalpigiulie.com\/de\/wp-json\/wp\/v2\/types\/page"}],"author":[{"embeddable":true,"href":"https:\/\/chaletalpigiulie.com\/de\/wp-json\/wp\/v2\/users\/1"}],"replies":[{"embeddable":true,"href":"https:\/\/chaletalpigiulie.com\/de\/wp-json\/wp\/v2\/comments?post=17643"}],"version-history":[{"count":3,"href":"https:\/\/chaletalpigiulie.com\/de\/wp-json\/wp\/v2\/pages\/17643\/revisions"}],"predecessor-version":[{"id":17647,"href":"https:\/\/chaletalpigiulie.com\/de\/wp-json\/wp\/v2\/pages\/17643\/revisions\/17647"}],"wp:attachment":[{"href":"https:\/\/chaletalpigiulie.com\/de\/wp-json\/wp\/v2\/media?parent=17643"}],"curies":[{"name":"wp","href":"https:\/\/api.w.org\/{rel}","templated":true}]}}