{"id":17650,"date":"2025-12-08T20:19:27","date_gmt":"2025-12-08T19:19:27","guid":{"rendered":"http:\/\/chaletalpigiulie.com\/servizi\/"},"modified":"2026-02-03T16:55:58","modified_gmt":"2026-02-03T15:55:58","slug":"servizi","status":"publish","type":"page","link":"https:\/\/chaletalpigiulie.com\/de\/servizi\/","title":{"rendered":"Unsere Dienstleistungen"},"content":{"rendered":"<div id=\"cmsmasters_row_2375c7f785\" class=\"cmsmasters_row cmsmasters_color_scheme_default cmsmasters_row_top_default cmsmasters_row_bot_default cmsmasters_row_boxed\">\n<div class=\"cmsmasters_row_outer_parent\">\n<div class=\"cmsmasters_row_outer\">\n<div class=\"cmsmasters_row_inner\">\n<div class=\"cmsmasters_row_margin\">\n<div id=\"cmsmasters_column_cdddf24f42\" class=\"cmsmasters_column one_first\">\n<div class=\"cmsmasters_column_inner\"><p><\/p>\n<\/div><\/div>\n<\/div>\n<\/div>\n<\/div>\n<\/div>\n<\/div>\n<div id=\"cmsmasters_row_3134339493\" class=\"cmsmasters_row cmsmasters_color_scheme_default cmsmasters_row_top_default cmsmasters_row_bot_default cmsmasters_row_fullwidth\">\n<div class=\"cmsmasters_row_outer_parent\">\n<div class=\"cmsmasters_row_outer\">\n<div class=\"cmsmasters_row_inner cmsmasters_row_fullwidth\">\n<div class=\"cmsmasters_row_margin\">\n<div id=\"cmsmasters_column_b8c40e5d6e\" class=\"cmsmasters_column one_first\">\n<div class=\"cmsmasters_column_inner\">\n<div class=\"cmsmasters_slider\">\n\t\t\t\t<p class=\"rs-p-wp-fix\"><\/p>\n\t\t\t\t<sr7-module data-alias=\"orto-delle-officinali-1\" data-id=\"5\" id=\"SR7_5_1\" class=\"rs-ov-hidden\" data-version=\"6.7.38\">\n\t\t\t\t\t<sr7-adjuster><\/sr7-adjuster>\n\t\t\t\t\t<sr7-content>\n\t\t\t\t\t\t<sr7-slide id=\"SR7_5_1-16\" data-key=\"16\">\n\t\t\t\t\t\t\t<sr7-bg id=\"SR7_5_1-16-3\" class=\"sr7-layer\"><noscript><img decoding=\"async\" src=\"http:\/\/chaletalpigiulie.com\/wp-content\/uploads\/2025\/12\/Foto05-DSC_0370.jpg\" alt=\"Piccoli Piaceri - Tavolo\" title=\"Piccoli Piaceri &#8211; Tavolo\"><\/noscript><\/sr7-bg>\n\t\t\t\t\t\t\t<h6 id=\"SR7_5_1-16-1\" class=\"sr7-layer\">I NOSTRI SERVIZI<\/h6>\n\t\t\t\t\t\t\t<sr7-txt id=\"SR7_5_1-16-2\" class=\"sr7-layer\">Il vostro benessere ci sta a cuore<\/sr7-txt>\n\t\t\t\t\t\t<\/sr7-slide>\n\t\t\t\t\t\t<sr7-slide id=\"SR7_5_1-84\" data-key=\"84\">\n\t\t\t\t\t\t\t<sr7-bg id=\"SR7_5_1-84-3\" class=\"sr7-layer\"><noscript><img decoding=\"async\" src=\"http:\/\/chaletalpigiulie.com\/wp-content\/uploads\/2026\/02\/Colazione-1.jpg\" alt=\"\" title=\"Colazione 1\"><\/noscript><\/sr7-bg>\n\t\t\t\t\t\t\t<h6 id=\"SR7_5_1-84-1\" class=\"sr7-layer\">I NOSTRI SERVIZI<\/h6>\n\t\t\t\t\t\t\t<sr7-txt id=\"SR7_5_1-84-2\" class=\"sr7-layer\">Il vostro benessere ci sta a cuore<\/sr7-txt>\n\t\t\t\t\t\t<\/sr7-slide>\n\t\t\t\t\t\t<sr7-slide id=\"SR7_5_1-19\" data-key=\"19\">\n\t\t\t\t\t\t<\/sr7-slide>\n\t\t\t\t\t<\/sr7-content>\n\t\t\t\t\t<image_lists style=\"display:none\">\n\t\t\t\t\t\t<img data-src=\"\/\/chaletalpigiulie.com\/wp-content\/uploads\/2025\/12\/Foto05-DSC_0370.jpg\" data-libid=\"17011\" data-lib=\"medialibrary\" alt=\"Piccoli Piaceri - Tavolo\" title=\"Piccoli Piaceri &#8211; Tavolo\" width=\"0\" height=\"0\" data-dbsrc=\"Ly9jaGFsZXRhbHBpZ2l1bGllLmNvbS93cC1jb250ZW50L3VwbG9hZHMvMjAyNS8xMi9Gb3RvMDUtRFNDXzAzNzAuanBn\"\/>\n\t\t\t\t\t\t<img data-src=\"\/\/chaletalpigiulie.com\/wp-content\/uploads\/2025\/12\/orto-delle-officinali-1.jpg\" data-libid=\"17063\" data-lib=\"medialibrary\" alt=\"orto delle officinali - 1\" title=\"orto delle officinali &#8211; 1\" width=\"0\" height=\"0\" data-dbsrc=\"Ly9jaGFsZXRhbHBpZ2l1bGllLmNvbS93cC1jb250ZW50L3VwbG9hZHMvMjAyNS8xMi9vcnRvLWRlbGxlLW9mZmljaW5hbGktMS5qcGc=\"\/>\n\t\t\t\t\t\t<img data-src=\"\/\/chaletalpigiulie.com\/wp-content\/uploads\/2025\/12\/orto-delle-officinali-2.jpg\" data-libid=\"17062\" data-lib=\"medialibrary\" alt=\"orto delle officinali - 2\" title=\"orto delle officinali &#8211; 2\" width=\"0\" height=\"0\" data-dbsrc=\"Ly9jaGFsZXRhbHBpZ2l1bGllLmNvbS93cC1jb250ZW50L3VwbG9hZHMvMjAyNS8xMi9vcnRvLWRlbGxlLW9mZmljaW5hbGktMi5qcGc=\"\/>\n\t\t\t\t\t\t<img data-src=\"\/\/chaletalpigiulie.com\/wp-content\/uploads\/2026\/02\/Colazione-1.jpg\" data-libid=\"17737\" data-lib=\"medialibrary\" title=\"Colazione 1\" width=\"0\" height=\"0\" data-dbsrc=\"Ly9jaGFsZXRhbHBpZ2l1bGllLmNvbS93cC1jb250ZW50L3VwbG9hZHMvMjAyNi8wMi9Db2xhemlvbmUtMS5qcGc=\"\/>\n\t\t\t\t\t<\/image_lists>\n\t\t\t\t<\/sr7-module>\n\t\t\t\t<script>\n\t\t\t\t\tSR7.PMH ??={}; SR7.PMH[\"SR7_5_1\"] = {cn:100,state:false,fn: function() { if (_tpt!==undefined && _tpt.prepareModuleHeight !== undefined) {  _tpt.prepareModuleHeight({id:\"SR7_5_1\",el:[885,885,768,600,420],type:'standard',shdw:'0',gh:[885,885,768,600,420],gw:[1920,1920,1024,778,480],vpt:['-200px&#039;,&#039;-200px&#039;,&#039;-200px&#039;,&#039;-200px&#039;,&#039;-200px'],size:{fullWidth:false, fullHeight:false},mh:'0',onh:0,onw:0,bg:{color:'{\"orig\":\"transparent\",\"type\":\"solid\",\"string\":\"transparent\"}'},plType:'0',plColor:'#FFFFFF'});   SR7.PMH[\"SR7_5_1\"].state=true;} else if(SR7.PMH[\"SR7_5_1\"].cn-->0)\tsetTimeout( SR7.PMH[\"SR7_5_1\"].fn,19);}};SR7.PMH[\"SR7_5_1\" ].fn();\n\t\t\t\t<\/script>\n<\/div>\n<\/div><\/div>\n<\/div>\n<\/div>\n<\/div>\n<\/div>\n<\/div>\n<div id=\"cmsmasters_row_b3grnb9esh\" class=\"cmsmasters_row cmsmasters_color_scheme_default cmsmasters_row_top_default cmsmasters_row_bot_default cmsmasters_row_boxed\">\n<div class=\"cmsmasters_row_outer_parent\">\n<div class=\"cmsmasters_row_outer\">\n<div class=\"cmsmasters_row_inner\">\n<div class=\"cmsmasters_row_margin\">\n<div id=\"cmsmasters_column_4obwm14cdj\" class=\"cmsmasters_column one_first\">\n<div class=\"cmsmasters_column_inner\"><div id=\"cmsmasters_heading_6yjmqehhqg\" class=\"cmsmasters_heading_wrap cmsmasters_heading_align_center\">\n\t<h3 class=\"cmsmasters_heading\">Unsere<\/h3>\n<\/div><div id=\"cmsmasters_heading_on9ekje8y5\" class=\"cmsmasters_heading_wrap cmsmasters_heading_align_center\">\n\t<h2 class=\"cmsmasters_heading\">Dienstleistungen<\/h2>\n<\/div><div id=\"cmsmasters_fb_a0efbc8f41\" class=\"cmsmasters_featured_block\">\n<div class=\"featured_block_inner\">\n<div class=\"featured_block_text\">\n<p style=\"text-align: center;\"><span style=\"color: #6a6a6a; font-size: 20px; line-height: 28px;\">IHR WOHLBEFINDEN LIEGT UNS AM HERZEN<\/span><\/p>\n<p>Das Alpi Giulie Chalet Resort, bietet, obwohl es nicht der Gruppe B&amp;B a Tarvisio geh\u00f6rt, einen kompletten Service mit Fr\u00fchst\u00fcck direkt im Chalet und ein k\u00f6stliches Abendessen in unserem Restaurant an, wobei die Freiheit und die Privacy unserer G\u00e4ste v\u00f6llig bewahrt werden.<\/p>\n\n<\/div>\n<\/div>\n<\/div>\n<\/div><\/div>\n<\/div>\n<\/div>\n<\/div>\n<\/div>\n<\/div>\n<div id=\"cmsmasters_row_29c43b215b\" class=\"cmsmasters_row cmsmasters_color_scheme_default cmsmasters_row_top_default cmsmasters_row_bot_default cmsmasters_row_fullwidth\">\n<div class=\"cmsmasters_row_outer_parent\">\n<div class=\"cmsmasters_row_outer\">\n<div class=\"cmsmasters_row_inner cmsmasters_row_fullwidth cmsmasters_row_no_margin\">\n<div class=\"cmsmasters_row_margin cmsmasters_row_columns_behavior\">\n<div id=\"cmsmasters_column_24ddda560b\" class=\"cmsmasters_column one_half\">\n<div class=\"cmsmasters_column_inner\"><div id=\"cmsmasters_fb_ddl3d9sws\" class=\"cmsmasters_featured_block\">\n<div class=\"featured_block_inner\">\n<div class=\"featured_block_text\">\n<div class=\"cmsmasters_heading\" style=\"text-align: center;\"><div id=\"cmsmasters_heading_99ptu5po55\" class=\"cmsmasters_heading_wrap cmsmasters_heading_align_center\">\n\t<h3 class=\"cmsmasters_heading\">Im Preis<\/h3>\n<\/div><div id=\"cmsmasters_heading_px0jt4s1yi\" class=\"cmsmasters_heading_wrap cmsmasters_heading_align_center\">\n\t<h2 class=\"cmsmasters_heading\">inbegriffene Dienstleistungen<\/h2>\n<\/div><\/div>\n<ul>\n<li style=\"text-align: center;\">Benutzung der vollausgestatteten K\u00fcche in den Chalets<\/li>\n<li style=\"text-align: center;\">W\u00e4sche f\u00fcr das Chalet (Bettw\u00e4sche und kuschelige Badet\u00fccher, Tischdecke und K\u00fcchenlappen)<\/li>\n<li style=\"text-align: center;\">Satelliten Fernsehen, DVD Spieler<\/li>\n<li style=\"text-align: center;\">Wlan (mit Ausnahme vom Chalets Rauna)<\/li>\n<li style=\"text-align: center;\">Endreinigung<\/li>\n<li style=\"text-align: center;\">Holzofen mit sichtbarer Feuerstelle<\/li>\n<li style=\"text-align: center;\">Benutzung des Holzes f\u00fcr den Ofen<\/li>\n<li style=\"text-align: center;\">kostenloser Parkplatz (nicht \u00fcberwacht)<\/li>\n<li style=\"text-align: center;\">Putzmittel<\/li>\n<\/ul>\n\n<\/div>\n<\/div>\n<\/div>\n<\/div><\/div>\n<div id=\"cmsmasters_column_e02e0930e3\" class=\"cmsmasters_column one_half\">\n<div class=\"cmsmasters_column_inner\"><\/div><\/div>\n<\/div>\n<\/div>\n<\/div>\n<\/div>\n<\/div>\n<div id=\"cmsmasters_row_1d4c30e4d6\" class=\"cmsmasters_row cmsmasters_color_scheme_default cmsmasters_row_top_default cmsmasters_row_bot_default cmsmasters_row_fullwidth\">\n<div class=\"cmsmasters_row_outer_parent\">\n<div class=\"cmsmasters_row_outer\">\n<div class=\"cmsmasters_row_inner cmsmasters_row_fullwidth cmsmasters_row_no_margin\">\n<div class=\"cmsmasters_row_margin cmsmasters_row_columns_behavior\">\n<div id=\"cmsmasters_column_90e1320cfd\" class=\"cmsmasters_column one_half\">\n<div class=\"cmsmasters_column_inner\"><\/div><\/div>\n<div id=\"cmsmasters_column_652e776471\" class=\"cmsmasters_column one_half\">\n<div class=\"cmsmasters_column_inner\"><div id=\"cmsmasters_fb_dledmzqem\" class=\"cmsmasters_featured_block\">\n<div class=\"featured_block_inner\">\n<div class=\"featured_block_text\">\n<div id=\"cmsmasters_heading_99ptu5po55\" class=\"cmsmasters_heading_wrap cmsmasters_heading_align_center\">\n\t<h3 class=\"cmsmasters_heading\">Extra<\/h3>\n<\/div><div id=\"cmsmasters_heading_px0jt4s1yi\" class=\"cmsmasters_heading_wrap cmsmasters_heading_align_center\">\n\t<h2 class=\"cmsmasters_heading\">Dienstleistung auf Anfrage<\/h2>\n<\/div>\n<div>\n<ul>\n<li><strong>Fr\u00fchst\u00fcck<\/strong><br \/>\nAuf Anfrage bieten wir ein Fr\u00fchst\u00fcck zum Mitnehmen, welches direkt vor dem Chalet hingestellt wird, zum Preis von 15\u20ac pro Tag und Person, 9 \u20ac f\u00fcr Kinder im Alter zwischen 2 und 8 Jahren, kostenlos f\u00fcr Kinder bis zu 2 Jahren.<\/li>\n<li><strong>\u00c0-la-carte-Restaurantservice in der <a href=\"http:\/\/chaletalpigiulie.com\/de\/la-baita-dei-sapori\/\">La Baita dei Sapori<\/a> (Ruhetag: Mittwoch).<\/strong><\/li>\n<li><strong>Schi und Fahrradverleih<br \/>\n<\/strong>Im Sommer k\u00f6nnen wir Ihnen geeignete Fahrr\u00e4der f\u00fcr jeden Anspruch zur Verf\u00fcgung stellen (Mountain Bike oder Strassenfahrr\u00e4der): direkt bei Ihrem Chalet, dank unserer Zusammenarbeit mit einem lokalen Bike Verleih Betrieb.<br \/>\nF\u00fcr die Wintersaison k\u00f6nnen wir Ihnen die Schi Ausr\u00fcstung zur Verf\u00fcgung stellen (Alpin Schi und Nordischer Schisport) sowie Schneeschuhe: direkt bei Ihrem Chalet, dank unserer Zusammenarbeit mit einem lokalen Schi Verleih Betrieb.<br \/>\nF\u00fcr weitere Informationen bez\u00fcglich der Preise kontaktieren Sie uns bitte direkt!<\/li>\n<li>Transfer Service zum und vom Flughafen f\u00fcr eine maximale Anzahl von 8 Personen zum Preis von 70 \u20ac f\u00fcr eine Strecke.<\/li>\n<\/ul>\n<\/div>\n<div><\/div>\n\n<\/div>\n<\/div>\n<\/div>\n<\/div><\/div>\n<\/div>\n<\/div>\n<\/div>\n<\/div>\n<\/div>\n\n","protected":false},"excerpt":{"rendered":"","protected":false},"author":1,"featured_media":0,"parent":0,"menu_order":0,"comment_status":"closed","ping_status":"closed","template":"","meta":{"footnotes":""},"class_list":["post-17650","page","type-page","status-publish","hentry"],"publishpress_future_action":{"enabled":false,"date":"2026-04-24 05:16:31","action":"change-status","newStatus":"draft","terms":[],"taxonomy":"translation_priority","extraData":[]},"publishpress_future_workflow_manual_trigger":{"enabledWorkflows":[]},"_links":{"self":[{"href":"https:\/\/chaletalpigiulie.com\/de\/wp-json\/wp\/v2\/pages\/17650","targetHints":{"allow":["GET"]}}],"collection":[{"href":"https:\/\/chaletalpigiulie.com\/de\/wp-json\/wp\/v2\/pages"}],"about":[{"href":"https:\/\/chaletalpigiulie.com\/de\/wp-json\/wp\/v2\/types\/page"}],"author":[{"embeddable":true,"href":"https:\/\/chaletalpigiulie.com\/de\/wp-json\/wp\/v2\/users\/1"}],"replies":[{"embeddable":true,"href":"https:\/\/chaletalpigiulie.com\/de\/wp-json\/wp\/v2\/comments?post=17650"}],"version-history":[{"count":4,"href":"https:\/\/chaletalpigiulie.com\/de\/wp-json\/wp\/v2\/pages\/17650\/revisions"}],"predecessor-version":[{"id":17741,"href":"https:\/\/chaletalpigiulie.com\/de\/wp-json\/wp\/v2\/pages\/17650\/revisions\/17741"}],"wp:attachment":[{"href":"https:\/\/chaletalpigiulie.com\/de\/wp-json\/wp\/v2\/media?parent=17650"}],"curies":[{"name":"wp","href":"https:\/\/api.w.org\/{rel}","templated":true}]}}