{"id":17681,"date":"2026-02-01T16:54:07","date_gmt":"2026-02-01T15:54:07","guid":{"rendered":"http:\/\/chaletalpigiulie.com\/servizi\/romantische-auszeit\/"},"modified":"2026-02-02T19:11:00","modified_gmt":"2026-02-02T18:11:00","slug":"romantische-auszeit","status":"publish","type":"page","link":"https:\/\/chaletalpigiulie.com\/de\/servizi\/romantische-auszeit\/","title":{"rendered":"Romantische Auszeit"},"content":{"rendered":"<div id=\"cmsmasters_row_2375c7f785\" class=\"cmsmasters_row cmsmasters_color_scheme_default cmsmasters_row_top_default cmsmasters_row_bot_default cmsmasters_row_boxed\">\n<div class=\"cmsmasters_row_outer_parent\">\n<div class=\"cmsmasters_row_outer\">\n<div class=\"cmsmasters_row_inner\">\n<div class=\"cmsmasters_row_margin\">\n<div id=\"cmsmasters_column_cdddf24f42\" class=\"cmsmasters_column one_first\">\n<div class=\"cmsmasters_column_inner\"><p><\/p>\n<\/div><\/div>\n<\/div>\n<\/div>\n<\/div>\n<\/div>\n<\/div>\n<div id=\"cmsmasters_row_3134339493\" class=\"cmsmasters_row cmsmasters_color_scheme_default cmsmasters_row_top_default cmsmasters_row_bot_default cmsmasters_row_fullwidth\">\n<div class=\"cmsmasters_row_outer_parent\">\n<div class=\"cmsmasters_row_outer\">\n<div class=\"cmsmasters_row_inner cmsmasters_row_fullwidth\">\n<div class=\"cmsmasters_row_margin\">\n<div id=\"cmsmasters_column_b8c40e5d6e\" class=\"cmsmasters_column one_first\">\n<div class=\"cmsmasters_column_inner\"><div class=\"cmsmasters_slider\">\n\t\t\t\t<p class=\"rs-p-wp-fix\"><\/p>\n\t\t\t\t<sr7-module data-alias=\"servizi-11\" data-id=\"14\" id=\"SR7_14_1\" class=\"rs-ov-hidden\" data-version=\"6.7.38\">\n\t\t\t\t\t<sr7-adjuster><\/sr7-adjuster>\n\t\t\t\t\t<sr7-content>\n\t\t\t\t\t\t<sr7-slide id=\"SR7_14_1-72\" data-key=\"72\">\n\t\t\t\t\t\t\t<sr7-bg id=\"SR7_14_1-72-3\" class=\"sr7-layer\"><noscript><img decoding=\"async\" src=\"http:\/\/chaletalpigiulie.com\/wp-content\/uploads\/2026\/02\/man-and-woman-holding-glasses-of-champagne-and-hug-2026-01-08-06-58-22-utc.jpg\" alt=\"Fuga romantica Alpi Giulie Chalet Resort\" title=\"Fuga romantica Alpi Giulie Chalet Resort\"><\/noscript><\/sr7-bg>\n\t\t\t\t\t\t\t<h6 id=\"SR7_14_1-72-1\" class=\"sr7-layer\">FUGA ROMANTICA<\/h6>\n\t\t\t\t\t\t\t<sr7-txt id=\"SR7_14_1-72-2\" class=\"sr7-layer\">Un weekend speciale a due<\/sr7-txt>\n\t\t\t\t\t\t<\/sr7-slide>\n\t\t\t\t\t\t<sr7-slide id=\"SR7_14_1-76\" data-key=\"76\">\n\t\t\t\t\t\t\t<sr7-bg id=\"SR7_14_1-76-3\" class=\"sr7-layer\"><noscript><img decoding=\"async\" src=\"http:\/\/chaletalpigiulie.com\/wp-content\/uploads\/2026\/02\/Fuga-romantica-1-1920x1080-1.jpg\" alt=\"\" title=\"Fuga romantica 1 1920&#215;1080\"><\/noscript><\/sr7-bg>\n\t\t\t\t\t\t\t<h6 id=\"SR7_14_1-76-1\" class=\"sr7-layer\">FUGA ROMANTICA<\/h6>\n\t\t\t\t\t\t\t<sr7-txt id=\"SR7_14_1-76-2\" class=\"sr7-layer\">Un weekend speciale a due<\/sr7-txt>\n\t\t\t\t\t\t<\/sr7-slide>\n\t\t\t\t\t\t<sr7-slide id=\"SR7_14_1-75\" data-key=\"75\">\n\t\t\t\t\t\t<\/sr7-slide>\n\t\t\t\t\t<\/sr7-content>\n\t\t\t\t\t<image_lists style=\"display:none\">\n\t\t\t\t\t\t<img data-src=\"\/\/chaletalpigiulie.com\/wp-content\/uploads\/2026\/02\/man-and-woman-holding-glasses-of-champagne-and-hug-2026-01-08-06-58-22-utc.jpg\" data-libid=\"17656\" data-lib=\"medialibrary\" alt=\"Fuga romantica Alpi Giulie Chalet Resort\" title=\"Fuga romantica Alpi Giulie Chalet Resort\" width=\"0\" height=\"0\" data-dbsrc=\"Ly9jaGFsZXRhbHBpZ2l1bGllLmNvbS93cC1jb250ZW50L3VwbG9hZHMvMjAyNi8wMi9tYW4tYW5kLXdvbWFuLWhvbGRpbmctZ2xhc3Nlcy1vZi1jaGFtcGFnbmUtYW5kLWh1Zy0yMDI2LTAxLTA4LTA2LTU4LTIyLXV0Yy5qcGc=\"\/>\n\t\t\t\t\t\t<img data-src=\"\/\/chaletalpigiulie.com\/wp-content\/uploads\/2026\/02\/Fuga-romantica-1-1920x1080-1.jpg\" data-libid=\"17660\" data-lib=\"medialibrary\" title=\"Fuga romantica 1 1920&#215;1080\" width=\"0\" height=\"0\" data-dbsrc=\"Ly9jaGFsZXRhbHBpZ2l1bGllLmNvbS93cC1jb250ZW50L3VwbG9hZHMvMjAyNi8wMi9GdWdhLXJvbWFudGljYS0xLTE5MjB4MTA4MC0xLmpwZw==\"\/>\n\t\t\t\t\t<\/image_lists>\n\t\t\t\t<\/sr7-module>\n\t\t\t\t<script>\n\t\t\t\t\tSR7.PMH ??={}; SR7.PMH[\"SR7_14_1\"] = {cn:100,state:false,fn: function() { if (_tpt!==undefined && _tpt.prepareModuleHeight !== undefined) {  _tpt.prepareModuleHeight({id:\"SR7_14_1\",el:[885,885,768,600,420],type:'standard',shdw:'0',gh:[885,885,768,600,420],gw:[1920,1920,1024,778,480],vpt:['-200px&#039;,&#039;-200px&#039;,&#039;-200px&#039;,&#039;-200px&#039;,&#039;-200px'],size:{fullWidth:false, fullHeight:false},mh:'0',onh:0,onw:0,bg:{color:'{\"orig\":\"transparent\",\"type\":\"solid\",\"string\":\"transparent\"}'},plType:'0',plColor:'#FFFFFF'});   SR7.PMH[\"SR7_14_1\"].state=true;} else if(SR7.PMH[\"SR7_14_1\"].cn-->0)\tsetTimeout( SR7.PMH[\"SR7_14_1\"].fn,19);}};SR7.PMH[\"SR7_14_1\" ].fn();\n\t\t\t\t<\/script>\n<\/div>\n<\/div><\/div>\n<\/div>\n<\/div>\n<\/div>\n<\/div>\n<\/div>\n<div id=\"cmsmasters_row_b3grnb9esh\" class=\"cmsmasters_row cmsmasters_color_scheme_default cmsmasters_row_top_default cmsmasters_row_bot_default cmsmasters_row_boxed\">\n<div class=\"cmsmasters_row_outer_parent\">\n<div class=\"cmsmasters_row_outer\">\n<div class=\"cmsmasters_row_inner\">\n<div class=\"cmsmasters_row_margin\">\n<div id=\"cmsmasters_column_4obwm14cdj\" class=\"cmsmasters_column one_first\">\n<div class=\"cmsmasters_column_inner\"><div id=\"cmsmasters_heading_6yjmqehhqg\" class=\"cmsmasters_heading_wrap cmsmasters_heading_align_center\">\n\t<h3 class=\"cmsmasters_heading\">Romantische<\/h3>\n<\/div><div id=\"cmsmasters_heading_on9ekje8y5\" class=\"cmsmasters_heading_wrap cmsmasters_heading_align_center\">\n\t<h2 class=\"cmsmasters_heading\">Auszeit<\/h2>\n<\/div><div id=\"cmsmasters_fb_a0efbc8f41\" class=\"cmsmasters_featured_block\">\n<div class=\"featured_block_inner\">\n<div class=\"featured_block_text\">\n<p style=\"text-align: center;\"><span style=\"color: #6a6a6a; font-size: 20px; line-height: 28px;\">EIN BESONDERES WOCHENENDE ZU ZWEIT<\/span><\/p>\n<p style=\"text-align: center;\">M\u00f6chten Sie Ihren Partner mit einer romantischen Geste \u00fcberraschen?<\/p>\n<p style=\"text-align: center;\">Machen Sie Ihr Wochenende mit dem f\u00fcr Paare konzipierten \u201eRomantische Auszeit\u201c-Set noch besonderer.<\/p>\n\n<\/div>\n<\/div>\n<\/div>\n<\/div><\/div>\n<\/div>\n<\/div>\n<\/div>\n<\/div>\n<\/div>\n<div id=\"cmsmasters_row_29c43b215b\" class=\"cmsmasters_row cmsmasters_color_scheme_default cmsmasters_row_top_default cmsmasters_row_bot_default cmsmasters_row_fullwidth\">\n<div class=\"cmsmasters_row_outer_parent\">\n<div class=\"cmsmasters_row_outer\">\n<div class=\"cmsmasters_row_inner cmsmasters_row_fullwidth cmsmasters_row_no_margin\">\n<div class=\"cmsmasters_row_margin cmsmasters_row_columns_behavior\">\n<div id=\"cmsmasters_column_24ddda560b\" class=\"cmsmasters_column one_half\">\n<div class=\"cmsmasters_column_inner\"><div id=\"cmsmasters_fb_ddl3d9sws\" class=\"cmsmasters_featured_block\">\n<div class=\"featured_block_inner\">\n<div class=\"featured_block_text\">\n<div class=\"cmsmasters_heading\" style=\"text-align: center;\"><div id=\"cmsmasters_heading_99ptu5po55\" class=\"cmsmasters_heading_wrap cmsmasters_heading_align_center\">\n\t<h3 class=\"cmsmasters_heading\">Set<\/h3>\n<\/div><div id=\"cmsmasters_heading_px0jt4s1yi\" class=\"cmsmasters_heading_wrap cmsmasters_heading_align_center\">\n\t<h2 class=\"cmsmasters_heading\">Romantische Auszeit<\/h2>\n<\/div><\/div>\n<p>F\u00fcr alle, die ihren Partner \u00fcberraschen oder sich bewusst Zeit zu zweit schenken m\u00f6chten, haben wir eine besondere Verw\u00f6hnung f\u00fcr das gemeinsame Erleben kreiert.<\/p>\n<p>Eine Flasche friulanischer Schaumwein Ribolla Gialla DOC aus den Weinbergen Pittaro, ein frischer Blumenstrau\u00df, eine Schale mit saftigen Beeren (Blaubeeren, Himbeeren oder Erdbeeren) sowie zwei feine K\u00f6stlichkeiten aus der handwerklichen Manufaktur Puanina Cake Lab in Ugovizza: eine sorgf\u00e4ltig zusammengestellte Auswahl, um eine intime und entspannte Atmosph\u00e4re zu schaffen \u2013 zum bewussten Genie\u00dfen, in aller Ruhe, zwischen der W\u00e4rme des Chalets und der Stille der Berge.<\/p>\n<p>Eine einfache, aber bedeutungsvolle Geste, die den Aufenthalt in eine wertvolle Erinnerung verwandelt. Perfekt f\u00fcr ein Jubil\u00e4um, eine \u00dcberraschung oder um die gemeinsam verbrachte Zeit zu feiern.<\/p>\n<p><strong>PREIS 40\u20ac<\/strong><\/p>\n\n<\/div>\n<\/div>\n<\/div>\n<\/div><\/div>\n<div id=\"cmsmasters_column_e02e0930e3\" class=\"cmsmasters_column one_half\">\n<div class=\"cmsmasters_column_inner\"><\/div><\/div>\n<\/div>\n<\/div>\n<\/div>\n<\/div>\n<\/div>\n\n","protected":false},"excerpt":{"rendered":"","protected":false},"author":1,"featured_media":0,"parent":17650,"menu_order":0,"comment_status":"closed","ping_status":"closed","template":"","meta":{"footnotes":""},"class_list":["post-17681","page","type-page","status-publish","hentry"],"publishpress_future_action":{"enabled":false,"date":"2026-04-24 05:23:57","action":"change-status","newStatus":"draft","terms":[],"taxonomy":"translation_priority","extraData":[]},"publishpress_future_workflow_manual_trigger":{"enabledWorkflows":[]},"_links":{"self":[{"href":"https:\/\/chaletalpigiulie.com\/de\/wp-json\/wp\/v2\/pages\/17681","targetHints":{"allow":["GET"]}}],"collection":[{"href":"https:\/\/chaletalpigiulie.com\/de\/wp-json\/wp\/v2\/pages"}],"about":[{"href":"https:\/\/chaletalpigiulie.com\/de\/wp-json\/wp\/v2\/types\/page"}],"author":[{"embeddable":true,"href":"https:\/\/chaletalpigiulie.com\/de\/wp-json\/wp\/v2\/users\/1"}],"replies":[{"embeddable":true,"href":"https:\/\/chaletalpigiulie.com\/de\/wp-json\/wp\/v2\/comments?post=17681"}],"version-history":[{"count":4,"href":"https:\/\/chaletalpigiulie.com\/de\/wp-json\/wp\/v2\/pages\/17681\/revisions"}],"predecessor-version":[{"id":17687,"href":"https:\/\/chaletalpigiulie.com\/de\/wp-json\/wp\/v2\/pages\/17681\/revisions\/17687"}],"up":[{"embeddable":true,"href":"https:\/\/chaletalpigiulie.com\/de\/wp-json\/wp\/v2\/pages\/17650"}],"wp:attachment":[{"href":"https:\/\/chaletalpigiulie.com\/de\/wp-json\/wp\/v2\/media?parent=17681"}],"curies":[{"name":"wp","href":"https:\/\/api.w.org\/{rel}","templated":true}]}}