{"id":17724,"date":"2026-02-01T17:19:44","date_gmt":"2026-02-01T16:19:44","guid":{"rendered":"http:\/\/chaletalpigiulie.com\/servizi\/cestino-tipico\/"},"modified":"2026-02-03T00:29:26","modified_gmt":"2026-02-02T23:29:26","slug":"typischer-genusskorb","status":"publish","type":"page","link":"https:\/\/chaletalpigiulie.com\/de\/servizi\/typischer-genusskorb\/","title":{"rendered":"Typischer Genusskorb"},"content":{"rendered":"<div id=\"cmsmasters_row_2375c7f785\" class=\"cmsmasters_row cmsmasters_color_scheme_default cmsmasters_row_top_default cmsmasters_row_bot_default cmsmasters_row_boxed\">\n<div class=\"cmsmasters_row_outer_parent\">\n<div class=\"cmsmasters_row_outer\">\n<div class=\"cmsmasters_row_inner\">\n<div class=\"cmsmasters_row_margin\">\n<div id=\"cmsmasters_column_cdddf24f42\" class=\"cmsmasters_column one_first\">\n<div class=\"cmsmasters_column_inner\"><p><\/p>\n<\/div><\/div>\n<\/div>\n<\/div>\n<\/div>\n<\/div>\n<\/div>\n<div id=\"cmsmasters_row_3134339493\" class=\"cmsmasters_row cmsmasters_color_scheme_default cmsmasters_row_top_default cmsmasters_row_bot_default cmsmasters_row_fullwidth\">\n<div class=\"cmsmasters_row_outer_parent\">\n<div class=\"cmsmasters_row_outer\">\n<div class=\"cmsmasters_row_inner cmsmasters_row_fullwidth\">\n<div class=\"cmsmasters_row_margin\">\n<div id=\"cmsmasters_column_b8c40e5d6e\" class=\"cmsmasters_column one_first\">\n<div class=\"cmsmasters_column_inner\">\n<div class=\"cmsmasters_slider\">\n\t\t\t\t<p class=\"rs-p-wp-fix\"><\/p>\n\t\t\t\t<sr7-module data-alias=\"fuga-romantica-1\" data-id=\"15\" id=\"SR7_15_1\" class=\"rs-ov-hidden\" data-version=\"6.7.38\">\n\t\t\t\t\t<sr7-adjuster><\/sr7-adjuster>\n\t\t\t\t\t<sr7-content>\n\t\t\t\t\t\t<sr7-slide id=\"SR7_15_1-77\" data-key=\"77\">\n\t\t\t\t\t\t\t<sr7-bg id=\"SR7_15_1-77-3\" class=\"sr7-layer\"><noscript><img decoding=\"async\" src=\"http:\/\/chaletalpigiulie.com\/wp-content\/uploads\/2026\/02\/Cestino-tipico-2-1920x1080-1.jpg\" alt=\"\" title=\"Cestino tipico 2 1920&#215;1080\"><\/noscript><\/sr7-bg>\n\t\t\t\t\t\t\t<h6 id=\"SR7_15_1-77-1\" class=\"sr7-layer\">CESTINO TIPICO<\/h6>\n\t\t\t\t\t\t\t<sr7-txt id=\"SR7_15_1-77-2\" class=\"sr7-layer\">Un benvenuto dai sapori alpini<\/sr7-txt>\n\t\t\t\t\t\t<\/sr7-slide>\n\t\t\t\t\t\t<sr7-slide id=\"SR7_15_1-78\" data-key=\"78\">\n\t\t\t\t\t\t\t<sr7-bg id=\"SR7_15_1-78-3\" class=\"sr7-layer\"><noscript><img decoding=\"async\" src=\"http:\/\/chaletalpigiulie.com\/wp-content\/uploads\/2026\/02\/picnic-basket-in-a-flowery-meadow-outdoor-dining-2026-01-07-02-20-19-utc.jpg\" alt=\"\" title=\"Cestino tipico Alpi Giulie Chalet Resort\"><\/noscript><\/sr7-bg>\n\t\t\t\t\t\t\t<h6 id=\"SR7_15_1-78-1\" class=\"sr7-layer\">CESTINO TIPICO<\/h6>\n\t\t\t\t\t\t\t<sr7-txt id=\"SR7_15_1-78-2\" class=\"sr7-layer\">Un benvenuto dai sapori alpini<\/sr7-txt>\n\t\t\t\t\t\t<\/sr7-slide>\n\t\t\t\t\t\t<sr7-slide id=\"SR7_15_1-79\" data-key=\"79\">\n\t\t\t\t\t\t<\/sr7-slide>\n\t\t\t\t\t<\/sr7-content>\n\t\t\t\t\t<image_lists style=\"display:none\">\n\t\t\t\t\t\t<img data-src=\"\/\/chaletalpigiulie.com\/wp-content\/uploads\/2026\/02\/Cestino-tipico-2-1920x1080-1.jpg\" data-libid=\"17719\" data-lib=\"medialibrary\" title=\"Cestino tipico 2 1920&#215;1080\" width=\"0\" height=\"0\" data-dbsrc=\"Ly9jaGFsZXRhbHBpZ2l1bGllLmNvbS93cC1jb250ZW50L3VwbG9hZHMvMjAyNi8wMi9DZXN0aW5vLXRpcGljby0yLTE5MjB4MTA4MC0xLmpwZw==\"\/>\n\t\t\t\t\t\t<img data-src=\"\/\/chaletalpigiulie.com\/wp-content\/uploads\/2026\/02\/picnic-basket-in-a-flowery-meadow-outdoor-dining-2026-01-07-02-20-19-utc.jpg\" data-libid=\"17720\" data-lib=\"medialibrary\" title=\"Cestino tipico Alpi Giulie Chalet Resort\" width=\"0\" height=\"0\" data-dbsrc=\"Ly9jaGFsZXRhbHBpZ2l1bGllLmNvbS93cC1jb250ZW50L3VwbG9hZHMvMjAyNi8wMi9waWNuaWMtYmFza2V0LWluLWEtZmxvd2VyeS1tZWFkb3ctb3V0ZG9vci1kaW5pbmctMjAyNi0wMS0wNy0wMi0yMC0xOS11dGMuanBn\"\/>\n\t\t\t\t\t<\/image_lists>\n\t\t\t\t<\/sr7-module>\n\t\t\t\t<script>\n\t\t\t\t\tSR7.PMH ??={}; SR7.PMH[\"SR7_15_1\"] = {cn:100,state:false,fn: function() { if (_tpt!==undefined && _tpt.prepareModuleHeight !== undefined) {  _tpt.prepareModuleHeight({id:\"SR7_15_1\",el:[885,885,768,600,420],type:'standard',shdw:'0',gh:[885,885,768,600,420],gw:[1920,1920,1024,778,480],vpt:['-200px&#039;,&#039;-200px&#039;,&#039;-200px&#039;,&#039;-200px&#039;,&#039;-200px'],size:{fullWidth:false, fullHeight:false},mh:'0',onh:0,onw:0,bg:{color:'{\"orig\":\"transparent\",\"type\":\"solid\",\"string\":\"transparent\"}'},plType:'0',plColor:'#FFFFFF'});   SR7.PMH[\"SR7_15_1\"].state=true;} else if(SR7.PMH[\"SR7_15_1\"].cn-->0)\tsetTimeout( SR7.PMH[\"SR7_15_1\"].fn,19);}};SR7.PMH[\"SR7_15_1\" ].fn();\n\t\t\t\t<\/script>\n<\/div>\n<\/div><\/div>\n<\/div>\n<\/div>\n<\/div>\n<\/div>\n<\/div>\n<div id=\"cmsmasters_row_b3grnb9esh\" class=\"cmsmasters_row cmsmasters_color_scheme_default cmsmasters_row_top_default cmsmasters_row_bot_default cmsmasters_row_boxed\">\n<div class=\"cmsmasters_row_outer_parent\">\n<div class=\"cmsmasters_row_outer\">\n<div class=\"cmsmasters_row_inner\">\n<div class=\"cmsmasters_row_margin\">\n<div id=\"cmsmasters_column_4obwm14cdj\" class=\"cmsmasters_column one_first\">\n<div class=\"cmsmasters_column_inner\"><div id=\"cmsmasters_heading_6yjmqehhqg\" class=\"cmsmasters_heading_wrap cmsmasters_heading_align_center\">\n\t<h3 class=\"cmsmasters_heading\">Typischer<\/h3>\n<\/div><div id=\"cmsmasters_heading_on9ekje8y5\" class=\"cmsmasters_heading_wrap cmsmasters_heading_align_center\">\n\t<h2 class=\"cmsmasters_heading\">Genusskorb<\/h2>\n<\/div><div id=\"cmsmasters_fb_a0efbc8f41\" class=\"cmsmasters_featured_block\">\n<div class=\"featured_block_inner\">\n<div class=\"featured_block_text\">\n<p style=\"text-align: center;\"><span style=\"color: #6a6a6a; font-size: 20px; line-height: 28px;\">EIN WILLKOMMEN AUS DEN ALPINEN GESCHMACKSWELTEN<\/span><\/p>\n<p style=\"text-align: center;\">M\u00f6chten Sie Ihren Urlaub gleich mit den authentischen und urspr\u00fcnglichen Aromen der Region beginnen?<br \/>\nBuchen Sie Ihren typischen Genusskorb.<\/p>\n\n<\/div>\n<\/div>\n<\/div>\n<\/div><\/div>\n<\/div>\n<\/div>\n<\/div>\n<\/div>\n<\/div>\n<div id=\"cmsmasters_row_29c43b215b\" class=\"cmsmasters_row cmsmasters_color_scheme_default cmsmasters_row_top_default cmsmasters_row_bot_default cmsmasters_row_fullwidth\">\n<div class=\"cmsmasters_row_outer_parent\">\n<div class=\"cmsmasters_row_outer\">\n<div class=\"cmsmasters_row_inner cmsmasters_row_fullwidth cmsmasters_row_no_margin\">\n<div class=\"cmsmasters_row_margin cmsmasters_row_columns_behavior\">\n<div id=\"cmsmasters_column_24ddda560b\" class=\"cmsmasters_column one_half\">\n<div class=\"cmsmasters_column_inner\"><div id=\"cmsmasters_fb_ddl3d9sws\" class=\"cmsmasters_featured_block\">\n<div class=\"featured_block_inner\">\n<div class=\"featured_block_text\">\n<div class=\"cmsmasters_heading\" style=\"text-align: center;\"><div id=\"cmsmasters_heading_99ptu5po55\" class=\"cmsmasters_heading_wrap cmsmasters_heading_align_center\">\n\t<h3 class=\"cmsmasters_heading\">Entdecken<\/h3>\n<\/div><div id=\"cmsmasters_heading_px0jt4s1yi\" class=\"cmsmasters_heading_wrap cmsmasters_heading_align_center\">\n\t<h2 class=\"cmsmasters_heading\">den typischen Genusskorb<\/h2>\n<\/div><\/div>\n<p>Wenn Sie den \u201eTypischen Genusskorb\u201c buchen, erwartet Sie bei Ihrer Ankunft im Chalet eine reichhaltige, b\u00e4uerliche Jause \u2013 eine kleine kulinarische Reise durch unsere Heimat, gepr\u00e4gt von authentischen alpinen Aromen.<\/p>\n<p>Jedes Produkt wird sorgf\u00e4ltig von ausgew\u00e4hlten regionalen Erzeugern ausgew\u00e4hlt, die mit Leidenschaft, Hingabe und Liebe echte, traditionelle Spezialit\u00e4ten herstellen.<\/p>\n<p>Im Genusskorb finden Sie:<\/p>\n<ul>\n<li>1 Flasche Cabernet Franc Wein vom Weingut Zorzettig<\/li>\n<li>300 g Montasio DOP Rohmilchk\u00e4se von der Pezzata Rossa Friulana<\/li>\n<li>1 hausgemachte, ger\u00e4ucherte Salami vom Betrieb Lazzara (Paluzza)<\/li>\n<li>1 Packung mit 6 frischen Freilandeiern vom Landwirtschaftsbetrieb Vuerich (Malborghetto)<\/li>\n<li>1 Packung \u00e0 80 g \u201eFricuz\u201c, typischer knuspriger Frico-K\u00e4se von \u201eFriuz\u201c di Beltrame Omar (Resiutta)<\/li>\n<li>1 Packung gemischte Grissini \u00e0 250 g von der B\u00e4ckerei Pugnetti (San Giorgio di Resia)<\/li>\n<li>1 Glas eingelegtes Gem\u00fcse in \u00d6l \u00e0 220 g vom Landwirtschaftsbetrieb Faleschini (Pontebba)<\/li>\n<li>1 Kr\u00e4utertee \u00e0 15 g vom Landwirtschaftsbetrieb Filoflora (Ugovizza)<\/li>\n<\/ul>\n<p><strong>PREIS 70 \u20ac<\/strong><\/p>\n\n<\/div>\n<\/div>\n<\/div>\n<\/div><\/div>\n<div id=\"cmsmasters_column_e02e0930e3\" class=\"cmsmasters_column one_half\">\n<div class=\"cmsmasters_column_inner\"><\/div><\/div>\n<\/div>\n<\/div>\n<\/div>\n<\/div>\n<\/div>\n\n","protected":false},"excerpt":{"rendered":"","protected":false},"author":1,"featured_media":0,"parent":17650,"menu_order":0,"comment_status":"closed","ping_status":"closed","template":"","meta":{"footnotes":""},"class_list":["post-17724","page","type-page","status-publish","hentry"],"publishpress_future_action":{"enabled":false,"date":"2026-04-24 05:17:30","action":"change-status","newStatus":"draft","terms":[],"taxonomy":"translation_priority","extraData":[]},"publishpress_future_workflow_manual_trigger":{"enabledWorkflows":[]},"_links":{"self":[{"href":"https:\/\/chaletalpigiulie.com\/de\/wp-json\/wp\/v2\/pages\/17724","targetHints":{"allow":["GET"]}}],"collection":[{"href":"https:\/\/chaletalpigiulie.com\/de\/wp-json\/wp\/v2\/pages"}],"about":[{"href":"https:\/\/chaletalpigiulie.com\/de\/wp-json\/wp\/v2\/types\/page"}],"author":[{"embeddable":true,"href":"https:\/\/chaletalpigiulie.com\/de\/wp-json\/wp\/v2\/users\/1"}],"replies":[{"embeddable":true,"href":"https:\/\/chaletalpigiulie.com\/de\/wp-json\/wp\/v2\/comments?post=17724"}],"version-history":[{"count":4,"href":"https:\/\/chaletalpigiulie.com\/de\/wp-json\/wp\/v2\/pages\/17724\/revisions"}],"predecessor-version":[{"id":17729,"href":"https:\/\/chaletalpigiulie.com\/de\/wp-json\/wp\/v2\/pages\/17724\/revisions\/17729"}],"up":[{"embeddable":true,"href":"https:\/\/chaletalpigiulie.com\/de\/wp-json\/wp\/v2\/pages\/17650"}],"wp:attachment":[{"href":"https:\/\/chaletalpigiulie.com\/de\/wp-json\/wp\/v2\/media?parent=17724"}],"curies":[{"name":"wp","href":"https:\/\/api.w.org\/{rel}","templated":true}]}}