{"id":17744,"date":"2026-02-01T17:29:49","date_gmt":"2026-02-01T16:29:49","guid":{"rendered":"http:\/\/chaletalpigiulie.com\/servizi\/welcome-kit-junior\/"},"modified":"2026-02-03T17:11:27","modified_gmt":"2026-02-03T16:11:27","slug":"welcome-kit-junior","status":"publish","type":"page","link":"https:\/\/chaletalpigiulie.com\/de\/servizi\/welcome-kit-junior\/","title":{"rendered":"Welcome Kit Junior"},"content":{"rendered":"<div id=\"cmsmasters_row_2375c7f785\" class=\"cmsmasters_row cmsmasters_color_scheme_default cmsmasters_row_top_default cmsmasters_row_bot_default cmsmasters_row_boxed\">\n<div class=\"cmsmasters_row_outer_parent\">\n<div class=\"cmsmasters_row_outer\">\n<div class=\"cmsmasters_row_inner\">\n<div class=\"cmsmasters_row_margin\">\n<div id=\"cmsmasters_column_cdddf24f42\" class=\"cmsmasters_column one_first\">\n<div class=\"cmsmasters_column_inner\"><p><\/p>\n<\/div><\/div>\n<\/div>\n<\/div>\n<\/div>\n<\/div>\n<\/div>\n<div id=\"cmsmasters_row_3134339493\" class=\"cmsmasters_row cmsmasters_color_scheme_default cmsmasters_row_top_default cmsmasters_row_bot_default cmsmasters_row_fullwidth\">\n<div class=\"cmsmasters_row_outer_parent\">\n<div class=\"cmsmasters_row_outer\">\n<div class=\"cmsmasters_row_inner cmsmasters_row_fullwidth\">\n<div class=\"cmsmasters_row_margin\">\n<div id=\"cmsmasters_column_b8c40e5d6e\" class=\"cmsmasters_column one_first\">\n<div class=\"cmsmasters_column_inner\">\n<div class=\"cmsmasters_slider\">\n\t\t\t\t<p class=\"rs-p-wp-fix\"><\/p>\n\t\t\t\t<sr7-module data-alias=\"cestino-tipico-1\" data-id=\"16\" id=\"SR7_16_1\" class=\"rs-ov-hidden\" data-version=\"6.7.38\">\n\t\t\t\t\t<sr7-adjuster><\/sr7-adjuster>\n\t\t\t\t\t<sr7-content>\n\t\t\t\t\t\t<sr7-slide id=\"SR7_16_1-80\" data-key=\"80\">\n\t\t\t\t\t\t\t<sr7-bg id=\"SR7_16_1-80-3\" class=\"sr7-layer\"><noscript><img decoding=\"async\" src=\"http:\/\/chaletalpigiulie.com\/wp-content\/uploads\/2026\/02\/ski-lesson-2026-01-11-10-32-15-utc.jpg\" alt=\"welcome kit junior Alpi Giulie Chalet Resort\" title=\"welcome kit junior Alpi Giulie Chalet Resort\"><\/noscript><\/sr7-bg>\n\t\t\t\t\t\t\t<h6 id=\"SR7_16_1-80-1\" class=\"sr7-layer\">WELCOME KIT JUNIOR<\/h6>\n\t\t\t\t\t\t\t<sr7-txt id=\"SR7_16_1-80-2\" class=\"sr7-layer\">Un benvenuto per i piccoli ospiti<\/sr7-txt>\n\t\t\t\t\t\t<\/sr7-slide>\n\t\t\t\t\t\t<sr7-slide id=\"SR7_16_1-83\" data-key=\"83\">\n\t\t\t\t\t\t\t<sr7-bg id=\"SR7_16_1-83-3\" class=\"sr7-layer\"><noscript><img decoding=\"async\" src=\"http:\/\/chaletalpigiulie.com\/wp-content\/uploads\/2026\/02\/Kit-bambini-2.jpg\" alt=\"\" title=\"Kit bambini 2\"><\/noscript><\/sr7-bg>\n\t\t\t\t\t\t\t<h6 id=\"SR7_16_1-83-1\" class=\"sr7-layer\">WELCOME KIT JUNIOR<\/h6>\n\t\t\t\t\t\t\t<sr7-txt id=\"SR7_16_1-83-2\" class=\"sr7-layer\">Un benvenuto per i piccoli ospiti<\/sr7-txt>\n\t\t\t\t\t\t<\/sr7-slide>\n\t\t\t\t\t\t<sr7-slide id=\"SR7_16_1-82\" data-key=\"82\">\n\t\t\t\t\t\t<\/sr7-slide>\n\t\t\t\t\t<\/sr7-content>\n\t\t\t\t\t<image_lists style=\"display:none\">\n\t\t\t\t\t\t<img data-src=\"\/\/chaletalpigiulie.com\/wp-content\/uploads\/2026\/02\/ski-lesson-2026-01-11-10-32-15-utc.jpg\" data-libid=\"17731\" data-lib=\"medialibrary\" alt=\"welcome kit junior Alpi Giulie Chalet Resort\" title=\"welcome kit junior Alpi Giulie Chalet Resort\" width=\"0\" height=\"0\" data-dbsrc=\"Ly9jaGFsZXRhbHBpZ2l1bGllLmNvbS93cC1jb250ZW50L3VwbG9hZHMvMjAyNi8wMi9za2ktbGVzc29uLTIwMjYtMDEtMTEtMTAtMzItMTUtdXRjLmpwZw==\"\/>\n\t\t\t\t\t\t<img data-src=\"\/\/chaletalpigiulie.com\/wp-content\/uploads\/2026\/02\/Kit-bambini-2.jpg\" data-libid=\"17732\" data-lib=\"medialibrary\" title=\"Kit bambini 2\" width=\"0\" height=\"0\" data-dbsrc=\"Ly9jaGFsZXRhbHBpZ2l1bGllLmNvbS93cC1jb250ZW50L3VwbG9hZHMvMjAyNi8wMi9LaXQtYmFtYmluaS0yLmpwZw==\"\/>\n\t\t\t\t\t<\/image_lists>\n\t\t\t\t<\/sr7-module>\n\t\t\t\t<script>\n\t\t\t\t\tSR7.PMH ??={}; SR7.PMH[\"SR7_16_1\"] = {cn:100,state:false,fn: function() { if (_tpt!==undefined && _tpt.prepareModuleHeight !== undefined) {  _tpt.prepareModuleHeight({id:\"SR7_16_1\",el:[885,885,768,600,420],type:'standard',shdw:'0',gh:[885,885,768,600,420],gw:[1920,1920,1024,778,480],vpt:['-200px&#039;,&#039;-200px&#039;,&#039;-200px&#039;,&#039;-200px&#039;,&#039;-200px'],size:{fullWidth:false, fullHeight:false},mh:'0',onh:0,onw:0,bg:{color:'{\"orig\":\"transparent\",\"type\":\"solid\",\"string\":\"transparent\"}'},plType:'0',plColor:'#FFFFFF'});   SR7.PMH[\"SR7_16_1\"].state=true;} else if(SR7.PMH[\"SR7_16_1\"].cn-->0)\tsetTimeout( SR7.PMH[\"SR7_16_1\"].fn,19);}};SR7.PMH[\"SR7_16_1\" ].fn();\n\t\t\t\t<\/script>\n<\/div>\n<\/div><\/div>\n<\/div>\n<\/div>\n<\/div>\n<\/div>\n<\/div>\n<div id=\"cmsmasters_row_b3grnb9esh\" class=\"cmsmasters_row cmsmasters_color_scheme_default cmsmasters_row_top_default cmsmasters_row_bot_default cmsmasters_row_boxed\">\n<div class=\"cmsmasters_row_outer_parent\">\n<div class=\"cmsmasters_row_outer\">\n<div class=\"cmsmasters_row_inner\">\n<div class=\"cmsmasters_row_margin\">\n<div id=\"cmsmasters_column_4obwm14cdj\" class=\"cmsmasters_column one_first\">\n<div class=\"cmsmasters_column_inner\"><div id=\"cmsmasters_heading_6yjmqehhqg\" class=\"cmsmasters_heading_wrap cmsmasters_heading_align_center\">\n\t<h3 class=\"cmsmasters_heading\">Welkome Kit<\/h3>\n<\/div><div id=\"cmsmasters_heading_on9ekje8y5\" class=\"cmsmasters_heading_wrap cmsmasters_heading_align_center\">\n\t<h2 class=\"cmsmasters_heading\">Junior<\/h2>\n<\/div><div id=\"cmsmasters_fb_a0efbc8f41\" class=\"cmsmasters_featured_block\">\n<div class=\"featured_block_inner\">\n<div class=\"featured_block_text\">\n<p style=\"text-align: center;\"><span style=\"color: #6a6a6a; font-size: 20px; line-height: 28px;\">EIN WILLKOMMEN F\u00dcR UNSERE KLEINEN G\u00c4STE<\/span><\/p>\n<p style=\"text-align: center;\">M\u00f6chten Sie Ihr Kind bei der Ankunft im Chalet \u00fcberraschen? M\u00f6chten Sie den Familienurlaub mit Staunen, Kreativit\u00e4t und Magie beginnen?<\/p>\n<p style=\"text-align: center;\">Buchen Sie unser Welcome Kit Junior.<\/p>\n\n<\/div>\n<\/div>\n<\/div>\n<\/div><\/div>\n<\/div>\n<\/div>\n<\/div>\n<\/div>\n<\/div>\n<div id=\"cmsmasters_row_29c43b215b\" class=\"cmsmasters_row cmsmasters_color_scheme_default cmsmasters_row_top_default cmsmasters_row_bot_default cmsmasters_row_fullwidth\">\n<div class=\"cmsmasters_row_outer_parent\">\n<div class=\"cmsmasters_row_outer\">\n<div class=\"cmsmasters_row_inner cmsmasters_row_fullwidth cmsmasters_row_no_margin\">\n<div class=\"cmsmasters_row_margin cmsmasters_row_columns_behavior\">\n<div id=\"cmsmasters_column_24ddda560b\" class=\"cmsmasters_column one_half\">\n<div class=\"cmsmasters_column_inner\"><div id=\"cmsmasters_fb_ddl3d9sws\" class=\"cmsmasters_featured_block\">\n<div class=\"featured_block_inner\">\n<div class=\"featured_block_text\">\n<div class=\"cmsmasters_heading\" style=\"text-align: center;\"><div id=\"cmsmasters_heading_99ptu5po55\" class=\"cmsmasters_heading_wrap cmsmasters_heading_align_center\">\n\t<h3 class=\"cmsmasters_heading\">Entdecken<\/h3>\n<\/div><div id=\"cmsmasters_heading_px0jt4s1yi\" class=\"cmsmasters_heading_wrap cmsmasters_heading_align_center\">\n\t<h2 class=\"cmsmasters_heading\">das welcome kit junior<\/h2>\n<\/div><\/div>\n<p>Ein Urlaub im Alpi Giulie Chalet Resort besteht aus Natur, Stille, Entdeckungen und gemeinsamen Momenten mit der Familie. Unser Welcome Kit Junior ist ein Geschenk, das unsere kleinen G\u00e4ste vom ersten Tag an auf ihrem alpinen Abenteuer begleitet, ihre Kreativit\u00e4t anregt und eine einzigartige Urlaubserinnerung schafft.<\/p>\n<p>Es ist ein Geschenk aus n\u00fctzlichen, robusten und wiederverwendbaren Gegenst\u00e4nden, die die Kinder gerne mit nach Hause nehmen.<\/p>\n<p><strong>Was enth\u00e4lt das Welcome Kit Junior?<\/strong><\/p>\n<ul>\n<li>Ein personalisiertes Puzzle, inspiriert vom Alpi Giulie Chalet Resort und der umliegenden alpinen Landschaft, um den magischen Ort des Erlebnisses spielerisch und voller Staunen wiederzuentdecken.<\/li>\n<li>Der Zeichenblock des Alpi Giulie Chalet Resort, um das eigene Abenteuer zwischen W\u00e4ldern, Wegen und alpinen Panoramen auf Papier zu erz\u00e4hlen.<\/li>\n<li>Hochwertige Buntstifte, um Ideen, Erinnerungen und Fantasie Gestalt zu geben.<\/li>\n<li>Die Thermotrinkflasche des Alpi Giulie Chalet Resort \u2013 ideal f\u00fcr Ausfl\u00fcge und Tage an der frischen Luft, w\u00e4hrend des Aufenthalts zu nutzen und als Urlaubserinnerung mit nach Hause zu nehmen.Aggiungilo alla tua prenotazione e sorprendi i pi\u00f9 piccoli al loro arrivo allo chalet.<\/li>\n<\/ul>\n<p><strong>PREIS 79 \u20ac<\/strong><\/p>\n\n<\/div>\n<\/div>\n<\/div>\n<\/div><\/div>\n<div id=\"cmsmasters_column_e02e0930e3\" class=\"cmsmasters_column one_half\">\n<div class=\"cmsmasters_column_inner\"><\/div><\/div>\n<\/div>\n<\/div>\n<\/div>\n<\/div>\n<\/div>\n\n","protected":false},"excerpt":{"rendered":"","protected":false},"author":1,"featured_media":0,"parent":17650,"menu_order":0,"comment_status":"closed","ping_status":"closed","template":"","meta":{"footnotes":""},"class_list":["post-17744","page","type-page","status-publish","hentry"],"publishpress_future_action":{"enabled":false,"date":"2026-04-24 05:20:43","action":"change-status","newStatus":"draft","terms":[],"taxonomy":"translation_priority","extraData":[]},"publishpress_future_workflow_manual_trigger":{"enabledWorkflows":[]},"_links":{"self":[{"href":"https:\/\/chaletalpigiulie.com\/de\/wp-json\/wp\/v2\/pages\/17744","targetHints":{"allow":["GET"]}}],"collection":[{"href":"https:\/\/chaletalpigiulie.com\/de\/wp-json\/wp\/v2\/pages"}],"about":[{"href":"https:\/\/chaletalpigiulie.com\/de\/wp-json\/wp\/v2\/types\/page"}],"author":[{"embeddable":true,"href":"https:\/\/chaletalpigiulie.com\/de\/wp-json\/wp\/v2\/users\/1"}],"replies":[{"embeddable":true,"href":"https:\/\/chaletalpigiulie.com\/de\/wp-json\/wp\/v2\/comments?post=17744"}],"version-history":[{"count":2,"href":"https:\/\/chaletalpigiulie.com\/de\/wp-json\/wp\/v2\/pages\/17744\/revisions"}],"predecessor-version":[{"id":17748,"href":"https:\/\/chaletalpigiulie.com\/de\/wp-json\/wp\/v2\/pages\/17744\/revisions\/17748"}],"up":[{"embeddable":true,"href":"https:\/\/chaletalpigiulie.com\/de\/wp-json\/wp\/v2\/pages\/17650"}],"wp:attachment":[{"href":"https:\/\/chaletalpigiulie.com\/de\/wp-json\/wp\/v2\/media?parent=17744"}],"curies":[{"name":"wp","href":"https:\/\/api.w.org\/{rel}","templated":true}]}}