{"id":17783,"date":"2025-12-24T19:19:07","date_gmt":"2025-12-24T18:19:07","guid":{"rendered":"http:\/\/chaletalpigiulie.com\/informazioni-utili\/"},"modified":"2026-02-04T00:01:38","modified_gmt":"2026-02-03T23:01:38","slug":"allgemeine-informationen","status":"publish","type":"page","link":"https:\/\/chaletalpigiulie.com\/de\/allgemeine-informationen\/","title":{"rendered":"Allgemeine Informationen"},"content":{"rendered":"<div id=\"cmsmasters_row_2375c7f785\" class=\"cmsmasters_row cmsmasters_color_scheme_default cmsmasters_row_top_default cmsmasters_row_bot_default cmsmasters_row_boxed\">\n<div class=\"cmsmasters_row_outer_parent\">\n<div class=\"cmsmasters_row_outer\">\n<div class=\"cmsmasters_row_inner\">\n<div class=\"cmsmasters_row_margin\">\n<div id=\"cmsmasters_column_cdddf24f42\" class=\"cmsmasters_column one_first\">\n<div class=\"cmsmasters_column_inner\"><p><\/p>\n<\/div><\/div>\n<\/div>\n<\/div>\n<\/div>\n<\/div>\n<\/div>\n<div id=\"cmsmasters_row_3134339493\" class=\"cmsmasters_row cmsmasters_color_scheme_default cmsmasters_row_top_default cmsmasters_row_bot_default cmsmasters_row_fullwidth\">\n<div class=\"cmsmasters_row_outer_parent\">\n<div class=\"cmsmasters_row_outer\">\n<div class=\"cmsmasters_row_inner cmsmasters_row_fullwidth\">\n<div class=\"cmsmasters_row_margin\">\n<div id=\"cmsmasters_column_b8c40e5d6e\" class=\"cmsmasters_column one_first\">\n<div class=\"cmsmasters_column_inner\">\n<div class=\"cmsmasters_slider\">\n\t\t\t\t<p class=\"rs-p-wp-fix\"><\/p>\n\t\t\t\t<sr7-module data-alias=\"tre-confini-1\" data-id=\"7\" id=\"SR7_7_1\" class=\"rs-ov-hidden\" data-version=\"6.7.38\">\n\t\t\t\t\t<sr7-adjuster><\/sr7-adjuster>\n\t\t\t\t\t<sr7-content>\n\t\t\t\t\t\t<sr7-slide id=\"SR7_7_1-25\" data-key=\"25\">\n\t\t\t\t\t\t\t<sr7-bg id=\"SR7_7_1-25-3\" class=\"sr7-layer\"><noscript><img decoding=\"async\" src=\"http:\/\/chaletalpigiulie.com\/wp-content\/uploads\/2025\/12\/Foto09-DSC_0350Tripadv.jpg\" alt=\"Antiche Atmosfere - Camera da letto\" title=\"Antiche Atmosfere &#8211; Camera da letto\"><\/noscript><\/sr7-bg>\n\t\t\t\t\t\t\t<h6 id=\"SR7_7_1-25-1\" class=\"sr7-layer\">I NOSTRI CHALET<\/h6>\n\t\t\t\t\t\t\t<sr7-txt id=\"SR7_7_1-25-2\" class=\"sr7-layer\">Su misura per te<\/sr7-txt>\n\t\t\t\t\t\t<\/sr7-slide>\n\t\t\t\t\t\t<sr7-slide id=\"SR7_7_1-27\" data-key=\"27\">\n\t\t\t\t\t\t\t<sr7-bg id=\"SR7_7_1-27-3\" class=\"sr7-layer\"><noscript><img decoding=\"async\" src=\"http:\/\/chaletalpigiulie.com\/wp-content\/uploads\/2025\/12\/IMG20240424132613.jpg\" alt=\"Il Nido - Salotto\" title=\"Il Nido &#8211; Salotto\"><\/noscript><\/sr7-bg>\n\t\t\t\t\t\t\t<h6 id=\"SR7_7_1-27-1\" class=\"sr7-layer\">I NOSTRI CHALET<\/h6>\n\t\t\t\t\t\t\t<sr7-txt id=\"SR7_7_1-27-2\" class=\"sr7-layer\">Su misura per te<\/sr7-txt>\n\t\t\t\t\t\t<\/sr7-slide>\n\t\t\t\t\t\t<sr7-slide id=\"SR7_7_1-26\" data-key=\"26\">\n\t\t\t\t\t\t\t<sr7-bg id=\"SR7_7_1-26-3\" class=\"sr7-layer\"><noscript><img decoding=\"async\" src=\"http:\/\/chaletalpigiulie.com\/wp-content\/uploads\/2025\/12\/Foto12-DSC_0387.jpg\" alt=\"Piccoli Piaceri - Camera da letto con vasca\" title=\"Piccoli Piaceri &#8211; Camera da letto con vasca\"><\/noscript><\/sr7-bg>\n\t\t\t\t\t\t\t<h6 id=\"SR7_7_1-26-1\" class=\"sr7-layer\">I NOSTRI CHALET<\/h6>\n\t\t\t\t\t\t\t<sr7-txt id=\"SR7_7_1-26-2\" class=\"sr7-layer\">Su misura per te<\/sr7-txt>\n\t\t\t\t\t\t<\/sr7-slide>\n\t\t\t\t\t\t<sr7-slide id=\"SR7_7_1-29\" data-key=\"29\">\n\t\t\t\t\t\t<\/sr7-slide>\n\t\t\t\t\t<\/sr7-content>\n\t\t\t\t\t<image_lists style=\"display:none\">\n\t\t\t\t\t\t<img data-src=\"\/\/chaletalpigiulie.com\/wp-content\/uploads\/2025\/12\/Foto09-DSC_0350Tripadv.jpg\" data-libid=\"16967\" data-lib=\"medialibrary\" alt=\"Antiche Atmosfere - Camera da letto\" title=\"Antiche Atmosfere &#8211; Camera da letto\" width=\"0\" height=\"0\" data-dbsrc=\"Ly9jaGFsZXRhbHBpZ2l1bGllLmNvbS93cC1jb250ZW50L3VwbG9hZHMvMjAyNS8xMi9Gb3RvMDktRFNDXzAzNTBUcmlwYWR2LmpwZw==\"\/>\n\t\t\t\t\t\t<img data-src=\"\/\/chaletalpigiulie.com\/wp-content\/uploads\/2025\/12\/Foto12-DSC_0387.jpg\" data-libid=\"16978\" data-lib=\"medialibrary\" alt=\"Piccoli Piaceri - Camera da letto con vasca\" title=\"Piccoli Piaceri &#8211; Camera da letto con vasca\" width=\"0\" height=\"0\" data-dbsrc=\"Ly9jaGFsZXRhbHBpZ2l1bGllLmNvbS93cC1jb250ZW50L3VwbG9hZHMvMjAyNS8xMi9Gb3RvMTItRFNDXzAzODcuanBn\"\/>\n\t\t\t\t\t\t<img data-src=\"\/\/chaletalpigiulie.com\/wp-content\/uploads\/2025\/12\/IMG20240424132613.jpg\" data-libid=\"16990\" data-lib=\"medialibrary\" alt=\"Il Nido - Salotto\" title=\"Il Nido &#8211; Salotto\" width=\"0\" height=\"0\" data-dbsrc=\"Ly9jaGFsZXRhbHBpZ2l1bGllLmNvbS93cC1jb250ZW50L3VwbG9hZHMvMjAyNS8xMi9JTUcyMDI0MDQyNDEzMjYxMy5qcGc=\"\/>\n\t\t\t\t\t<\/image_lists>\n\t\t\t\t<\/sr7-module>\n\t\t\t\t<script>\n\t\t\t\t\tSR7.PMH ??={}; SR7.PMH[\"SR7_7_1\"] = {cn:100,state:false,fn: function() { if (_tpt!==undefined && _tpt.prepareModuleHeight !== undefined) {  _tpt.prepareModuleHeight({id:\"SR7_7_1\",el:[885,885,768,600,420],type:'standard',shdw:'0',gh:[885,885,768,600,420],gw:[1920,1920,1024,778,480],vpt:['-200px&#039;,&#039;-200px&#039;,&#039;-200px&#039;,&#039;-200px&#039;,&#039;-200px'],size:{fullWidth:false, fullHeight:false},mh:'0',onh:0,onw:0,bg:{color:'{\"orig\":\"transparent\",\"type\":\"solid\",\"string\":\"transparent\"}'},plType:'0',plColor:'#FFFFFF'});   SR7.PMH[\"SR7_7_1\"].state=true;} else if(SR7.PMH[\"SR7_7_1\"].cn-->0)\tsetTimeout( SR7.PMH[\"SR7_7_1\"].fn,19);}};SR7.PMH[\"SR7_7_1\" ].fn();\n\t\t\t\t<\/script>\n<\/div>\n<\/div><\/div>\n<\/div>\n<\/div>\n<\/div>\n<\/div>\n<\/div>\n<div id=\"cmsmasters_row_b3grnb9esh\" class=\"cmsmasters_row cmsmasters_color_scheme_default cmsmasters_row_top_default cmsmasters_row_bot_default cmsmasters_row_boxed\">\n<div class=\"cmsmasters_row_outer_parent\">\n<div class=\"cmsmasters_row_outer\">\n<div class=\"cmsmasters_row_inner\">\n<div class=\"cmsmasters_row_margin\">\n<div id=\"cmsmasters_column_4obwm14cdj\" class=\"cmsmasters_column one_first\">\n<div class=\"cmsmasters_column_inner\"><div class=\"custom_html\">\n<p><!-- \n    WuBook Javascript Library\n    Eventually, put it inside\n    your <head\/> tag\n--><br \/>\n<script src=\"https:\/\/wubook.net\/js\/wblib.jgz\"><\/script><br \/>\n<!-- \n     put the following div where WuBook \n     should be designed. Make sure to\n     preserve the div contents (backlink)\n--><\/p>\n<div id=\"_baror_\" >\n  <a href=\"https:\/\/wubook.net\/property-management-system\/\" style=\"display: block; margin-top: 5px; text-decoration:none;border:none;\" target=\"_blank\"><br \/>\n    <img decoding=\"async\" src=\"https:\/\/wubook.net\/imgs\/default\/booking_by_wu.gif\" alt=\"Gestionale per bed and breakfast Wubook.net\" title=\"Software online per booking e gestione Hotel\" style=\"border:none;text-decoration:none;\" \/><br \/>\n  <\/a>\n<\/div>\n<p><!-- \n     Initialize the WuBook Object.\n     Collect params settings.\n     Call WuBook.design_rwidget().\n\n     Notice WuBook Object provides a\n     lot of interesting features.\n--><br \/>\n<script>\n  var WuBook= new _WuBook(1540933648);\n  var wbparams= {\n    bgcolor: '#ffffff',\n    textcolor: '#ffffff',\n    buttoncolor: '#c19b76',\n    iconcolor: '#888888',\n    bordercolor: '#c19b76',\n    lang: '',\n    failback_lang: 'it',\n    wbgoogle: 1,\n    dcode: 0,\n    leisure: 1,\n    default_nights: 3,\n    dcodeval: ''\n  };\n  WuBook.design_rwidget(\"_baror_\", wbparams);\n<\/script><br \/>\n<!-- \n    that's all :)\n    Thank you for using WuBook!\n--><\/p>\n<\/div>\n<div id=\"cmsmasters_heading_6yjmqehhqg\" class=\"cmsmasters_heading_wrap cmsmasters_heading_align_center\">\n\t<h3 class=\"cmsmasters_heading\">Allgemeine<\/h3>\n<\/div><div id=\"cmsmasters_heading_on9ekje8y5\" class=\"cmsmasters_heading_wrap cmsmasters_heading_align_center\">\n\t<h2 class=\"cmsmasters_heading\">Informationen<\/h2>\n<\/div>\n<\/div><\/div>\n<\/div>\n<\/div>\n<\/div>\n<\/div>\n<\/div>\n<div id=\"cmsmasters_row_29c43b215b\" class=\"cmsmasters_row cmsmasters_color_scheme_default cmsmasters_row_top_default cmsmasters_row_bot_default cmsmasters_row_fullwidth\">\n<div class=\"cmsmasters_row_outer_parent\">\n<div class=\"cmsmasters_row_outer\">\n<div class=\"cmsmasters_row_inner cmsmasters_row_fullwidth cmsmasters_row_no_margin\">\n<div class=\"cmsmasters_row_margin cmsmasters_row_columns_behavior\">\n<div id=\"cmsmasters_column_24ddda560b\" class=\"cmsmasters_column one_half\">\n<div class=\"cmsmasters_column_inner\"><div id=\"cmsmasters_fb_ddl3d9sws\" class=\"cmsmasters_featured_block\">\n<div class=\"featured_block_inner\">\n<div class=\"featured_block_text\">\n<div class=\"cmsmasters_heading\" style=\"text-align: left;\">\n<div>\n<p>Die Preise verstehen sich pro Chalet pro Tag, f\u00fcr 2 Personen.<\/p>\n<\/div>\n<div>\n<p><strong>Dauer des Aufenthaltes<\/strong><br \/>\nMindestdauer 3 \u00dcbernachtungen mit Ausnahme der Weihnachtsperiode bis zum Dreik\u00f6nigsfest, der Monate Februar, Juli und August. In diesen Zeitr\u00e4umen betr\u00e4gt der Mindestaufenthalt 7 \u00dcbernachtungen.<\/p>\n<p><strong>An- und Abreise<\/strong><br \/>\nIhr Chalet steht Ihnen am Anreisetag ab 14.00 Uhr zur Verf\u00fcgung. Am Abreisetag bitten wir Sie, das Chalet bis 10.00 Uhr frei zu geben.<\/p>\n<\/div>\n<div>\n<p><strong>Haustiere<\/strong><br \/>\nHaustiere sind ohne zus\u00e4tzliche Kosten erlaubt.<\/p>\n<\/div>\n<div>\n<p><strong>W\u00e4schewechsel<\/strong><br \/>\nF\u00fcr Aufenthalte \u00fcber 2 Wochen, ist ein w\u00f6chentlicher W\u00e4schewechsel (Bett-, Badew\u00e4sche, Tischdecke und K\u00fcchenlappen) vorgesehen. F\u00fcr Aufenthalte von 1 Woche oder weniger wird die Badew\u00e4sche im geeigneten Ausmass f\u00fcr die Aufenthaltsdauer zur Verf\u00fcgung gestellt \u2013 Sie k\u00f6nnen uns w\u00e4hrend Ihres Aufenthaltes jederzeit nach zus\u00e4tzlicher Badew\u00e4sche fragen, wir stellen sie Ihnen kostenlos zur Verf\u00fcgung.<\/p>\n<\/div>\n<div>\n<p><strong>Buchungsbest\u00e4tigung und Zahlung<\/strong><\/p>\n<ul>\n<li>Sie k\u00f6nnen Ihre Rechnung mit Bankomatkarte, Kreditkarte, Bargeld oder mit Bank\u00fcberweisung bezahlen.<\/li>\n<li>Bank\u00fcberweisungen m\u00fcssen vor der Anreise durchgef\u00fchrt werden. Schecks werden nicht akzeptiert.<\/li>\n<li>Es ist eine Kautionszahlung (30% des Aufenthaltspreises), durch Bank\u00fcberweisung oder durch Buchung auf Kreditkarte, 10 Tage ab unserer Buchungsbest\u00e4tigung vorgesehen. Sollte diese Zahlung nicht innerhalb von 14 Tagen ab unserer Buchungsbest\u00e4tigung auf unserem Bankkonto gutgeschrieben sein, so behalten wir uns die stillschweigende Annullierung Ihrer Buchung vor.<\/li>\n<\/ul>\n<\/div>\n<div>\n<p><strong>Bedingungen im Falle einer Absage<\/strong><\/p>\n<ul>\n<li>Wenn Sie die Buchung bis zu 2 Wochen vor dem Ankunftstag absagen: keine Kostenverrechnung<\/li>\n<li>Wenn der Zeitraum k\u00fcrzer als 2 Wochen vor dem Ankunftstag ist werden wir die von Ihnen bei der Buchung geleistete Kaution einbehalten (30% des Aufenthaltspreises).<\/li>\n<li>Bei no-show wird Ihnen der gesamte Aufenthaltspreis verrechnet.<\/li>\n<li>Vor Abreise: es wird der gesamte Aufenthaltspreis verrechnet.<\/li>\n<\/ul>\n<\/div>\n<\/div>\n\n<\/div>\n<\/div>\n<\/div>\n<\/div><\/div>\n<div id=\"cmsmasters_column_e02e0930e3\" class=\"cmsmasters_column one_half\">\n<div class=\"cmsmasters_column_inner\"><\/div><\/div>\n<\/div>\n<\/div>\n<\/div>\n<\/div>\n<\/div>\n\n","protected":false},"excerpt":{"rendered":"","protected":false},"author":1,"featured_media":0,"parent":0,"menu_order":0,"comment_status":"closed","ping_status":"closed","template":"","meta":{"footnotes":""},"class_list":["post-17783","page","type-page","status-publish","hentry"],"publishpress_future_action":{"enabled":false,"date":"2026-04-24 05:17:35","action":"change-status","newStatus":"draft","terms":[],"taxonomy":"translation_priority","extraData":[]},"publishpress_future_workflow_manual_trigger":{"enabledWorkflows":[]},"_links":{"self":[{"href":"https:\/\/chaletalpigiulie.com\/de\/wp-json\/wp\/v2\/pages\/17783","targetHints":{"allow":["GET"]}}],"collection":[{"href":"https:\/\/chaletalpigiulie.com\/de\/wp-json\/wp\/v2\/pages"}],"about":[{"href":"https:\/\/chaletalpigiulie.com\/de\/wp-json\/wp\/v2\/types\/page"}],"author":[{"embeddable":true,"href":"https:\/\/chaletalpigiulie.com\/de\/wp-json\/wp\/v2\/users\/1"}],"replies":[{"embeddable":true,"href":"https:\/\/chaletalpigiulie.com\/de\/wp-json\/wp\/v2\/comments?post=17783"}],"version-history":[{"count":2,"href":"https:\/\/chaletalpigiulie.com\/de\/wp-json\/wp\/v2\/pages\/17783\/revisions"}],"predecessor-version":[{"id":17784,"href":"https:\/\/chaletalpigiulie.com\/de\/wp-json\/wp\/v2\/pages\/17783\/revisions\/17784"}],"wp:attachment":[{"href":"https:\/\/chaletalpigiulie.com\/de\/wp-json\/wp\/v2\/media?parent=17783"}],"curies":[{"name":"wp","href":"https:\/\/api.w.org\/{rel}","templated":true}]}}