{"id":17809,"date":"2025-12-08T23:32:49","date_gmt":"2025-12-08T22:32:49","guid":{"rendered":"http:\/\/chaletalpigiulie.com\/in-inverno\/"},"modified":"2026-02-04T01:22:06","modified_gmt":"2026-02-04T00:22:06","slug":"im-winter","status":"publish","type":"page","link":"https:\/\/chaletalpigiulie.com\/de\/im-winter\/","title":{"rendered":"Im Winter"},"content":{"rendered":"<div id=\"cmsmasters_row_2375c7f785\" class=\"cmsmasters_row cmsmasters_color_scheme_default cmsmasters_row_top_default cmsmasters_row_bot_default cmsmasters_row_boxed\">\n<div class=\"cmsmasters_row_outer_parent\">\n<div class=\"cmsmasters_row_outer\">\n<div class=\"cmsmasters_row_inner\">\n<div class=\"cmsmasters_row_margin\">\n<div id=\"cmsmasters_column_cdddf24f42\" class=\"cmsmasters_column one_first\">\n<div class=\"cmsmasters_column_inner\"><p><\/p>\n<\/div><\/div>\n<\/div>\n<\/div>\n<\/div>\n<\/div>\n<\/div>\n<div id=\"cmsmasters_row_3134339493\" class=\"cmsmasters_row cmsmasters_color_scheme_default cmsmasters_row_top_default cmsmasters_row_bot_default cmsmasters_row_fullwidth\">\n<div class=\"cmsmasters_row_outer_parent\">\n<div class=\"cmsmasters_row_outer\">\n<div class=\"cmsmasters_row_inner cmsmasters_row_fullwidth\">\n<div class=\"cmsmasters_row_margin\">\n<div id=\"cmsmasters_column_b8c40e5d6e\" class=\"cmsmasters_column one_first\">\n<div class=\"cmsmasters_column_inner\">\n<div class=\"cmsmasters_slider\">\n\t\t\t\t<p class=\"rs-p-wp-fix\"><\/p>\n\t\t\t\t<sr7-module data-alias=\"gli-chalet-1\" data-id=\"8\" id=\"SR7_8_1\" class=\"rs-ov-hidden\" data-version=\"6.7.38\">\n\t\t\t\t\t<sr7-adjuster><\/sr7-adjuster>\n\t\t\t\t\t<sr7-content>\n\t\t\t\t\t\t<sr7-slide id=\"SR7_8_1-30\" data-key=\"30\">\n\t\t\t\t\t\t\t<sr7-bg id=\"SR7_8_1-30-3\" class=\"sr7-layer\"><noscript><img decoding=\"async\" src=\"http:\/\/chaletalpigiulie.com\/wp-content\/uploads\/2025\/12\/csm_DSC_1086_03_2254ff30ee.jpg\" alt=\"sci nordico alpi giulie chalet resort\" title=\"sci nordico alpi giulie chalet resort\"><\/noscript><\/sr7-bg>\n\t\t\t\t\t\t\t<h6 id=\"SR7_8_1-30-1\" class=\"sr7-layer\">L'INCANTO DELL'INVERNO<\/h6>\n\t\t\t\t\t\t\t<sr7-txt id=\"SR7_8_1-30-2\" class=\"sr7-layer\">Neve e magia all'Alpi Giulie Chalet Resort<\/sr7-txt>\n\t\t\t\t\t\t<\/sr7-slide>\n\t\t\t\t\t\t<sr7-slide id=\"SR7_8_1-32\" data-key=\"32\">\n\t\t\t\t\t\t\t<sr7-bg id=\"SR7_8_1-32-3\" class=\"sr7-layer\"><noscript><img decoding=\"async\" src=\"http:\/\/chaletalpigiulie.com\/wp-content\/uploads\/2025\/12\/csm_100_2326_1ba9cdbbf6.jpg\" alt=\"in carrozza alpi giulie chalet resort\" title=\"in carrozza alpi giulie chalet resort\"><\/noscript><\/sr7-bg>\n\t\t\t\t\t\t\t<h6 id=\"SR7_8_1-32-1\" class=\"sr7-layer\">L'INCANTO DELL'INVERNO<\/h6>\n\t\t\t\t\t\t\t<sr7-txt id=\"SR7_8_1-32-2\" class=\"sr7-layer\">Neve e magia all'Alpi Giulie Chalet Resort<\/sr7-txt>\n\t\t\t\t\t\t<\/sr7-slide>\n\t\t\t\t\t\t<sr7-slide id=\"SR7_8_1-31\" data-key=\"31\">\n\t\t\t\t\t\t\t<sr7-bg id=\"SR7_8_1-31-3\" class=\"sr7-layer\"><noscript><img decoding=\"async\" src=\"http:\/\/chaletalpigiulie.com\/wp-content\/uploads\/2025\/12\/csm_pattinata_su_ghiaccio_01_6e9aad5da3.jpg\" alt=\"pattinata su ghiaccio\" title=\"pattinata su ghiaccio\"><\/noscript><\/sr7-bg>\n\t\t\t\t\t\t\t<h6 id=\"SR7_8_1-31-1\" class=\"sr7-layer\">L'INCANTO DELL'INVERNO<\/h6>\n\t\t\t\t\t\t\t<sr7-txt id=\"SR7_8_1-31-2\" class=\"sr7-layer\">Esperienze indimenticabili<\/sr7-txt>\n\t\t\t\t\t\t<\/sr7-slide>\n\t\t\t\t\t\t<sr7-slide id=\"SR7_8_1-33\" data-key=\"33\">\n\t\t\t\t\t\t<\/sr7-slide>\n\t\t\t\t\t<\/sr7-content>\n\t\t\t\t\t<image_lists style=\"display:none\">\n\t\t\t\t\t\t<img data-src=\"\/\/chaletalpigiulie.com\/wp-content\/uploads\/2025\/12\/csm_DSC_1086_03_2254ff30ee.jpg\" data-libid=\"17284\" data-lib=\"medialibrary\" alt=\"sci nordico alpi giulie chalet resort\" title=\"sci nordico alpi giulie chalet resort\" width=\"0\" height=\"0\" data-dbsrc=\"Ly9jaGFsZXRhbHBpZ2l1bGllLmNvbS93cC1jb250ZW50L3VwbG9hZHMvMjAyNS8xMi9jc21fRFNDXzEwODZfMDNfMjI1NGZmMzBlZS5qcGc=\"\/>\n\t\t\t\t\t\t<img data-src=\"\/\/chaletalpigiulie.com\/wp-content\/uploads\/2025\/12\/csm_pattinata_su_ghiaccio_01_6e9aad5da3.jpg\" data-libid=\"17282\" data-lib=\"medialibrary\" alt=\"pattinata su ghiaccio\" title=\"pattinata su ghiaccio\" width=\"0\" height=\"0\" data-dbsrc=\"Ly9jaGFsZXRhbHBpZ2l1bGllLmNvbS93cC1jb250ZW50L3VwbG9hZHMvMjAyNS8xMi9jc21fcGF0dGluYXRhX3N1X2doaWFjY2lvXzAxXzZlOWFhZDVkYTMuanBn\"\/>\n\t\t\t\t\t\t<img data-src=\"\/\/chaletalpigiulie.com\/wp-content\/uploads\/2025\/12\/csm_100_2326_1ba9cdbbf6.jpg\" data-libid=\"17287\" data-lib=\"medialibrary\" alt=\"in carrozza alpi giulie chalet resort\" title=\"in carrozza alpi giulie chalet resort\" width=\"0\" height=\"0\" data-dbsrc=\"Ly9jaGFsZXRhbHBpZ2l1bGllLmNvbS93cC1jb250ZW50L3VwbG9hZHMvMjAyNS8xMi9jc21fMTAwXzIzMjZfMWJhOWNkYmJmNi5qcGc=\"\/>\n\t\t\t\t\t<\/image_lists>\n\t\t\t\t<\/sr7-module>\n\t\t\t\t<script>\n\t\t\t\t\tSR7.PMH ??={}; SR7.PMH[\"SR7_8_1\"] = {cn:100,state:false,fn: function() { if (_tpt!==undefined && _tpt.prepareModuleHeight !== undefined) {  _tpt.prepareModuleHeight({id:\"SR7_8_1\",el:[885,885,768,600,420],type:'standard',shdw:'0',gh:[885,885,768,600,420],gw:[1920,1920,1024,778,480],vpt:['-200px&#039;,&#039;-200px&#039;,&#039;-200px&#039;,&#039;-200px&#039;,&#039;-200px'],size:{fullWidth:false, fullHeight:false},mh:'0',onh:0,onw:0,bg:{color:'{\"orig\":\"transparent\",\"type\":\"solid\",\"string\":\"transparent\"}'},plType:'0',plColor:'#FFFFFF'});   SR7.PMH[\"SR7_8_1\"].state=true;} else if(SR7.PMH[\"SR7_8_1\"].cn-->0)\tsetTimeout( SR7.PMH[\"SR7_8_1\"].fn,19);}};SR7.PMH[\"SR7_8_1\" ].fn();\n\t\t\t\t<\/script>\n<\/div>\n<\/div><\/div>\n<\/div>\n<\/div>\n<\/div>\n<\/div>\n<\/div>\n<div id=\"cmsmasters_row_b3grnb9esh\" class=\"cmsmasters_row cmsmasters_color_scheme_default cmsmasters_row_top_default cmsmasters_row_bot_default cmsmasters_row_boxed\">\n<div class=\"cmsmasters_row_outer_parent\">\n<div class=\"cmsmasters_row_outer\">\n<div class=\"cmsmasters_row_inner\">\n<div class=\"cmsmasters_row_margin\">\n<div id=\"cmsmasters_column_4obwm14cdj\" class=\"cmsmasters_column one_first\">\n<div class=\"cmsmasters_column_inner\"><div id=\"cmsmasters_heading_6yjmqehhqg\" class=\"cmsmasters_heading_wrap cmsmasters_heading_align_center\">\n\t<h3 class=\"cmsmasters_heading\">Der Zauber<\/h3>\n<\/div><div id=\"cmsmasters_heading_on9ekje8y5\" class=\"cmsmasters_heading_wrap cmsmasters_heading_align_center\">\n\t<h2 class=\"cmsmasters_heading\">des Winters<\/h2>\n<\/div><div id=\"cmsmasters_fb_a0efbc8f41\" class=\"cmsmasters_featured_block\">\n<div class=\"featured_block_inner\">\n<div class=\"featured_block_text\">\n<p style=\"text-align: center;\"><span style=\"color: #6a6a6a; font-size: 20px; line-height: 28px;\">IHR WINTERURLAUB IM ALPI GIULIE CHALET RESORT<\/span><\/p>\n<p><strong>Schnee, Magie und Zauber im Herzen der Berge<\/strong><\/p>\n<p>Wenn der Winter Einzug h\u00e4lt, verwandelt sich unser kleines alpines Dorf in einen Ort zwischen Stille, Schnee und Staunen. Die Gipfel der Julischen Alpen erstrahlen in Wei\u00df, die W\u00e4lder werden weich und tief, und jeder Tag l\u00e4dt dazu ein, die Berge in ihrer urspr\u00fcnglichsten Form zu erleben.<\/p>\n<p>Ob Sie zum Skifahren kommen, f\u00fcr Spazierg\u00e4nge im Schnee, zum Entspannen oder einfach, um die Natur zu atmen \u2013 hier finden Sie Ihre ganz pers\u00f6nliche Vorstellung vom Winterurlaub.<\/p>\n\n<\/div>\n<\/div>\n<\/div>\n<\/div><\/div>\n<\/div>\n<\/div>\n<\/div>\n<\/div>\n<\/div>\n<div id=\"cmsmasters_row_29c43b215b\" class=\"cmsmasters_row cmsmasters_color_scheme_default cmsmasters_row_top_default cmsmasters_row_bot_default cmsmasters_row_fullwidth\">\n<div class=\"cmsmasters_row_outer_parent\">\n<div class=\"cmsmasters_row_outer\">\n<div class=\"cmsmasters_row_inner cmsmasters_row_fullwidth cmsmasters_row_no_margin\">\n<div class=\"cmsmasters_row_margin cmsmasters_row_columns_behavior\">\n<div id=\"cmsmasters_column_24ddda560b\" class=\"cmsmasters_column one_half\">\n<div class=\"cmsmasters_column_inner\"><div id=\"cmsmasters_fb_ddl3d9sws\" class=\"cmsmasters_featured_block\">\n<div class=\"featured_block_inner\">\n<div class=\"featured_block_text\">\n<div class=\"cmsmasters_heading\" style=\"text-align: center;\"><div id=\"cmsmasters_heading_99ptu5po55\" class=\"cmsmasters_heading_wrap cmsmasters_heading_align_center\">\n\t<h3 class=\"cmsmasters_heading\">Aktiv<\/h3>\n<\/div><div id=\"cmsmasters_heading_px0jt4s1yi\" class=\"cmsmasters_heading_wrap cmsmasters_heading_align_center\">\n\t<h2 class=\"cmsmasters_heading\">Winter<\/h2>\n<\/div><\/div>\n<div class=\"cmsmasters_heading\" style=\"text-align: left;\"><\/div>\n<div>\n<ul>\n<li class=\"cmsmasters_heading\" style=\"text-align: left;\"><strong>Alpinski ohne Grenzen<\/strong><br \/>\nPerfekt pr\u00e4parierte Pisten, weite Panoramen und die Freiheit, durch W\u00e4lder und entlang von Graten abzufahren. Die Skigebiete der Region Tarvis bieten Erlebnisse, die sowohl f\u00fcr Anf\u00e4nger als auch f\u00fcr erfahrene Skifahrer geeignet sind.<br \/>\nIn Camporosso ist die Seilbahn auf den Monte Lussari zweimal pro Woche f\u00fcr Nachtskifahren von 19:00 bis 23:00 Uhr ge\u00f6ffnet.<br \/>\nDank der geografischen N\u00e4he zu \u00d6sterreich und Slowenien k\u00f6nnen Sie zudem einen echten Urlaub ohne Grenzen erleben. Das touristische Angebot wird durch die <a href=\"https:\/\/kranjska-gora.si\/de\/aktivit%C3%A4ten\/skifahren\" target=\"_blank\" rel=\"noopener\"><strong>nahegelegenen Skigebiete Kranjska Gora<\/strong><\/a> (Slowenien), <a href=\"https:\/\/www.kaernten.at\/kaernten-skigebiete\/dreilaendereck\/\" target=\"_blank\" rel=\"noopener\"><strong>Arnoldstein<\/strong><\/a> (\u00d6sterreich) und <a href=\"https:\/\/www.nassfeld.at\/de\/Winter-World\/Sun-Ski-World\/Skigebiet-Nassfeld\" target=\"_blank\" rel=\"noopener\"><strong>Passo Pramollo \/ Nassfeld<\/strong><\/a> (\u00d6sterreich) erg\u00e4nzt.<\/li>\n<li><strong>Ski Nordisch<br \/>\n<\/strong>Eine langsame und regenerierende Art, den Schnee zu erleben. Pr\u00e4parierte Rundloipen, Strecken mitten in der Natur und viel Ruhe, um den eigenen Atemrhythmus zu genie\u00dfen. Das Gebiet rund um Tarvis wird von vielen als wahres Paradies f\u00fcr den Langlauf angesehen.<br \/>\nFans des nordischen Skisports k\u00f6nnen <strong>\u00fcber 60 Kilometer perfekt gespurter Loipen<\/strong> nutzen: Strecken, die durch unber\u00fchrte T\u00e4ler am Fu\u00dfe einer der landschaftlich eindrucksvollsten Alpenketten des gesamten Alpenbogens f\u00fchren..<\/li>\n<li><strong>Skitouren und Wanderungen mit den Schneeschuhen<br \/>\n<\/strong>F\u00fcr alle, die stille Anstiege, frischen Pulverschnee und einsame Spuren lieben. Faszinierende Routen f\u00fchren Sie ins Herz der urspr\u00fcnglichsten Bergwelt.<\/li>\n<li><strong>Telemark<br \/>\n<\/strong>Eleganz und Tradition treffen aufeinander in einer Disziplin, die einzigartige Gef\u00fchle im Schnee schenkt \u2013 perfekt f\u00fcr alle, die einen Stil abseits des Gew\u00f6hnlichen erleben m\u00f6chten.<\/li>\n<\/ul>\n<\/div>\n\n<\/div>\n<\/div>\n<\/div>\n<\/div><\/div>\n<div id=\"cmsmasters_column_e02e0930e3\" class=\"cmsmasters_column one_half\">\n<div class=\"cmsmasters_column_inner\"><\/div><\/div>\n<\/div>\n<\/div>\n<\/div>\n<\/div>\n<\/div>\n<div id=\"cmsmasters_row_1d4c30e4d6\" class=\"cmsmasters_row cmsmasters_color_scheme_default cmsmasters_row_top_default cmsmasters_row_bot_default cmsmasters_row_fullwidth\">\n<div class=\"cmsmasters_row_outer_parent\">\n<div class=\"cmsmasters_row_outer\">\n<div class=\"cmsmasters_row_inner cmsmasters_row_fullwidth cmsmasters_row_no_margin\">\n<div class=\"cmsmasters_row_margin cmsmasters_row_columns_behavior\">\n<div id=\"cmsmasters_column_90e1320cfd\" class=\"cmsmasters_column one_half\">\n<div class=\"cmsmasters_column_inner\"><\/div><\/div>\n<div id=\"cmsmasters_column_652e776471\" class=\"cmsmasters_column one_half\">\n<div class=\"cmsmasters_column_inner\"><div id=\"cmsmasters_fb_dledmzqem\" class=\"cmsmasters_featured_block\">\n<div class=\"featured_block_inner\">\n<div class=\"featured_block_text\">\n<div id=\"cmsmasters_heading_99ptu5po55\" class=\"cmsmasters_heading_wrap cmsmasters_heading_align_center\">\n\t<h3 class=\"cmsmasters_heading\">Einmalige<\/h3>\n<\/div><div id=\"cmsmasters_heading_px0jt4s1yi\" class=\"cmsmasters_heading_wrap cmsmasters_heading_align_center\">\n\t<h2 class=\"cmsmasters_heading\">Erlebnisse<\/h2>\n<\/div>\n<div>\n<ul>\n<li><strong>Mushing \u2013 Schlittendhunde<br \/>\n<a href=\"https:\/\/www.ararad.net\/?lang=EN\" target=\"_blank\" rel=\"noopener\">Monica D\u2019Eliso und Ararad Khatchikian<\/a><\/strong> \u2013 die einzigen italienischen Musher, die an den spannendsten Rennen der Welt wie dem Iditarod und der Yukon Quest in Alaska teilgenommen haben \u2013 erwarten Sie mit ihren 50 fr\u00f6hlichen Schlittenhunden in der eindrucksvollen Kulisse der Piana di Fusine.<br \/>\nEin faszinierendes, intensives und naturnahes Erlebnis. Eine Fahrt mit dem Hundeschlitten zu lenken oder als Gast zu erleben, geh\u00f6rt zu den emotionalsten Aktivit\u00e4ten unseres Winters.<\/li>\n<li><strong>Reittouren und Schlittenfahrten<\/strong><br \/>\nF\u00fcr alle, die Romantik oder einen Moment vollkommener Ruhe suchen: Der Schnee knirscht unter den F\u00fc\u00dfen, die Landschaft \u00f6ffnet sich, und die Zeit wird langsamer.<\/li>\n<li><strong>Eislaufen<\/strong><br \/>\nSpa\u00df f\u00fcr alle \u2013 perfekt als Abwechslung zu den Aktivit\u00e4ten im Schnee.<br \/>\nIm <a href=\"https:\/\/www.ghiacciopontebba.it\/\" target=\"_blank\" rel=\"noopener\"><strong>Eisstadion von Pontebba<\/strong><\/a> ist den ganzen Winter \u00fcber Eis garantiert: der ideale Ort, um bei jedem Wetter und in jedem Alter Schlittschuh zu laufen. Die notwendige Ausr\u00fcstung kann vor Ort ausgeliehen werden.<\/li>\n<li><strong>Indoor Sportklettern<\/strong><br \/>\nEine ideale Alternative, wenn das Wetter nicht mitspielt oder wenn Sie eine dynamische und unterhaltsame Aktivit\u00e4t in geschlossenen R\u00e4umen ausprobieren m\u00f6chten. Erfahrene Kletterer wie auch Einsteiger finden in der k\u00fcnstlichen Kletteranlage im modernen Sportzentrum von Tarvisio passende Herausforderungen.<\/li>\n<\/ul>\n<\/div>\n<div><\/div>\n\n<\/div>\n<\/div>\n<\/div>\n<\/div><\/div>\n<\/div>\n<\/div>\n<\/div>\n<\/div>\n<\/div>\n\n","protected":false},"excerpt":{"rendered":"","protected":false},"author":1,"featured_media":0,"parent":0,"menu_order":0,"comment_status":"closed","ping_status":"closed","template":"","meta":{"footnotes":""},"class_list":["post-17809","page","type-page","status-publish","hentry"],"publishpress_future_action":{"enabled":false,"date":"2026-04-24 05:16:12","action":"change-status","newStatus":"draft","terms":[],"taxonomy":"translation_priority","extraData":[]},"publishpress_future_workflow_manual_trigger":{"enabledWorkflows":[]},"_links":{"self":[{"href":"https:\/\/chaletalpigiulie.com\/de\/wp-json\/wp\/v2\/pages\/17809","targetHints":{"allow":["GET"]}}],"collection":[{"href":"https:\/\/chaletalpigiulie.com\/de\/wp-json\/wp\/v2\/pages"}],"about":[{"href":"https:\/\/chaletalpigiulie.com\/de\/wp-json\/wp\/v2\/types\/page"}],"author":[{"embeddable":true,"href":"https:\/\/chaletalpigiulie.com\/de\/wp-json\/wp\/v2\/users\/1"}],"replies":[{"embeddable":true,"href":"https:\/\/chaletalpigiulie.com\/de\/wp-json\/wp\/v2\/comments?post=17809"}],"version-history":[{"count":5,"href":"https:\/\/chaletalpigiulie.com\/de\/wp-json\/wp\/v2\/pages\/17809\/revisions"}],"predecessor-version":[{"id":17810,"href":"https:\/\/chaletalpigiulie.com\/de\/wp-json\/wp\/v2\/pages\/17809\/revisions\/17810"}],"wp:attachment":[{"href":"https:\/\/chaletalpigiulie.com\/de\/wp-json\/wp\/v2\/media?parent=17809"}],"curies":[{"name":"wp","href":"https:\/\/api.w.org\/{rel}","templated":true}]}}