{"id":17819,"date":"2025-12-24T01:53:00","date_gmt":"2025-12-24T00:53:00","guid":{"rendered":"http:\/\/chaletalpigiulie.com\/in-estate\/"},"modified":"2026-02-04T01:56:27","modified_gmt":"2026-02-04T00:56:27","slug":"im-sommer","status":"publish","type":"page","link":"https:\/\/chaletalpigiulie.com\/de\/im-sommer\/","title":{"rendered":"Im Sommer"},"content":{"rendered":"<div id=\"cmsmasters_row_2375c7f785\" class=\"cmsmasters_row cmsmasters_color_scheme_default cmsmasters_row_top_default cmsmasters_row_bot_default cmsmasters_row_boxed\">\n<div class=\"cmsmasters_row_outer_parent\">\n<div class=\"cmsmasters_row_outer\">\n<div class=\"cmsmasters_row_inner\">\n<div class=\"cmsmasters_row_margin\">\n<div id=\"cmsmasters_column_cdddf24f42\" class=\"cmsmasters_column one_first\">\n<div class=\"cmsmasters_column_inner\"><p><\/p>\n<\/div><\/div>\n<\/div>\n<\/div>\n<\/div>\n<\/div>\n<\/div>\n<div id=\"cmsmasters_row_3134339493\" class=\"cmsmasters_row cmsmasters_color_scheme_default cmsmasters_row_top_default cmsmasters_row_bot_default cmsmasters_row_fullwidth\">\n<div class=\"cmsmasters_row_outer_parent\">\n<div class=\"cmsmasters_row_outer\">\n<div class=\"cmsmasters_row_inner cmsmasters_row_fullwidth\">\n<div class=\"cmsmasters_row_margin\">\n<div id=\"cmsmasters_column_b8c40e5d6e\" class=\"cmsmasters_column one_first\">\n<div class=\"cmsmasters_column_inner\">\n<div class=\"cmsmasters_slider\">\n\t\t\t\t<p class=\"rs-p-wp-fix\"><\/p>\n\t\t\t\t<sr7-module data-alias=\"in-inverno-1\" data-id=\"9\" id=\"SR7_9_1\" class=\"rs-ov-hidden\" data-version=\"6.7.38\">\n\t\t\t\t\t<sr7-adjuster><\/sr7-adjuster>\n\t\t\t\t\t<sr7-content>\n\t\t\t\t\t\t<sr7-slide id=\"SR7_9_1-34\" data-key=\"34\">\n\t\t\t\t\t\t\t<sr7-bg id=\"SR7_9_1-34-3\" class=\"sr7-layer\"><noscript><img decoding=\"async\" src=\"http:\/\/chaletalpigiulie.com\/wp-content\/uploads\/2025\/12\/Laghi_di_Fusine_1_48396039076.jpg\" alt=\"Di Frerk Meyer from Buchholz in der Nordheide, Niedersachsen - Laghi di Fusine 1\" title=\"Di Frerk Meyer from Buchholz in der Nordheide, Niedersachsen &#8211; Laghi di Fusine 1\"><\/noscript><\/sr7-bg>\n\t\t\t\t\t\t\t<h6 id=\"SR7_9_1-34-1\" class=\"sr7-layer\">LO SPIRITO DELL'ESTATE<\/h6>\n\t\t\t\t\t\t\t<sr7-txt id=\"SR7_9_1-34-2\" class=\"sr7-layer\">Specchi d'acqua color smeraldo<\/sr7-txt>\n\t\t\t\t\t\t<\/sr7-slide>\n\t\t\t\t\t\t<sr7-slide id=\"SR7_9_1-36\" data-key=\"36\">\n\t\t\t\t\t\t\t<sr7-bg id=\"SR7_9_1-36-3\" class=\"sr7-layer\"><noscript><img decoding=\"async\" src=\"http:\/\/chaletalpigiulie.com\/wp-content\/uploads\/2025\/12\/csm_alpinismo_eb9126e44b.jpg\" alt=\"trekking alpi giulie chalet resort\" title=\"trekking alpi giulie chalet resort\"><\/noscript><\/sr7-bg>\n\t\t\t\t\t\t\t<h6 id=\"SR7_9_1-36-1\" class=\"sr7-layer\">LO SPIRITO DELL'ESTATE<\/h6>\n\t\t\t\t\t\t\t<sr7-txt id=\"SR7_9_1-36-2\" class=\"sr7-layer\">Sentieri infiniti<\/sr7-txt>\n\t\t\t\t\t\t<\/sr7-slide>\n\t\t\t\t\t\t<sr7-slide id=\"SR7_9_1-35\" data-key=\"35\">\n\t\t\t\t\t\t\t<sr7-bg id=\"SR7_9_1-35-3\" class=\"sr7-layer\"><noscript><img decoding=\"async\" src=\"http:\/\/chaletalpigiulie.com\/wp-content\/uploads\/2025\/12\/csm_mountainbike_3a37ca0114.jpg\" alt=\"mountain bike alpi giulie chalet resort\" title=\"mountain bike alpi giulie chalet resort\"><\/noscript><\/sr7-bg>\n\t\t\t\t\t\t\t<h6 id=\"SR7_9_1-35-1\" class=\"sr7-layer\">LO SPIRITO DELL'ESTATE<\/h6>\n\t\t\t\t\t\t\t<sr7-txt id=\"SR7_9_1-35-2\" class=\"sr7-layer\">A ruota libera<\/sr7-txt>\n\t\t\t\t\t\t<\/sr7-slide>\n\t\t\t\t\t\t<sr7-slide id=\"SR7_9_1-37\" data-key=\"37\">\n\t\t\t\t\t\t<\/sr7-slide>\n\t\t\t\t\t<\/sr7-content>\n\t\t\t\t\t<image_lists style=\"display:none\">\n\t\t\t\t\t\t<img data-src=\"\/\/chaletalpigiulie.com\/wp-content\/uploads\/2025\/12\/Laghi_di_Fusine_1_48396039076.jpg\" data-libid=\"17296\" data-lib=\"medialibrary\" alt=\"Di Frerk Meyer from Buchholz in der Nordheide, Niedersachsen - Laghi di Fusine 1\" title=\"Di Frerk Meyer from Buchholz in der Nordheide, Niedersachsen &#8211; Laghi di Fusine 1\" width=\"0\" height=\"0\" data-dbsrc=\"Ly9jaGFsZXRhbHBpZ2l1bGllLmNvbS93cC1jb250ZW50L3VwbG9hZHMvMjAyNS8xMi9MYWdoaV9kaV9GdXNpbmVfMV80ODM5NjAzOTA3Ni5qcGc=\"\/>\n\t\t\t\t\t\t<img data-src=\"\/\/chaletalpigiulie.com\/wp-content\/uploads\/2025\/12\/csm_mountainbike_3a37ca0114.jpg\" data-libid=\"17303\" data-lib=\"medialibrary\" alt=\"mountain bike alpi giulie chalet resort\" title=\"mountain bike alpi giulie chalet resort\" width=\"0\" height=\"0\" data-dbsrc=\"Ly9jaGFsZXRhbHBpZ2l1bGllLmNvbS93cC1jb250ZW50L3VwbG9hZHMvMjAyNS8xMi9jc21fbW91bnRhaW5iaWtlXzNhMzdjYTAxMTQuanBn\"\/>\n\t\t\t\t\t\t<img data-src=\"\/\/chaletalpigiulie.com\/wp-content\/uploads\/2025\/12\/csm_alpinismo_eb9126e44b.jpg\" data-libid=\"17294\" data-lib=\"medialibrary\" alt=\"trekking alpi giulie chalet resort\" title=\"trekking alpi giulie chalet resort\" width=\"0\" height=\"0\" data-dbsrc=\"Ly9jaGFsZXRhbHBpZ2l1bGllLmNvbS93cC1jb250ZW50L3VwbG9hZHMvMjAyNS8xMi9jc21fYWxwaW5pc21vX2ViOTEyNmU0NGIuanBn\"\/>\n\t\t\t\t\t<\/image_lists>\n\t\t\t\t<\/sr7-module>\n\t\t\t\t<script>\n\t\t\t\t\tSR7.PMH ??={}; SR7.PMH[\"SR7_9_1\"] = {cn:100,state:false,fn: function() { if (_tpt!==undefined && _tpt.prepareModuleHeight !== undefined) {  _tpt.prepareModuleHeight({id:\"SR7_9_1\",el:[885,885,768,600,420],type:'standard',shdw:'0',gh:[885,885,768,600,420],gw:[1920,1920,1024,778,480],vpt:['-200px&#039;,&#039;-200px&#039;,&#039;-200px&#039;,&#039;-200px&#039;,&#039;-200px'],size:{fullWidth:false, fullHeight:false},mh:'0',onh:0,onw:0,bg:{color:'{\"orig\":\"transparent\",\"type\":\"solid\",\"string\":\"transparent\"}'},plType:'0',plColor:'#FFFFFF'});   SR7.PMH[\"SR7_9_1\"].state=true;} else if(SR7.PMH[\"SR7_9_1\"].cn-->0)\tsetTimeout( SR7.PMH[\"SR7_9_1\"].fn,19);}};SR7.PMH[\"SR7_9_1\" ].fn();\n\t\t\t\t<\/script>\n<\/div>\n<\/div><\/div>\n<\/div>\n<\/div>\n<\/div>\n<\/div>\n<\/div>\n<div id=\"cmsmasters_row_b3grnb9esh\" class=\"cmsmasters_row cmsmasters_color_scheme_default cmsmasters_row_top_default cmsmasters_row_bot_default cmsmasters_row_boxed\">\n<div class=\"cmsmasters_row_outer_parent\">\n<div class=\"cmsmasters_row_outer\">\n<div class=\"cmsmasters_row_inner\">\n<div class=\"cmsmasters_row_margin\">\n<div id=\"cmsmasters_column_4obwm14cdj\" class=\"cmsmasters_column one_first\">\n<div class=\"cmsmasters_column_inner\"><div id=\"cmsmasters_heading_6yjmqehhqg\" class=\"cmsmasters_heading_wrap cmsmasters_heading_align_center\">\n\t<h3 class=\"cmsmasters_heading\">Der Geist<\/h3>\n<\/div><div id=\"cmsmasters_heading_on9ekje8y5\" class=\"cmsmasters_heading_wrap cmsmasters_heading_align_center\">\n\t<h2 class=\"cmsmasters_heading\">des Sommers<\/h2>\n<\/div><div id=\"cmsmasters_fb_a0efbc8f41\" class=\"cmsmasters_featured_block\">\n<div class=\"featured_block_inner\">\n<div class=\"featured_block_text\">\n<p style=\"text-align: center;\"><span style=\"color: #6a6a6a; font-size: 20px; line-height: 28px;\">SMARAGDGR\u00dcNE WASSERSPIEGEL<\/span><\/p>\n<p><strong>Ein Tag am See<\/strong><\/p>\n<p>Ein herrlicher, sonnenerf\u00fcllter Tag \u2026 kann auch zu einem Tag werden, an dem man sich ganz dem Wohlbefinden der Seele widmet, um sich innerlich mit der Einfachheit und Sch\u00f6nheit von smaragdgr\u00fcnen Seen, imposanten alten B\u00e4umen und atemberaubenden Felsw\u00e4nden erf\u00fcllen zu lassen!<\/p>\n<p>Einen Tag an den Weissenfelser Seen (Laghi di Fusine) verbringen &#8230; die zwei kleinen Naturjuwele, die zu F\u00fcssen der Julischen Alpen liegen, hinterlassen im Herzen ein Gef\u00fchl von F\u00fclle und Heiterkeit. Ein Spaziergang, ein Pic-nic, die Lekt\u00fcre eines Buches an den ruhigen Seeufern, so geniesst man die Zeit am besten \u2026<\/p>\n<p>Genauso bezaubernd ist der legend\u00e4re Raiblersee (Lago di Raibl): hier kann man in den heissen Sommertagen eine wohltuende Frische an sehr gepflegten Str\u00e4nden, mit dem Windsurf, dem Kayak oder einem Ruderboot in vollen Z\u00fcgen geniessen.<\/p>\n\n<\/div>\n<\/div>\n<\/div>\n<\/div><\/div>\n<\/div>\n<\/div>\n<\/div>\n<\/div>\n<\/div>\n<div id=\"cmsmasters_row_29c43b215b\" class=\"cmsmasters_row cmsmasters_color_scheme_default cmsmasters_row_top_default cmsmasters_row_bot_default cmsmasters_row_fullwidth\">\n<div class=\"cmsmasters_row_outer_parent\">\n<div class=\"cmsmasters_row_outer\">\n<div class=\"cmsmasters_row_inner cmsmasters_row_fullwidth cmsmasters_row_no_margin\">\n<div class=\"cmsmasters_row_margin cmsmasters_row_columns_behavior\">\n<div id=\"cmsmasters_column_24ddda560b\" class=\"cmsmasters_column one_half\">\n<div class=\"cmsmasters_column_inner\"><div id=\"cmsmasters_fb_ddl3d9sws\" class=\"cmsmasters_featured_block\">\n<div class=\"featured_block_inner\">\n<div class=\"featured_block_text\">\n<div class=\"cmsmasters_heading\" style=\"text-align: center;\"><div id=\"cmsmasters_heading_99ptu5po55\" class=\"cmsmasters_heading_wrap cmsmasters_heading_align_center\">\n\t<h3 class=\"cmsmasters_heading\">Sommer<\/h3>\n<\/div><div id=\"cmsmasters_heading_px0jt4s1yi\" class=\"cmsmasters_heading_wrap cmsmasters_heading_align_center\">\n\t<h2 class=\"cmsmasters_heading\">wanderungen<\/h2>\n<\/div><\/div>\n<div class=\"cmsmasters_heading\" style=\"text-align: left;\"><\/div>\n<div>\n<p>Sie werden einfach \u00fcberrascht sein von der F\u00fclle der M\u00f6glichkeiten, die die Region Tarvis bietet! Das Trekking in den Julischen und Karnischen Alpen ist nicht nur eine Bezeichnung, sondern ein Versprechen!<\/p>\n<p>Valbruna und Tarvisio sind Teil des <a href=\"https:\/\/www.alpe-adria-trail.com\/de\/der-trail\/\" target=\"_blank\" rel=\"noopener\"><strong>Alpe Adria Trail<\/strong><\/a>, eines grenz\u00fcberschreitenden Projekts, das die drei Regionen K\u00e4rnten, Slowenien und Friaul-Julisch Venetien miteinander verbindet. Die Alpe-Adria-Regionen sind durch einen Fernwanderweg verbunden, der vom Fu\u00df des h\u00f6chsten Berges \u00d6sterreichs, dem Gro\u00dfglockner, bis an die Ufer der Adria nach Muggia f\u00fchrt \u2013 in insgesamt 43 aufeinanderfolgenden Etappen.<\/p>\n<p>In der Umgebung unserer Chalets gibt es unz\u00e4hlige Talwege, Wanderpfade, die zu den Wiesen und Almen der sanften und zugleich imposanten Karnischen Alpen f\u00fchren, Touren zu den Bergh\u00fctten der majest\u00e4tischen Julischen Alpen sowie Routen f\u00fcr mehr oder weniger erfahrene Alpinisten, um die begehrtesten Gipfel zu erreichen.<\/p>\n<p>&nbsp;<\/p>\n<p><strong>Nachfolgend einige Routen, die nicht allzu schwierig sind<\/strong>:<\/p>\n<p>Tal der Laghi di Fusine<br \/>\nSaisera Tal<br \/>\nBartolo Tal<br \/>\nLuschari Berg<br \/>\nSchutzh\u00fctte Rifugio Zacchi<br \/>\nSchutzh\u00fctte Rifugio Pellarini<br \/>\nSchutzh\u00fctte Rifugio Brazz\u00e0<br \/>\nSchutzh\u00fctte Rifugio Grego<br \/>\nMonte Nebria<br \/>\nCappella Zita<br \/>\nAlmen Malga Priu e Malga Mezesnik<br \/>\nUrlaub am Bauernhof Betrieb Agriurismo Gacceman<br \/>\nSchutzh\u00fctte Rifugio Nordio<br \/>\nSchutzh\u00fctte Rifugio Gilberti<br \/>\nMonte Cocco<br \/>\nSella Bistrizza und Ojsternig bzw. Achomitzer Alm<br \/>\nCima Bella<br \/>\nSchlucht Orrido dello Slizza<\/p>\n<\/div>\n\n<\/div>\n<\/div>\n<\/div>\n<\/div><\/div>\n<div id=\"cmsmasters_column_e02e0930e3\" class=\"cmsmasters_column one_half\">\n<div class=\"cmsmasters_column_inner\"><\/div><\/div>\n<\/div>\n<\/div>\n<\/div>\n<\/div>\n<\/div>\n<div id=\"cmsmasters_row_1d4c30e4d6\" class=\"cmsmasters_row cmsmasters_color_scheme_default cmsmasters_row_top_default cmsmasters_row_bot_default cmsmasters_row_fullwidth\">\n<div class=\"cmsmasters_row_outer_parent\">\n<div class=\"cmsmasters_row_outer\">\n<div class=\"cmsmasters_row_inner cmsmasters_row_fullwidth cmsmasters_row_no_margin\">\n<div class=\"cmsmasters_row_margin cmsmasters_row_columns_behavior\">\n<div id=\"cmsmasters_column_90e1320cfd\" class=\"cmsmasters_column one_half\">\n<div class=\"cmsmasters_column_inner\"><\/div><\/div>\n<div id=\"cmsmasters_column_652e776471\" class=\"cmsmasters_column one_half\">\n<div class=\"cmsmasters_column_inner\"><div id=\"cmsmasters_fb_dledmzqem\" class=\"cmsmasters_featured_block\">\n<div class=\"featured_block_inner\">\n<div class=\"featured_block_text\">\n<div id=\"cmsmasters_heading_99ptu5po55\" class=\"cmsmasters_heading_wrap cmsmasters_heading_align_center\">\n\t<h3 class=\"cmsmasters_heading\">Alpine<\/h3>\n<\/div><div id=\"cmsmasters_heading_px0jt4s1yi\" class=\"cmsmasters_heading_wrap cmsmasters_heading_align_center\">\n\t<h2 class=\"cmsmasters_heading\">Hochtouren<\/h2>\n<\/div>\n<div>\n<p style=\"text-align: center;\">\u201c<em>Unz\u00e4hlige Berge habe ich gesehen \u2013 aber keine sind sch\u00f6n wie die Julischen Alpen. Meine Jugendtr\u00e4ume haben diese Berge zur Heimat meiner Seele gemacht.<\/em>\u201d<br \/>\nJulius Kugy<\/p>\n<p>Die Aufstiegsm\u00f6glichkeiten, die die Julischen Alpen bieten sind sehr vielf\u00e4ltig.<br \/>\nTrotz der relativ niedrigen H\u00f6hen, sind diese Berge sehr \u201ewild\u201c und haben recht extreme Merkmale, was sie vielleicht gerade deshalb so faszinierend macht. Auf diesen Gipfeln wurden sehr k\u00fchne und anspruchsvolle Klettersteige f\u00fcr freies Klettern er\u00f6ffnet, die zu den schwierigsten der ganzen Alpenkette geh\u00f6ren. Sehr zahlreich sind andererseits die ausger\u00fcsteten Wege und die befestigten Klettersteige, wo die erfahrenen Sportkletterer die Faszination von Abenteuern erleben k\u00f6nnen, die normalerweise nur den Bergsteigern vorbehalten ist.<br \/>\nZahlreich sind da die recht leichten Touren, die generell als \u201enormale\u201c Klettersteige gelten.<\/p>\n<p>Die vollst\u00e4ndige Liste der Kletterwege der Julischen Alpen ist im F\u00fchrer des Italienischen Alpenvereins CAI von Gino Buscaini ver\u00f6ffentlicht.<\/p>\n<p><strong>Nachfolgend einige der interessantesten Touren<\/strong>:<\/p>\n<p>J\u00f4f di Sompdogna,<br \/>\nCima di terra rossa<br \/>\nJ\u00f4f di Montasio<br \/>\nJ\u00f4f Fuart<br \/>\nGrande Nabois<br \/>\nJ\u00f4f di miezegnot<br \/>\nMonte Re<br \/>\nMonte Mangart<br \/>\nCima Cacciatore<br \/>\nMonte Canin<\/p>\n<\/div>\n<div><\/div>\n\n<\/div>\n<\/div>\n<\/div>\n<\/div><\/div>\n<\/div>\n<\/div>\n<\/div>\n<\/div>\n<\/div>\n<div id=\"cmsmasters_row_2pguzvk4zj\" class=\"cmsmasters_row cmsmasters_color_scheme_default cmsmasters_row_top_default cmsmasters_row_bot_default cmsmasters_row_fullwidth\">\n<div class=\"cmsmasters_row_outer_parent\">\n<div class=\"cmsmasters_row_outer\">\n<div class=\"cmsmasters_row_inner cmsmasters_row_fullwidth cmsmasters_row_no_margin\">\n<div class=\"cmsmasters_row_margin cmsmasters_row_columns_behavior\">\n<div id=\"cmsmasters_column_9697thg7t\" class=\"cmsmasters_column one_half\">\n<div class=\"cmsmasters_column_inner\"><div id=\"cmsmasters_fb_4r872lyc24\" class=\"cmsmasters_featured_block\">\n<div class=\"featured_block_inner\">\n<div class=\"featured_block_text\">\n<div id=\"cmsmasters_heading_09noxujiir\" class=\"cmsmasters_heading_wrap cmsmasters_heading_align_center\">\n\t<h3 class=\"cmsmasters_heading\">Routen<\/h3>\n<\/div><div id=\"cmsmasters_heading_nsdmlij03m\" class=\"cmsmasters_heading_wrap cmsmasters_heading_align_center\">\n\t<h2 class=\"cmsmasters_heading\">Mountainbike<\/h2>\n<\/div>\n<div>\n<p>Das Mountain Bike erm\u00f6glicht uns, abgelegene Orte weit weg von den Verkehrsrouten zu entdecken und die Liebe zur Natur mit sportlicher Leidenschaft zu kombinieren. Die Region Tarvis und das Kanaltal sind sehr reich an Wegen, die sich f\u00fcrs Radfahren eignen und bieten die M\u00f6glichkeit, eindrucksvolle landschaftliche Gegenden zu entdecken. Zum Beispiel das Uggowitzer Tal, das Bartolo Tal und die Ortschaft von Camporosso, das Rio Freddo Tal und die Weissenfelser Seen (laghi di Fusine).<\/p>\n<p><a href=\"https:\/\/www.alpe-adria-radweg.com\/\" target=\"_blank\" rel=\"noopener\"><strong>Der Radweg Alpen Adria<\/strong><\/a> ist ein musterhaftes Beispiel f\u00fcr die Wiederverwendung einer alten Zugstrecke. Er verbindet in einer einzigen Strecke die drei L\u00e4nder Italien, \u00d6sterreich und Slowenien. Nur wenige Meter von Ihrem Resort entfernt finden Sie den Zugang zum Radweg. Da fahren Sie entweder Richtung Pontebba oder Richtung Tarvis, und dann weiter nach \u00d6sterreich bzw. Slowenien. Die Strecke eignet sich ideal f\u00fcr jedes Geschicklichkeitsniveau und bietet fantastische landschaftliche Ausblicke.<\/p>\n<p><strong>Nachfolgend einige klassischen Routen<\/strong>:<\/p>\n<p>Rundgang des Saisera Tales<br \/>\nBartolo Tal<br \/>\nUggowitzer Alm<br \/>\nRauna Tal \u2013 Meseznig Alm<br \/>\nSchutzh\u00fctte \u201eRifugio Nordio\u201c<br \/>\nAchomitzer Gipfel<br \/>\nMonte Goriane<br \/>\nMonte Forno<br \/>\nLuschari Berg<br \/>\nSchutzh\u00fctte \u201eRifugio Zacchi\u201c<br \/>\nRio Freddo Tal<\/p>\n<\/div>\n<div><\/div>\n\n<\/div>\n<\/div>\n<\/div>\n<\/div><\/div>\n<div id=\"cmsmasters_column_7bquj7wtaf\" class=\"cmsmasters_column one_half\">\n<div class=\"cmsmasters_column_inner\"><\/div><\/div>\n<\/div>\n<\/div>\n<\/div>\n<\/div>\n<\/div>\n<div id=\"cmsmasters_row_wy85vwfkkk\" class=\"cmsmasters_row cmsmasters_color_scheme_default cmsmasters_row_top_default cmsmasters_row_bot_default cmsmasters_row_fullwidth\">\n<div class=\"cmsmasters_row_outer_parent\">\n<div class=\"cmsmasters_row_outer\">\n<div class=\"cmsmasters_row_inner cmsmasters_row_fullwidth cmsmasters_row_no_margin\">\n<div class=\"cmsmasters_row_margin cmsmasters_row_columns_behavior\">\n<div id=\"cmsmasters_column_t7uolohot0\" class=\"cmsmasters_column one_half\">\n<div class=\"cmsmasters_column_inner\"><\/div><\/div>\n<div id=\"cmsmasters_column_u3s6pr0pms\" class=\"cmsmasters_column one_half\">\n<div class=\"cmsmasters_column_inner\"><div id=\"cmsmasters_fb_t6t3qfaqd\" class=\"cmsmasters_featured_block\">\n<div class=\"featured_block_inner\">\n<div class=\"featured_block_text\">\n<div id=\"cmsmasters_heading_8r0ybzqxjk\" class=\"cmsmasters_heading_wrap cmsmasters_heading_align_center\">\n\t<h3 class=\"cmsmasters_heading\">Weitere<\/h3>\n<\/div><div id=\"cmsmasters_heading_i9u3rdm4ua\" class=\"cmsmasters_heading_wrap cmsmasters_heading_align_center\">\n\t<h2 class=\"cmsmasters_heading\">Sommeraktivit\u00e4ten<\/h2>\n<\/div>\n<div>\n<ul>\n<li><strong>Golf<\/strong><br \/>\nNur 4 km von Ihrem Chalet entfernt befindet sich <a href=\"https:\/\/golfsenzaconfini.com\/de\" target=\"_blank\" rel=\"noopener\"><strong>der Golfplatz von Tarvisio<\/strong><\/a>, eingebettet in die beeindruckende Kulisse der Alpen, zwischen L\u00e4rchen- und Buchenw\u00e4ldern sowie den felsigen Gipfeln des Monte Mangart. Mit seinen 18 L\u00f6chern z\u00e4hlt der Golfplatz von Tarvisio zu den interessantesten Bergpl\u00e4tzen: Er kombiniert flache Spielbahnen mit leicht h\u00fcgeligen Abschnitten und begeistert mit gro\u00dfz\u00fcgigen Fairways und weitl\u00e4ufigen Greens.<\/li>\n<li><strong>Auf den Spuren des 1. Weltkrieges<\/strong><br \/>\nDie Zeugnisse des Ersten Weltkriegs in unseren Bergen sind zahlreich und lassen sich bei Spazierg\u00e4ngen und Wanderungen entdecken. Ein besonders gelungenes Beispiel f\u00fcr die Aufarbeitung und Erforschung der Hinterlassenschaften des Ersten Weltkriegs ist <a href=\"https:\/\/www.turismofvg.it\/de\/grandeguerra-julische-alpen\/themenpark-zum-ersten-weltkrieg-abschnitt-saisera?LangSetCMS=de\" target=\"_blank\" rel=\"noopener\"><strong>der Themenpark zum Ersten Weltkrieg im Val Saisera<\/strong><\/a>, der in wenigen Autominuten von Ihrem Chalet aus erreichbar ist.<br \/>\nZahlreich sind auch die gut versteckten und getarnten Bunker in unmittelbarer N\u00e4he Ihres Chalets, wie die Opera 3 und die Opera 4. Letztere, auch als Forte Beisner bekannt, ist ein sehr gut erhaltener Bunker aus der Zeit des Faschismus, der vom italienischen Milit\u00e4r in der Nachkriegszeit bis 1992 genutzt wurde. Er besteht aus langen Stolleng\u00e4ngen und R\u00e4umen, die sich \u00fcber eine L\u00e4nge von rund tausend Metern im Inneren des Monte Kugeln erstrecken, direkt hinter Ihrem Chalet.<\/li>\n<li><strong>Dog Trekking<\/strong><br \/>\nIn der <a href=\"https:\/\/www.ararad.net\/?lang=EN\" target=\"_blank\" rel=\"noopener\"><strong>Mushing-Schule (Hundeschlittenfahren)<\/strong><\/a>, eingebettet in die spektakul\u00e4re Kulisse der Piana di Fusine, k\u00f6nnen Sie einen einzigartigen Nachmittag in Begleitung eines oder mehrerer Schlittenhunde verbringen und gemeinsam mit ihnen Naturwege erkunden, w\u00e4hrend Sie die Techniken dieser faszinierenden Disziplin erlernen.<\/li>\n<li><strong>Eislaufen<\/strong><br \/>\nVolete trascorrere un pomeriggio fuori dal comune per le calde giornate estive? Per tutti gli amanti del pattinaggio su ghiaccio e per tutti coloro in cerca di refrigerio il Palazzo del Ghiaccio di Pontebba \u00e8 aperto da met\u00e0 luglio a met\u00e0 agosto.<\/li>\n<li><strong>Bob su rotaia<\/strong><br \/>\nM\u00f6chten Sie an warmen Sommertagen einen au\u00dfergew\u00f6hnlichen Nachmittag erleben? F\u00fcr alle Liebhaber des Eislaufens und f\u00fcr alle, die Abk\u00fchlung suchen, ist der Eisstadion von Pontebba von Mitte Juli bis Mitte August ge\u00f6ffnet.<\/li>\n<li><strong>Kutschenfahrten<\/strong><br \/>\nDas Amphitheater der Julischen Alpen, dominiert vom Grande Nabois und dem Jof Fuart, bietet ein eindrucksvolles Panorama, das Sie bequem in einer von kr\u00e4ftigen Pferden gezogenen Kutsche genie\u00dfen k\u00f6nnen \u2013 ein Eintauchen in die magische Atmosph\u00e4re des Val Saisera.<\/li>\n<li><strong>Erlebnispark<\/strong><br \/>\nDer Abenteuerpark von Sella Nevea ist eine hervorragende Gelegenheit f\u00fcr Abenteuerliebhaber jeden Alters, sich an Parcours mit steigendem Schwierigkeitsgrad zu versuchen, die zwischen den B\u00e4umen angelegt sind. Sie bewegen sich \u00fcber Seile, Rollen, Br\u00fccken und Lianen \u2013 stets in v\u00f6lliger Sicherheit. Spa\u00df und Adrenalin sind garantiert!<\/li>\n<\/ul>\n<\/div>\n<div><\/div>\n\n<\/div>\n<\/div>\n<\/div>\n<\/div><\/div>\n<\/div>\n<\/div>\n<\/div>\n<\/div>\n<\/div>\n\n","protected":false},"excerpt":{"rendered":"","protected":false},"author":1,"featured_media":0,"parent":0,"menu_order":0,"comment_status":"closed","ping_status":"closed","template":"","meta":{"footnotes":""},"class_list":["post-17819","page","type-page","status-publish","hentry"],"publishpress_future_action":{"enabled":false,"date":"2026-04-24 05:16:38","action":"change-status","newStatus":"draft","terms":[],"taxonomy":"translation_priority","extraData":[]},"publishpress_future_workflow_manual_trigger":{"enabledWorkflows":[]},"_links":{"self":[{"href":"https:\/\/chaletalpigiulie.com\/de\/wp-json\/wp\/v2\/pages\/17819","targetHints":{"allow":["GET"]}}],"collection":[{"href":"https:\/\/chaletalpigiulie.com\/de\/wp-json\/wp\/v2\/pages"}],"about":[{"href":"https:\/\/chaletalpigiulie.com\/de\/wp-json\/wp\/v2\/types\/page"}],"author":[{"embeddable":true,"href":"https:\/\/chaletalpigiulie.com\/de\/wp-json\/wp\/v2\/users\/1"}],"replies":[{"embeddable":true,"href":"https:\/\/chaletalpigiulie.com\/de\/wp-json\/wp\/v2\/comments?post=17819"}],"version-history":[{"count":7,"href":"https:\/\/chaletalpigiulie.com\/de\/wp-json\/wp\/v2\/pages\/17819\/revisions"}],"predecessor-version":[{"id":17829,"href":"https:\/\/chaletalpigiulie.com\/de\/wp-json\/wp\/v2\/pages\/17819\/revisions\/17829"}],"wp:attachment":[{"href":"https:\/\/chaletalpigiulie.com\/de\/wp-json\/wp\/v2\/media?parent=17819"}],"curies":[{"name":"wp","href":"https:\/\/api.w.org\/{rel}","templated":true}]}}