{"id":17401,"date":"2015-11-18T08:37:53","date_gmt":"2015-11-18T07:37:53","guid":{"rendered":"http:\/\/chaletalpigiulie.com\/home-store\/"},"modified":"2026-02-02T20:20:06","modified_gmt":"2026-02-02T19:20:06","slug":"home-store","status":"publish","type":"page","link":"https:\/\/chaletalpigiulie.com\/en\/","title":{"rendered":"Home"},"content":{"rendered":"<div id=\"cmsmasters_row_31aa9cc3b8\" class=\"cmsmasters_row cmsmasters_color_scheme_default cmsmasters_row_top_default cmsmasters_row_bot_default cmsmasters_row_fullwidth\">\n<div class=\"cmsmasters_row_outer_parent\">\n<div class=\"cmsmasters_row_outer\">\n<div class=\"cmsmasters_row_inner cmsmasters_row_fullwidth\">\n<div class=\"cmsmasters_row_margin\">\n<div id=\"cmsmasters_column_7930e4e65e\" class=\"cmsmasters_column one_first\">\n<div class=\"cmsmasters_column_inner\"><div class=\"cmsmasters_slider\">\n\t\t\t\t<p class=\"rs-p-wp-fix\"><\/p>\n\t\t\t\t<sr7-module data-alias=\"homepage-slider-11\" data-id=\"11\" id=\"SR7_11_1\" data-version=\"6.7.38\">\n\t\t\t\t\t<sr7-adjuster><\/sr7-adjuster>\n\t\t\t\t\t<sr7-content>\n\t\t\t\t\t\t<sr7-slide id=\"SR7_11_1-47\" data-key=\"47\">\n\t\t\t\t\t\t\t<sr7-bg id=\"SR7_11_1-47-slidebg\" class=\"sr7-layer\"><noscript><img decoding=\"async\" src=\"https:\/\/chaletalpigiulie.com\/wp-content\/uploads\/2025\/11\/317898134_516736857055751_5169865184349932747_n.jpg\" alt=\"\" title=\"317898134_516736857055751_5169865184349932747_n\"><\/noscript><\/sr7-bg>\n\t\t\t\t\t\t\t<h6 id=\"SR7_11_1-47-1\" class=\"sr7-layer\">ALPI GIULIE CHALET RESORT<\/h6>\n\t\t\t\t\t\t\t<sr7-txt id=\"SR7_11_1-47-2\" class=\"sr7-layer\">Il tuo spazio alpino senza tempo<\/sr7-txt>\n\t\t\t\t\t\t\t<a id=\"SR7_11_1-47-4\" class=\"sr7-layer\" href=\"http:\/\/chaletalpigiulie.com\/filosofia\/\" target=\"_blank\" rel=\"noopener\">SCOPRICI<\/a>\n\t\t\t\t\t\t<\/sr7-slide>\n\t\t\t\t\t\t<sr7-slide id=\"SR7_11_1-46\" data-key=\"46\">\n\t\t\t\t\t\t\t<sr7-bg id=\"SR7_11_1-46-slidebg\" class=\"sr7-layer\"><noscript><img decoding=\"async\" src=\"https:\/\/chaletalpigiulie.com\/wp-content\/uploads\/2025\/12\/Foto12-DSC_0387.jpg\" alt=\"Piccoli Piaceri - Camera da letto con vasca\" title=\"Piccoli Piaceri &#8211; Camera da letto con vasca\"><\/noscript><\/sr7-bg>\n\t\t\t\t\t\t\t<h6 id=\"SR7_11_1-46-1\" class=\"sr7-layer\">I NOSTRI CHALET<\/h6>\n\t\t\t\t\t\t\t<sr7-txt id=\"SR7_11_1-46-2\" class=\"sr7-layer\">Su misura per te<\/sr7-txt>\n\t\t\t\t\t\t\t<a id=\"SR7_11_1-46-4\" class=\"sr7-layer\" href=\"http:\/\/chaletalpigiulie.com\/gli-chalet\/\" target=\"_blank\" rel=\"noopener\">ENTRA<\/a>\n\t\t\t\t\t\t<\/sr7-slide>\n\t\t\t\t\t\t<sr7-slide id=\"SR7_11_1-51\" data-key=\"51\">\n\t\t\t\t\t\t<\/sr7-slide>\n\t\t\t\t\t<\/sr7-content>\n\t\t\t\t<\/sr7-module>\n\t\t\t\t<script>\n\t\t\t\t\tSR7.PMH ??={}; SR7.PMH[\"SR7_11_1\"] = {cn:100,state:false,fn: function() { if (_tpt!==undefined && _tpt.prepareModuleHeight !== undefined) {  _tpt.prepareModuleHeight({id:\"SR7_11_1\",el:[885,768,600,420],type:'standard',shdw:'0',gh:[885,768,600,420],gw:[1920,1024,778,480],vpt:['-200px'],size:{fullWidth:false, fullHeight:false},mh:'0',onh:0,onw:0,bg:{color:'transparent'},plType:'0',plColor:'#FFFFFF'});   SR7.PMH[\"SR7_11_1\"].state=true;} else if(SR7.PMH[\"SR7_11_1\"].cn-->0)\tsetTimeout( SR7.PMH[\"SR7_11_1\"].fn,19);}};SR7.PMH[\"SR7_11_1\" ].fn();\n\t\t\t\t<\/script>\n<\/div>\n<\/div><\/div>\n<\/div>\n<\/div>\n<\/div>\n<\/div>\n<\/div>\n<div id=\"cmsmasters_row_4230c492f5\" class=\"cmsmasters_row cmsmasters_color_scheme_default cmsmasters_row_top_default cmsmasters_row_bot_default cmsmasters_row_boxed\">\n<div class=\"cmsmasters_row_outer_parent\">\n<div class=\"cmsmasters_row_outer\">\n<div class=\"cmsmasters_row_inner\">\n<div class=\"cmsmasters_row_margin\">\n<div id=\"cmsmasters_column_e4fa23546d\" class=\"cmsmasters_column one_first\">\n<div class=\"cmsmasters_column_inner\"><div class=\"custom_html\">\n<p><!-- \n    WuBook Javascript Library\n    Eventually, put it inside\n    your <head\/> tag\n--><br \/>\n<script src=\"https:\/\/wubook.net\/js\/wblib.jgz\"><\/script><br \/>\n<!-- \n     put the following div where WuBook \n     should be designed. Make sure to\n     preserve the div contents (backlink)\n--><\/p>\n<div id=\"_baror_\" >\n  <a href=\"https:\/\/wubook.net\/property-management-system\/\" style=\"display: block; margin-top: 5px; text-decoration:none;border:none;\" target=\"_blank\"><br \/>\n    <img decoding=\"async\" src=\"https:\/\/wubook.net\/imgs\/default\/booking_by_wu.gif\" alt=\"Gestionale per bed and breakfast Wubook.net\" title=\"Software online per booking e gestione Hotel\" style=\"border:none;text-decoration:none;\" \/><br \/>\n  <\/a>\n<\/div>\n<p><!-- \n     Initialize the WuBook Object.\n     Collect params settings.\n     Call WuBook.design_rwidget().\n\n     Notice WuBook Object provides a\n     lot of interesting features.\n--><br \/>\n<script>\n  var WuBook= new _WuBook(1540933648);\n  var wbparams= {\n    bgcolor: '#ffffff',\n    textcolor: '#ffffff',\n    buttoncolor: '#c19b76',\n    iconcolor: '#888888',\n    bordercolor: '#c19b76',\n    lang: '',\n    failback_lang: 'it',\n    wbgoogle: 1,\n    dcode: 0,\n    leisure: 1,\n    default_nights: 3,\n    dcodeval: ''\n  };\n  WuBook.design_rwidget(\"_baror_\", wbparams);\n<\/script><br \/>\n<!-- \n    that's all :)\n    Thank you for using WuBook!\n--><\/p>\n<\/div>\n<div id=\"cmsmasters_fb_618b8d6973\" class=\"cmsmasters_featured_block\">\n<div class=\"featured_block_inner\">\n<div class=\"featured_block_text\">\n<div id=\"cmsmasters_heading_c91fc928e0\" class=\"cmsmasters_heading_wrap cmsmasters_heading_align_center\">\n\t<h3 class=\"cmsmasters_heading\">Welcome<\/h3>\n<\/div><div id=\"cmsmasters_heading_da9e214125\" class=\"cmsmasters_heading_wrap cmsmasters_heading_align_center\">\n\t<h2 class=\"cmsmasters_heading\">Pause in the presence of the Julian Alps.<\/h2>\n<\/div>\n\n<\/div>\n<\/div>\n<\/div>\n<div id=\"cmsmasters_fb_92fb437567\" class=\"cmsmasters_featured_block\">\n<div class=\"featured_block_inner\">\n<div class=\"featured_block_text\">\n<p style=\"text-align: center;\"><span style=\"color: #6a6a6a; font-size: 20px; line-height: 28px;\">Listen.<br \/>\nBreathe.<br \/>\nHere, time comes to a standstill in silence.<br \/>\nThe heart finds its natural rhythm once again.<br \/>\nYour walking becomes one with Nature.<br \/>\nYour gaze rediscovers the shades of green and blue.<br \/>\nAt Alpi Giulie Chalet Resort, you reconnect with your Essence.<br \/>\n<\/span><\/p>\n<p>&nbsp;<\/p>\n\n<\/div>\n<\/div>\n<\/div>\n<\/div><\/div>\n<\/div>\n<\/div>\n<\/div>\n<\/div>\n<\/div>\n<div id=\"cmsmasters_row_7c21fffe28\" class=\"cmsmasters_row cmsmasters_color_scheme_default cmsmasters_row_top_default cmsmasters_row_bot_default cmsmasters_row_boxed\">\n<div class=\"cmsmasters_row_outer_parent\">\n<div class=\"cmsmasters_row_outer\">\n<div class=\"cmsmasters_row_inner\">\n<div class=\"cmsmasters_row_margin\">\n<div id=\"cmsmasters_column_a318012580\" class=\"cmsmasters_column one_first\">\n<div class=\"cmsmasters_column_inner\"><div id=\"cmsmasters_heading_9bee934291\" class=\"cmsmasters_heading_wrap cmsmasters_heading_align_center\">\n\t<h3 class=\"cmsmasters_heading\">your tailored made<\/h3>\n<\/div><div id=\"cmsmasters_heading_4dc8f85b10\" class=\"cmsmasters_heading_wrap cmsmasters_heading_align_center\">\n\t<h2 class=\"cmsmasters_heading\">CHALET<\/h2>\n<\/div>\n<\/div><\/div>\n<\/div>\n<\/div>\n<\/div>\n<\/div>\n<\/div>\n<div id=\"cmsmasters_row_0f5ea54a2a\" class=\"cmsmasters_row cmsmasters_color_scheme_second cmsmasters_row_top_default cmsmasters_row_bot_default cmsmasters_row_boxed\">\n<div class=\"cmsmasters_row_outer_parent\">\n<div class=\"cmsmasters_row_outer\">\n<div class=\"cmsmasters_row_inner\">\n<div class=\"cmsmasters_row_margin\">\n<div id=\"cmsmasters_column_c1aac063b1\" class=\"cmsmasters_column one_first\">\n<div class=\"cmsmasters_column_inner\">\n<div class=\"cmsmasters_posts_slider\" >\n\t\t<div id=\"cmsmasters_slider_7299fbac30\" class=\"cmsmasters_owl_slider owl-carousel\" data-items=\"1\" data-pagination=\"true\" data-navigation=\"false\" data-single-item=\"false\" data-auto-play=\"3000\"><div class=\"cmsmasters_owl_slider_item\"><!-- Start Posts Slider Project Article -->\n<article id=\"post-17483\" class=\"cmsmasters_slider_project post-17483 project type-project status-publish format-standard has-post-thumbnail hentry pj-categs-our-chalets\">\n\t<div class=\"cmsmasters_slider_project_outer\">\n\t<div class=\"project_img_wrap \"><div class=\"cmsmasters_atach_img\" style=\"background-image: url(https:\/\/chaletalpigiulie.com\/wp-content\/uploads\/2017\/05\/IMG_20200604_142112-1.jpg)\"><\/div><\/div><div class=\"cmsmasters_slider_project_inner\"><header class=\"cmsmasters_slider_project_header entry-header\"><h3 class=\"cmsmasters_slider_project_title entry-title\"><a href=\"https:\/\/chaletalpigiulie.com\/en\/room\/old-times-living\/\">Old times living<\/a><\/h3><\/header><h3 class=\"cmsmasters_project_subtitle\">The scent of memories<\/h3><div class=\"cmsmasters_slider_project_content entry-content\">\n<p>This is the most characteristic chalet of our resort, the one which evocates the most \u201cfragrances of the past\u201d, old time memories and old farmers way of living. The ideal chalet for your family holidays.<\/p>\n<\/div>\n<div class=\"cmsmasters_slider_project_info_wrap\"><span class=\"cmsmasters_project_price\">from \u20ac137 \/ night<\/span><a class=\"cmsmasters_slider_post_read_more\" href=\"https:\/\/chaletalpigiulie.com\/en\/room\/old-times-living\/\">Read more<\/a><\/div><\/div>\t<\/div>\n<\/article>\n<!-- Finish Posts Slider Project Article -->\n\n<\/div><div class=\"cmsmasters_owl_slider_item\"><!-- Start Posts Slider Project Article -->\n<article id=\"post-17662\" class=\"cmsmasters_slider_project post-17662 project type-project status-publish format-standard has-post-thumbnail hentry pj-categs-our-chalets\">\n\t<div class=\"cmsmasters_slider_project_outer\">\n\t<div class=\"project_img_wrap \"><div class=\"cmsmasters_atach_img\" style=\"background-image: url(https:\/\/chaletalpigiulie.com\/wp-content\/uploads\/2025\/12\/130222785_3736228216443102_9022297634195361931_n.jpg)\"><\/div><\/div><div class=\"cmsmasters_slider_project_inner\"><header class=\"cmsmasters_slider_project_header entry-header\"><h3 class=\"cmsmasters_slider_project_title entry-title\"><a href=\"https:\/\/chaletalpigiulie.com\/en\/room\/the-nest\/\">The nest<\/a><\/h3><\/header><h3 class=\"cmsmasters_project_subtitle\">A romantic living style<\/h3><div class=\"cmsmasters_slider_project_content entry-content\">\n<p>A small jewel: warm and cosy, where you just feel free. We conceived the \u201cNest\u201d as a romantic chalet for two, for a couple wishing to re-discover its intimacy. The ideal domicile for your romantic holiday in a mountain lodge!<\/p>\n<\/div>\n<div class=\"cmsmasters_slider_project_info_wrap\"><span class=\"cmsmasters_project_price\">from 137 \u20ac \/ night<\/span><a class=\"cmsmasters_slider_post_read_more\" href=\"https:\/\/chaletalpigiulie.com\/en\/room\/the-nest\/\">Read more<\/a><\/div><\/div>\t<\/div>\n<\/article>\n<!-- Finish Posts Slider Project Article -->\n\n<\/div><div class=\"cmsmasters_owl_slider_item\"><!-- Start Posts Slider Project Article -->\n<article id=\"post-17444\" class=\"cmsmasters_slider_project post-17444 project type-project status-publish format-standard has-post-thumbnail hentry pj-categs-our-chalets\">\n\t<div class=\"cmsmasters_slider_project_outer\">\n\t<div class=\"project_img_wrap \"><div class=\"cmsmasters_atach_img\" style=\"background-image: url(https:\/\/chaletalpigiulie.com\/wp-content\/uploads\/2025\/12\/Foto12-DSC_0387.jpg)\"><\/div><\/div><div class=\"cmsmasters_slider_project_inner\"><header class=\"cmsmasters_slider_project_header entry-header\"><h3 class=\"cmsmasters_slider_project_title entry-title\"><a href=\"https:\/\/chaletalpigiulie.com\/en\/room\/joy-for-life\/\">Joy for life<\/a><\/h3><\/header><h3 class=\"cmsmasters_project_subtitle\">A soft spoiling touch<\/h3><div class=\"cmsmasters_slider_project_content entry-content\">\n<p>This chalet is conceived in a modern style: wide living space, comfortable living sensation and a lot of attention for detail are the distinguishing features of this wellness and relaxation oasis.<\/p>\n<\/div>\n<div class=\"cmsmasters_slider_project_info_wrap\"><span class=\"cmsmasters_project_price\">from 137 \u20ac \/ night<\/span><a class=\"cmsmasters_slider_post_read_more\" href=\"https:\/\/chaletalpigiulie.com\/en\/room\/joy-for-life\/\">Read more<\/a><\/div><\/div>\t<\/div>\n<\/article>\n<!-- Finish Posts Slider Project Article -->\n\n<\/div><\/div><\/div>\n<\/div><\/div>\n<\/div>\n<\/div>\n<\/div>\n<\/div>\n<\/div>\n<div id=\"cmsmasters_row_vqkpj0q3ij\" class=\"cmsmasters_row cmsmasters_color_scheme_default cmsmasters_row_top_default cmsmasters_row_bot_default cmsmasters_row_fullwidth\">\n<div class=\"cmsmasters_row_outer_parent\">\n<div class=\"cmsmasters_row_outer\">\n<div class=\"cmsmasters_row_inner cmsmasters_row_fullwidth cmsmasters_row_no_margin\">\n<div class=\"cmsmasters_row_margin cmsmasters_row_columns_behavior\">\n<div id=\"cmsmasters_column_4tr91uh0y\" class=\"cmsmasters_column one_half\">\n<div class=\"cmsmasters_column_inner\"><div id=\"cmsmasters_heading_n5g3a0e53\" class=\"cmsmasters_heading_wrap cmsmasters_heading_align_center\">\n\t<h3 class=\"cmsmasters_heading\">Extra<\/h3>\n<\/div><div id=\"cmsmasters_heading_zbxlos3tdv\" class=\"cmsmasters_heading_wrap cmsmasters_heading_align_center\">\n\t<h2 class=\"cmsmasters_heading\">SERVICES ON REQUEST<\/h2>\n<\/div><div id=\"cmsmasters_fb_bsonakrphn\" class=\"cmsmasters_featured_block\">\n<div class=\"featured_block_inner\">\n<div class=\"featured_block_text\">\n<p style=\"text-align: center;\"><span style=\"color: #6a6a6a; font-size: 20px; line-height: 28px;\"><strong>Breakfast<\/strong><br \/>\nOn request we are glad to provide you our breakfast service \u201con the doorstep\u201d with a supplement of 15\u20ac per day and per person and 9\u20ac for children between 2 and 8 years. This service is free for children under 2 years.<\/span><\/p>\n<p style=\"text-align: center;\"><span style=\"color: #6a6a6a; font-size: 20px; line-height: 28px;\"><strong>Restaurant Service \u00e0 la carte at the \u201cLa Baita dei Sapori\u201d (rest day on Wednesday)<\/strong><br \/>\nLa Baita dei Sapori offers a warm and welcoming service and dishes inspired by local tradition and beyond: from classic polenta, frico and cjalcons (delicious ravioli flavored with aromatic herbs) to excellent soups made with mushrooms, barley and beans, prepared according to local customs.<br \/>\n<\/span><\/p>\n\n<\/div>\n<\/div>\n<\/div>\n<\/div><\/div>\n<div id=\"cmsmasters_column_z34po7kzlu\" class=\"cmsmasters_column one_half\">\n<div class=\"cmsmasters_column_inner\"><\/div><\/div>\n<\/div>\n<\/div>\n<\/div>\n<\/div>\n<\/div>\n<div id=\"cmsmasters_row_er2iei4o4l\" class=\"cmsmasters_row cmsmasters_color_scheme_default cmsmasters_row_top_default cmsmasters_row_bot_default cmsmasters_row_fullwidth\">\n<div class=\"cmsmasters_row_outer_parent\">\n<div class=\"cmsmasters_row_outer\">\n<div class=\"cmsmasters_row_inner cmsmasters_row_fullwidth cmsmasters_row_no_margin\">\n<div class=\"cmsmasters_row_margin cmsmasters_row_columns_behavior\">\n<div id=\"cmsmasters_column_67js37m8vu\" class=\"cmsmasters_column one_half\">\n<div class=\"cmsmasters_column_inner\"><\/div><\/div>\n<div id=\"cmsmasters_column_u3ije4w2y6\" class=\"cmsmasters_column one_half\">\n<div class=\"cmsmasters_column_inner\"><div id=\"cmsmasters_heading_dq069sn4s7\" class=\"cmsmasters_heading_wrap cmsmasters_heading_align_center\">\n\t<h3 class=\"cmsmasters_heading\">The Enchantment<\/h3>\n<\/div><div id=\"cmsmasters_heading_aso45p1cbg\" class=\"cmsmasters_heading_wrap cmsmasters_heading_align_center\">\n\t<h2 class=\"cmsmasters_heading\">OF WINTER<\/h2>\n<\/div><div id=\"cmsmasters_fb_dmfoo96n9\" class=\"cmsmasters_featured_block\">\n<div class=\"featured_block_inner\">\n<div class=\"featured_block_text\">\n<p style=\"text-align: center;\"><span style=\"color: #6a6a6a; font-size: 20px; line-height: 28px;\"><strong>YOUR WINTER HOLIDAY AT ALPI GIULIE CHALET RESORT<\/strong><\/span><\/p>\n<p><strong>Snow, magic and enchantment in the heart of the mountains.<\/strong><\/p>\n<p>When winter arrives, our small alpine village transforms into a place suspended between silence, snow and wonder. The peaks of the Julian Alps gleam in white, the forests become soft and deep, and each day turns into an invitation to experience the mountains in their most authentic form.<\/p>\n<p>Whether you come to ski, walk through the snow, relax, or simply breathe in nature, here you will find your own personal idea of a winter holiday.<\/p>\n<p style=\"text-align: center;\"><span style=\"color: #6a6a6a; font-size: 20px; line-height: 28px;\">\u00a0<\/span><\/p>\n<p style=\"text-align: center;\"><span style=\"color: #6a6a6a; font-size: 20px; line-height: 28px;\">\u00a0<\/span><\/p>\n\n<\/div>\n<\/div>\n<\/div>\n<\/div><\/div>\n<\/div>\n<\/div>\n<\/div>\n<\/div>\n<\/div>\n<div id=\"cmsmasters_row_s1kihajb6\" class=\"cmsmasters_row cmsmasters_color_scheme_default cmsmasters_row_top_default cmsmasters_row_bot_default cmsmasters_row_fullwidth\">\n<div class=\"cmsmasters_row_outer_parent\">\n<div class=\"cmsmasters_row_outer\">\n<div class=\"cmsmasters_row_inner cmsmasters_row_fullwidth cmsmasters_row_no_margin\">\n<div class=\"cmsmasters_row_margin cmsmasters_row_columns_behavior\">\n<div id=\"cmsmasters_column_lxamk8nps2\" class=\"cmsmasters_column one_first\">\n<div class=\"cmsmasters_column_inner\"><div id=\"cmsmasters_heading_05az5b9oaj\" class=\"cmsmasters_heading_wrap cmsmasters_heading_align_center\">\n\t<h3 class=\"cmsmasters_heading\">Special<\/h3>\n<\/div><div id=\"cmsmasters_heading_y3ge4o94o\" class=\"cmsmasters_heading_wrap cmsmasters_heading_align_center\">\n\t<h2 class=\"cmsmasters_heading\">TREATS<\/h2>\n<\/div>\n<\/div><\/div>\n<\/div>\n<\/div>\n<\/div>\n<\/div>\n<\/div>\n<div id=\"cmsmasters_row_xao0diwzu8\" class=\"cmsmasters_row cmsmasters_color_scheme_default cmsmasters_row_top_default cmsmasters_row_bot_default cmsmasters_row_boxed\">\n<div class=\"cmsmasters_row_outer_parent\">\n<div class=\"cmsmasters_row_outer\">\n<div class=\"cmsmasters_row_inner\">\n<div class=\"cmsmasters_row_margin\">\n<div id=\"cmsmasters_column_5uriwvte1\" class=\"cmsmasters_column one_third\">\n<div class=\"cmsmasters_column_inner\"><div id=\"cmsmasters_fb_8ublfu7u73\" class=\"cmsmasters_featured_block\">\n<div class=\"featured_block_inner\">\n<div class=\"featured_block_text\">\n<p style=\"text-align: center;\"><span style=\"color: #ffffff; font-size: 20px; line-height: 28px;\"><strong>Romantic escape<\/strong><br \/>\nA curated service kit for your romantic weekend at Alpi Giulie Chalet Resort<\/span><\/p>\n<p style=\"text-align: center;\"><span style=\"color: #ffffff;\"><a style=\"color: #ffffff;\" href=\"http:\/\/chaletalpigiulie.com\/servizi\/\"><u>More<\/u><\/a><\/span><\/p>\n\n<\/div>\n<\/div>\n<\/div>\n<\/div><\/div>\n<div id=\"cmsmasters_column_ow04cxtmra\" class=\"cmsmasters_column one_third\">\n<div class=\"cmsmasters_column_inner\"><div id=\"cmsmasters_fb_j6bd9jas5p\" class=\"cmsmasters_featured_block\">\n<div class=\"featured_block_inner\">\n<div class=\"featured_block_text\">\n<p style=\"text-align: center;\"><span style=\"color: #ffffff; font-size: 20px; line-height: 28px;\"><strong>Traditional hamper<\/strong><br \/>\nThere\u2019s a knock at the door of your chalet\u2026 who could it be? It\u2019s your hamper.<\/span><\/p>\n<p style=\"text-align: center;\"><span style=\"color: #ffffff;\"><a style=\"color: #ffffff;\" href=\"http:\/\/chaletalpigiulie.com\/servizi\/\"><u>More<\/u><\/a><\/span><\/p>\n\n<\/div>\n<\/div>\n<\/div>\n<\/div><\/div>\n<div id=\"cmsmasters_column_e7sb5hmzec\" class=\"cmsmasters_column one_third\">\n<div class=\"cmsmasters_column_inner\"><div id=\"cmsmasters_fb_a0cr8ze05s\" class=\"cmsmasters_featured_block\">\n<div class=\"featured_block_inner\">\n<div class=\"featured_block_text\">\n<p style=\"text-align: center;\"><span style=\"color: #ffffff; font-size: 20px; line-height: 28px;\"><strong>Welcome Kit Junior<\/strong><br \/>\nFor a family holiday filled with fun and carefree moments<\/span><\/p>\n<p style=\"text-align: center;\"><span style=\"color: #ffffff;\"><a style=\"color: #ffffff;\" href=\"http:\/\/chaletalpigiulie.com\/servizi\/\"><u>More<\/u><\/a><\/span><\/p>\n\n<\/div>\n<\/div>\n<\/div>\n<\/div><\/div>\n<\/div>\n<\/div>\n<\/div>\n<\/div>\n<\/div>\n<div id=\"cmsmasters_row_77cfd58d84\" class=\"cmsmasters_row cmsmasters_color_scheme_first cmsmasters_row_top_default cmsmasters_row_bot_default cmsmasters_row_boxed\">\n<div class=\"cmsmasters_row_outer_parent\">\n<div class=\"cmsmasters_row_overlay\"><\/div>\n<div class=\"cmsmasters_row_outer\">\n<div class=\"cmsmasters_row_inner\">\n<div class=\"cmsmasters_row_margin\">\n<div id=\"cmsmasters_column_bf5f45996a\" class=\"cmsmasters_column one_first\">\n<div class=\"cmsmasters_column_inner\"><div id=\"cmsmasters_heading_12b327bd0f\" class=\"cmsmasters_heading_wrap cmsmasters_heading_align_center\">\n\t<h3 class=\"cmsmasters_heading\">Guest<\/h3>\n<\/div><div id=\"cmsmasters_heading_dc4b4e361b\" class=\"cmsmasters_heading_wrap cmsmasters_heading_align_center\">\n\t<h2 class=\"cmsmasters_heading\">reviews<\/h2>\n<\/div><div class=\"cmsmasters_quotes_slider_wrap\">\n<div id=\"cmsmasters_quotes_slider_245111d69b\" class=\"cmsmasters_quotes cmsmasters_quotes_slider cmsmasters_quotes_slider_type_center cmsmasters_owl_slider owl-carousel\" data-auto-play=\"5000\" data-pagination=\"false\" data-navigation=\"true\"><div class=\"cmsmasters_quote cmsmasters_owl_slider_item\">\n<!-- Start Quote Slider Article -->\n<article class=\"cmsmasters_quote_inner\"><div class=\"cmsmasters_quote_placeholder\"><\/div><div class=\"cmsmasters_quote_content\">\n<p>Abbiamo trascorso due giorni con il corso di formazione per Master nel Metodo HOT mind: Alpi Giulie Chalet Resort \u00e8 il Luogo ideale per le nostre pratiche di Benessere in Natura. Sabina ci ha accolti con gentilezza, professionalit\u00e0 e competenza, in perfetta sintonia con le nostre attivit\u00e0.<\/p>\n<\/div><header class=\"cmsmasters_quote_header\"><h4 class=\"cmsmasters_quote_title\">Andrea Bianchi<\/h4><div class=\"cmsmasters_quote_subtitle_wrap\"><h4 class=\"cmsmasters_quote_subtitle\">Metodo HOT mind<\/h4><\/div><\/header><\/article>\n<!-- Finish Quote Slider Article -->\n\n<\/div>\n<div class=\"cmsmasters_quote cmsmasters_owl_slider_item\">\n<!-- Start Quote Slider Article -->\n<article class=\"cmsmasters_quote_inner\"><div class=\"cmsmasters_quote_placeholder\"><\/div><div class=\"cmsmasters_quote_content\">\n<p>The Hotel is simply amazing. The subtle luxury of refined simplicity, uncluttered and unpretentious. Very private and the staff is an attentive and discreet.<\/p>\n<\/div><header class=\"cmsmasters_quote_header\"><h4 class=\"cmsmasters_quote_title\">Mike Jameson<\/h4><div class=\"cmsmasters_quote_subtitle_wrap\"><h4 class=\"cmsmasters_quote_subtitle\">Developer<\/h4><\/div><\/header><\/article>\n<!-- Finish Quote Slider Article -->\n\n<\/div>\n<div class=\"cmsmasters_quote cmsmasters_owl_slider_item\">\n<!-- Start Quote Slider Article -->\n<article class=\"cmsmasters_quote_inner\"><div class=\"cmsmasters_quote_placeholder\"><\/div><div class=\"cmsmasters_quote_content\">\n<p>I was welcomed by a unique and attentive staff that has few peers in a city filed with great hotels with exemplary service. Beautiful and very special.<\/p>\n<\/div><header class=\"cmsmasters_quote_header\"><h4 class=\"cmsmasters_quote_title\">Mia Turner<\/h4><div class=\"cmsmasters_quote_subtitle_wrap\"><h4 class=\"cmsmasters_quote_subtitle\">Model<\/h4><\/div><\/header><\/article>\n<!-- Finish Quote Slider Article -->\n\n<\/div>\n<\/div>\n<\/div>\n<\/div><\/div>\n<\/div>\n<\/div>\n<\/div>\n<\/div>\n<\/div>\n<div id=\"cmsmasters_row_ffba15a89f\" class=\"cmsmasters_row cmsmasters_color_scheme_default cmsmasters_row_top_default cmsmasters_row_bot_default cmsmasters_row_boxed\">\n<div class=\"cmsmasters_row_outer_parent\">\n<div class=\"cmsmasters_row_outer\">\n<div class=\"cmsmasters_row_inner\">\n<div class=\"cmsmasters_row_margin\">\n<div id=\"cmsmasters_column_c0be63a14f\" class=\"cmsmasters_column one_first\">\n<div class=\"cmsmasters_column_inner\"><div id=\"cmsmasters_fb_bd6f153502\" class=\"cmsmasters_featured_block\">\n<div class=\"featured_block_inner\">\n<div class=\"featured_block_text\">\n<div id=\"cmsmasters_heading_e971eb4070\" class=\"cmsmasters_heading_wrap cmsmasters_heading_align_left\">\n\t<h3 class=\"cmsmasters_heading\">Packages<\/h3>\n<\/div><div id=\"cmsmasters_heading_7accc4859b\" class=\"cmsmasters_heading_wrap cmsmasters_heading_align_left\">\n\t<h2 class=\"cmsmasters_heading\">Discover our seasonal offers.<\/h2>\n<\/div>\n\n<\/div>\n<\/div>\n<\/div>\n<div id=\"cmsmasters_heading_c922662100\" class=\"cmsmasters_heading_wrap cmsmasters_heading_align_left\">\n\t<h4 class=\"cmsmasters_heading\"><a href=\"https:\/\/wubook.net\/wbkd\/wbk\/?lcode=1540933648\" target=\"_blank\">&gt; Book now<\/a><\/h4>\n<\/div>\n<\/div><\/div>\n<\/div>\n<\/div>\n<\/div>\n<\/div>\n<\/div>\n\n","protected":false},"excerpt":{"rendered":"","protected":false},"author":1,"featured_media":0,"parent":0,"menu_order":0,"comment_status":"closed","ping_status":"closed","template":"","meta":{"footnotes":""},"class_list":["post-17401","page","type-page","status-publish","hentry"],"publishpress_future_action":{"enabled":false,"date":"2026-04-24 05:17:41","action":"change-status","newStatus":"draft","terms":[],"taxonomy":"translation_priority","extraData":[]},"publishpress_future_workflow_manual_trigger":{"enabledWorkflows":[]},"_links":{"self":[{"href":"https:\/\/chaletalpigiulie.com\/en\/wp-json\/wp\/v2\/pages\/17401","targetHints":{"allow":["GET"]}}],"collection":[{"href":"https:\/\/chaletalpigiulie.com\/en\/wp-json\/wp\/v2\/pages"}],"about":[{"href":"https:\/\/chaletalpigiulie.com\/en\/wp-json\/wp\/v2\/types\/page"}],"author":[{"embeddable":true,"href":"https:\/\/chaletalpigiulie.com\/en\/wp-json\/wp\/v2\/users\/1"}],"replies":[{"embeddable":true,"href":"https:\/\/chaletalpigiulie.com\/en\/wp-json\/wp\/v2\/comments?post=17401"}],"version-history":[{"count":10,"href":"https:\/\/chaletalpigiulie.com\/en\/wp-json\/wp\/v2\/pages\/17401\/revisions"}],"predecessor-version":[{"id":17702,"href":"https:\/\/chaletalpigiulie.com\/en\/wp-json\/wp\/v2\/pages\/17401\/revisions\/17702"}],"wp:attachment":[{"href":"https:\/\/chaletalpigiulie.com\/en\/wp-json\/wp\/v2\/media?parent=17401"}],"curies":[{"name":"wp","href":"https:\/\/api.w.org\/{rel}","templated":true}]}}