{"id":17426,"date":"2017-05-23T08:18:36","date_gmt":"2017-05-23T06:18:36","guid":{"rendered":"http:\/\/chaletalpigiulie.com\/filosofia\/"},"modified":"2026-02-02T23:26:27","modified_gmt":"2026-02-02T22:26:27","slug":"philosophy","status":"publish","type":"page","link":"https:\/\/chaletalpigiulie.com\/en\/philosophy\/","title":{"rendered":"Philosophy"},"content":{"rendered":"<div id=\"cmsmasters_row_2375c7f785\" class=\"cmsmasters_row cmsmasters_color_scheme_default cmsmasters_row_top_default cmsmasters_row_bot_default cmsmasters_row_boxed\">\n<div class=\"cmsmasters_row_outer_parent\">\n<div class=\"cmsmasters_row_outer\">\n<div class=\"cmsmasters_row_inner\">\n<div class=\"cmsmasters_row_margin\">\n<div id=\"cmsmasters_column_cdddf24f42\" class=\"cmsmasters_column one_first\">\n<div class=\"cmsmasters_column_inner\"><p><\/p>\n<\/div><\/div>\n<\/div>\n<\/div>\n<\/div>\n<\/div>\n<\/div>\n<div id=\"cmsmasters_row_3134339493\" class=\"cmsmasters_row cmsmasters_color_scheme_default cmsmasters_row_top_default cmsmasters_row_bot_default cmsmasters_row_fullwidth\">\n<div class=\"cmsmasters_row_outer_parent\">\n<div class=\"cmsmasters_row_outer\">\n<div class=\"cmsmasters_row_inner cmsmasters_row_fullwidth\">\n<div class=\"cmsmasters_row_margin\">\n<div id=\"cmsmasters_column_b8c40e5d6e\" class=\"cmsmasters_column one_first\">\n<div class=\"cmsmasters_column_inner\"><div class=\"cmsmasters_slider\">\n\t\t\t\t<p class=\"rs-p-wp-fix\"><\/p>\n\t\t\t\t<sr7-module data-alias=\"homepage-slider-11\" data-id=\"11\" id=\"SR7_11_1\" data-version=\"6.7.38\">\n\t\t\t\t\t<sr7-adjuster><\/sr7-adjuster>\n\t\t\t\t\t<sr7-content>\n\t\t\t\t\t\t<sr7-slide id=\"SR7_11_1-47\" data-key=\"47\">\n\t\t\t\t\t\t\t<sr7-bg id=\"SR7_11_1-47-slidebg\" class=\"sr7-layer\"><noscript><img decoding=\"async\" src=\"https:\/\/chaletalpigiulie.com\/wp-content\/uploads\/2025\/11\/317898134_516736857055751_5169865184349932747_n.jpg\" alt=\"\" title=\"317898134_516736857055751_5169865184349932747_n\"><\/noscript><\/sr7-bg>\n\t\t\t\t\t\t\t<h6 id=\"SR7_11_1-47-1\" class=\"sr7-layer\">ALPI GIULIE CHALET RESORT<\/h6>\n\t\t\t\t\t\t\t<sr7-txt id=\"SR7_11_1-47-2\" class=\"sr7-layer\">Il tuo spazio alpino senza tempo<\/sr7-txt>\n\t\t\t\t\t\t\t<a id=\"SR7_11_1-47-4\" class=\"sr7-layer\" href=\"http:\/\/chaletalpigiulie.com\/filosofia\/\" target=\"_blank\" rel=\"noopener\">SCOPRICI<\/a>\n\t\t\t\t\t\t<\/sr7-slide>\n\t\t\t\t\t\t<sr7-slide id=\"SR7_11_1-46\" data-key=\"46\">\n\t\t\t\t\t\t\t<sr7-bg id=\"SR7_11_1-46-slidebg\" class=\"sr7-layer\"><noscript><img decoding=\"async\" src=\"https:\/\/chaletalpigiulie.com\/wp-content\/uploads\/2025\/12\/Foto12-DSC_0387.jpg\" alt=\"Piccoli Piaceri - Camera da letto con vasca\" title=\"Piccoli Piaceri &#8211; Camera da letto con vasca\"><\/noscript><\/sr7-bg>\n\t\t\t\t\t\t\t<h6 id=\"SR7_11_1-46-1\" class=\"sr7-layer\">I NOSTRI CHALET<\/h6>\n\t\t\t\t\t\t\t<sr7-txt id=\"SR7_11_1-46-2\" class=\"sr7-layer\">Su misura per te<\/sr7-txt>\n\t\t\t\t\t\t\t<a id=\"SR7_11_1-46-4\" class=\"sr7-layer\" href=\"http:\/\/chaletalpigiulie.com\/gli-chalet\/\" target=\"_blank\" rel=\"noopener\">ENTRA<\/a>\n\t\t\t\t\t\t<\/sr7-slide>\n\t\t\t\t\t\t<sr7-slide id=\"SR7_11_1-51\" data-key=\"51\">\n\t\t\t\t\t\t<\/sr7-slide>\n\t\t\t\t\t<\/sr7-content>\n\t\t\t\t<\/sr7-module>\n\t\t\t\t<script>\n\t\t\t\t\tSR7.PMH ??={}; SR7.PMH[\"SR7_11_1\"] = {cn:100,state:false,fn: function() { if (_tpt!==undefined && _tpt.prepareModuleHeight !== undefined) {  _tpt.prepareModuleHeight({id:\"SR7_11_1\",el:[885,768,600,420],type:'standard',shdw:'0',gh:[885,768,600,420],gw:[1920,1024,778,480],vpt:['-200px'],size:{fullWidth:false, fullHeight:false},mh:'0',onh:0,onw:0,bg:{color:'transparent'},plType:'0',plColor:'#FFFFFF'});   SR7.PMH[\"SR7_11_1\"].state=true;} else if(SR7.PMH[\"SR7_11_1\"].cn-->0)\tsetTimeout( SR7.PMH[\"SR7_11_1\"].fn,19);}};SR7.PMH[\"SR7_11_1\" ].fn();\n\t\t\t\t<\/script>\n<\/div>\n<\/div><\/div>\n<\/div>\n<\/div>\n<\/div>\n<\/div>\n<\/div>\n<div id=\"cmsmasters_row_29c43b215b\" class=\"cmsmasters_row cmsmasters_color_scheme_default cmsmasters_row_top_default cmsmasters_row_bot_default cmsmasters_row_fullwidth\">\n<div class=\"cmsmasters_row_outer_parent\">\n<div class=\"cmsmasters_row_outer\">\n<div class=\"cmsmasters_row_inner cmsmasters_row_fullwidth cmsmasters_row_no_margin\">\n<div class=\"cmsmasters_row_margin cmsmasters_row_columns_behavior\">\n<div id=\"cmsmasters_column_24ddda560b\" class=\"cmsmasters_column one_half\">\n<div class=\"cmsmasters_column_inner\"><div id=\"cmsmasters_fb_aeb824ab39\" class=\"cmsmasters_featured_block\">\n<div class=\"featured_block_inner\">\n<div class=\"featured_block_text\">\n<div class=\"cmsmasters_heading\" style=\"text-align: center;\"><div id=\"cmsmasters_heading_c91fc928e0\" class=\"cmsmasters_heading_wrap cmsmasters_heading_align_center\">\n\t<h3 class=\"cmsmasters_heading\">Welcome<\/h3>\n<\/div><div id=\"cmsmasters_heading_da9e214125\" class=\"cmsmasters_heading_wrap cmsmasters_heading_align_center\">\n\t<h2 class=\"cmsmasters_heading\">Pause in the presence of the Julian Alps.<\/h2>\n<\/div><\/div>\n<p style=\"text-align: center;\"><span style=\"color: #6a6a6a; font-size: 20px; line-height: 28px;\">Listen.<br \/>\nBreathe.<br \/>\nHere, time comes to a standstill in silence.<br \/>\nThe heart finds its natural rhythm once again.<br \/>\nYour walking becomes one with Nature.<br \/>\nYour gaze rediscovers the shades of green and blue.<br \/>\nAt Alpi Giulie Chalet Resort, you reconnect with your Essence.<\/span><div id=\"cmsmasters_heading_163ed12c6d\" class=\"cmsmasters_heading_wrap cmsmasters_heading_align_center\">\n\t<h4 class=\"cmsmasters_heading\"><a href=\"https:\/\/wubook.net\/wbkd\/wbk\/?lcode=1540933648\">Book now<\/a><\/h4>\n<\/div>\n\n<\/div>\n<\/div>\n<\/div>\n<\/div><\/div>\n<div id=\"cmsmasters_column_e02e0930e3\" class=\"cmsmasters_column one_half\">\n<div class=\"cmsmasters_column_inner\"><\/div><\/div>\n<\/div>\n<\/div>\n<\/div>\n<\/div>\n<\/div>\n<div id=\"cmsmasters_row_1d4c30e4d6\" class=\"cmsmasters_row cmsmasters_color_scheme_default cmsmasters_row_top_default cmsmasters_row_bot_default cmsmasters_row_fullwidth\">\n<div class=\"cmsmasters_row_outer_parent\">\n<div class=\"cmsmasters_row_outer\">\n<div class=\"cmsmasters_row_inner cmsmasters_row_fullwidth cmsmasters_row_no_margin\">\n<div class=\"cmsmasters_row_margin cmsmasters_row_columns_behavior\">\n<div id=\"cmsmasters_column_90e1320cfd\" class=\"cmsmasters_column one_half\">\n<div class=\"cmsmasters_column_inner\"><\/div><\/div>\n<div id=\"cmsmasters_column_652e776471\" class=\"cmsmasters_column one_half\">\n<div class=\"cmsmasters_column_inner\"><div id=\"cmsmasters_fb_a0efbc8f41\" class=\"cmsmasters_featured_block\">\n<div class=\"featured_block_inner\">\n<div class=\"featured_block_text\">\n<div class=\"cmsmasters_heading\" style=\"text-align: center;\"><div id=\"cmsmasters_heading_90459666ce\" class=\"cmsmasters_heading_wrap cmsmasters_heading_align_center\">\n\t<h3 class=\"cmsmasters_heading\">The dream<\/h3>\n<\/div><div id=\"cmsmasters_heading_ecc347d859\" class=\"cmsmasters_heading_wrap cmsmasters_heading_align_center\">\n\t<h2 class=\"cmsmasters_heading\">of the alpine hut<\/h2>\n<\/div><\/div>\n<p style=\"text-align: center;\"><span style=\"color: #6a6a6a; font-size: 20px; line-height: 28px;\">Old Alpine huts located at high altitudes, where once farmers and villagers used to live in the summer for their pasture and dairy activities. A place to rest at sundown after a hard day of work on the fields and on the wood, finally sitting by the crackling fire of the fireplace and enjoying their meals cooked with the products of their fields&#8230;<\/span><\/p>\n<p style=\"text-align: center;\"><span style=\"color: #6a6a6a; font-size: 20px; line-height: 28px;\">Our resort arouse from a dream\u2026 To give you the opportunity of enjoying the pristine atmosphere of an original Alpine hut without having to waive usual comforts &#8211; in a sort of \u201cbridge\u201d between past and future, tradition und modernity. <\/span><span style=\"color: #6a6a6a; font-size: 20px; line-height: 28px;\">These are just the basic principles of our chalets&#8230;<\/span><\/p>\n<p style=\"text-align: center;\"><span style=\"color: #6a6a6a; font-size: 20px; line-height: 28px;\">They are entirely made of massive wood, a truly masterpiece of skilful local craftsmen, catching hold to ancient architectural styles by using environment-friendly materials. Furniture and attention to detail reflect our simple attitude to life and our wish to let you enjoy our hospitality.<\/span><div id=\"cmsmasters_heading_062f4b13ba\" class=\"cmsmasters_heading_wrap cmsmasters_heading_align_center\">\n\t<h4 class=\"cmsmasters_heading\"><a href=\"http:\/\/chaletalpigiulie.com\/gli-chalet\/\">Welcome to our chalets!<\/a><\/h4>\n<\/div>\n\n<\/div>\n<\/div>\n<\/div>\n<\/div><\/div>\n<\/div>\n<\/div>\n<\/div>\n<\/div>\n<\/div>\n<div id=\"cmsmasters_row_e616f20fa0\" class=\"cmsmasters_row cmsmasters_color_scheme_first cmsmasters_row_top_default cmsmasters_row_bot_default cmsmasters_row_boxed\">\n<div class=\"cmsmasters_row_outer_parent\">\n<div class=\"cmsmasters_row_overlay\"><\/div>\n<div class=\"cmsmasters_row_outer\">\n<div class=\"cmsmasters_row_inner\">\n<div class=\"cmsmasters_row_margin\">\n<div id=\"cmsmasters_column_5fd6b43bac\" class=\"cmsmasters_column one_first\">\n<div class=\"cmsmasters_column_inner\"><div id=\"cmsmasters_heading_40e47e76d1\" class=\"cmsmasters_heading_wrap cmsmasters_heading_align_center\">\n\t<h3 class=\"cmsmasters_heading\">Guest<\/h3>\n<\/div><div id=\"cmsmasters_heading_a3a16e6265\" class=\"cmsmasters_heading_wrap cmsmasters_heading_align_center\">\n\t<h2 class=\"cmsmasters_heading\">reviews<\/h2>\n<\/div><div class=\"cmsmasters_quotes_slider_wrap\">\n<div id=\"cmsmasters_quotes_slider_e3686a68fe\" class=\"cmsmasters_quotes cmsmasters_quotes_slider cmsmasters_quotes_slider_type_center cmsmasters_owl_slider owl-carousel\" data-auto-play=\"10000\" data-pagination=\"false\" data-navigation=\"true\"><div class=\"cmsmasters_quote cmsmasters_owl_slider_item\">\n<!-- Start Quote Slider Article -->\n<article class=\"cmsmasters_quote_inner\"><div class=\"cmsmasters_quote_placeholder\"><\/div><div class=\"cmsmasters_quote_content\">\n<p>Abbiamo trascorso due giorni con il corso di formazione per Master nel Metodo HOT mind: Alpi Giulie Chalet Resort \u00e8 il Luogo ideale per le nostre pratiche di Benessere in Natura. Sabina ci ha accolti con gentilezza, professionalit\u00e0 e competenza, in perfetta sintonia con le nostre attivit\u00e0.<\/p>\n<\/div><header class=\"cmsmasters_quote_header\"><h4 class=\"cmsmasters_quote_title\">Andrea Bianchi<\/h4><div class=\"cmsmasters_quote_subtitle_wrap\"><h4 class=\"cmsmasters_quote_subtitle\">Metodo HOT mind<\/h4><\/div><\/header><\/article>\n<!-- Finish Quote Slider Article -->\n\n<\/div>\n<div class=\"cmsmasters_quote cmsmasters_owl_slider_item\">\n<!-- Start Quote Slider Article -->\n<article class=\"cmsmasters_quote_inner\"><div class=\"cmsmasters_quote_placeholder\"><\/div><div class=\"cmsmasters_quote_content\">\n<p>The Hotel is simply amazing. The subtle luxury of refined simplicity, uncluttered and unpretentious. Very private and the staff is an attentive and discreet.<\/p>\n<\/div><header class=\"cmsmasters_quote_header\"><h4 class=\"cmsmasters_quote_title\">Mike Jameson<\/h4><div class=\"cmsmasters_quote_subtitle_wrap\"><h4 class=\"cmsmasters_quote_subtitle\">Developer<\/h4><\/div><\/header><\/article>\n<!-- Finish Quote Slider Article -->\n\n<\/div>\n<div class=\"cmsmasters_quote cmsmasters_owl_slider_item\">\n<!-- Start Quote Slider Article -->\n<article class=\"cmsmasters_quote_inner\"><div class=\"cmsmasters_quote_placeholder\"><\/div><div class=\"cmsmasters_quote_content\">\n<p>I was welcomed by a unique and attentive staff that has few peers in a city filed with great hotels with exemplary service. Beautiful and very special.<\/p>\n<\/div><header class=\"cmsmasters_quote_header\"><h4 class=\"cmsmasters_quote_title\">Mia Turner<\/h4><div class=\"cmsmasters_quote_subtitle_wrap\"><h4 class=\"cmsmasters_quote_subtitle\">Model<\/h4><\/div><\/header><\/article>\n<!-- Finish Quote Slider Article -->\n\n<\/div>\n<\/div>\n<\/div>\n<\/div><\/div>\n<\/div>\n<\/div>\n<\/div>\n<\/div>\n<\/div>\n\n","protected":false},"excerpt":{"rendered":"","protected":false},"author":1,"featured_media":0,"parent":0,"menu_order":0,"comment_status":"closed","ping_status":"closed","template":"","meta":{"footnotes":""},"class_list":["post-17426","page","type-page","status-publish","hentry"],"publishpress_future_action":{"enabled":false,"date":"2026-04-24 05:17:39","action":"change-status","newStatus":"draft","terms":[],"taxonomy":"translation_priority","extraData":[]},"publishpress_future_workflow_manual_trigger":{"enabledWorkflows":[]},"_links":{"self":[{"href":"https:\/\/chaletalpigiulie.com\/en\/wp-json\/wp\/v2\/pages\/17426","targetHints":{"allow":["GET"]}}],"collection":[{"href":"https:\/\/chaletalpigiulie.com\/en\/wp-json\/wp\/v2\/pages"}],"about":[{"href":"https:\/\/chaletalpigiulie.com\/en\/wp-json\/wp\/v2\/types\/page"}],"author":[{"embeddable":true,"href":"https:\/\/chaletalpigiulie.com\/en\/wp-json\/wp\/v2\/users\/1"}],"replies":[{"embeddable":true,"href":"https:\/\/chaletalpigiulie.com\/en\/wp-json\/wp\/v2\/comments?post=17426"}],"version-history":[{"count":6,"href":"https:\/\/chaletalpigiulie.com\/en\/wp-json\/wp\/v2\/pages\/17426\/revisions"}],"predecessor-version":[{"id":17709,"href":"https:\/\/chaletalpigiulie.com\/en\/wp-json\/wp\/v2\/pages\/17426\/revisions\/17709"}],"wp:attachment":[{"href":"https:\/\/chaletalpigiulie.com\/en\/wp-json\/wp\/v2\/media?parent=17426"}],"curies":[{"name":"wp","href":"https:\/\/api.w.org\/{rel}","templated":true}]}}