{"id":17817,"date":"2025-12-24T01:53:00","date_gmt":"2025-12-24T00:53:00","guid":{"rendered":"http:\/\/chaletalpigiulie.com\/in-estate\/"},"modified":"2025-12-24T01:53:00","modified_gmt":"2025-12-24T00:53:00","slug":"in-estate","status":"publish","type":"page","link":"https:\/\/chaletalpigiulie.com\/en\/in-estate\/","title":{"rendered":"In Estate"},"content":{"rendered":"<div id=\"cmsmasters_row_2375c7f785\" class=\"cmsmasters_row cmsmasters_color_scheme_default cmsmasters_row_top_default cmsmasters_row_bot_default cmsmasters_row_boxed\">\n<div class=\"cmsmasters_row_outer_parent\">\n<div class=\"cmsmasters_row_outer\">\n<div class=\"cmsmasters_row_inner\">\n<div class=\"cmsmasters_row_margin\">\n<div id=\"cmsmasters_column_cdddf24f42\" class=\"cmsmasters_column one_first\">\n<div class=\"cmsmasters_column_inner\"><p><\/p>\n<\/div><\/div>\n<\/div>\n<\/div>\n<\/div>\n<\/div>\n<\/div>\n<div id=\"cmsmasters_row_3134339493\" class=\"cmsmasters_row cmsmasters_color_scheme_default cmsmasters_row_top_default cmsmasters_row_bot_default cmsmasters_row_fullwidth\">\n<div class=\"cmsmasters_row_outer_parent\">\n<div class=\"cmsmasters_row_outer\">\n<div class=\"cmsmasters_row_inner cmsmasters_row_fullwidth\">\n<div class=\"cmsmasters_row_margin\">\n<div id=\"cmsmasters_column_b8c40e5d6e\" class=\"cmsmasters_column one_first\">\n<div class=\"cmsmasters_column_inner\">\n<div class=\"cmsmasters_slider\">\n\t\t\t\t<p class=\"rs-p-wp-fix\"><\/p>\n\t\t\t\t<sr7-module data-alias=\"in-inverno-1\" data-id=\"9\" id=\"SR7_9_1\" class=\"rs-ov-hidden\" data-version=\"6.7.38\">\n\t\t\t\t\t<sr7-adjuster><\/sr7-adjuster>\n\t\t\t\t\t<sr7-content>\n\t\t\t\t\t\t<sr7-slide id=\"SR7_9_1-34\" data-key=\"34\">\n\t\t\t\t\t\t\t<sr7-bg id=\"SR7_9_1-34-3\" class=\"sr7-layer\"><noscript><img decoding=\"async\" src=\"http:\/\/chaletalpigiulie.com\/wp-content\/uploads\/2025\/12\/Laghi_di_Fusine_1_48396039076.jpg\" alt=\"Di Frerk Meyer from Buchholz in der Nordheide, Niedersachsen - Laghi di Fusine 1\" title=\"Di Frerk Meyer from Buchholz in der Nordheide, Niedersachsen &#8211; Laghi di Fusine 1\"><\/noscript><\/sr7-bg>\n\t\t\t\t\t\t\t<h6 id=\"SR7_9_1-34-1\" class=\"sr7-layer\">LO SPIRITO DELL'ESTATE<\/h6>\n\t\t\t\t\t\t\t<sr7-txt id=\"SR7_9_1-34-2\" class=\"sr7-layer\">Specchi d'acqua color smeraldo<\/sr7-txt>\n\t\t\t\t\t\t<\/sr7-slide>\n\t\t\t\t\t\t<sr7-slide id=\"SR7_9_1-36\" data-key=\"36\">\n\t\t\t\t\t\t\t<sr7-bg id=\"SR7_9_1-36-3\" class=\"sr7-layer\"><noscript><img decoding=\"async\" src=\"http:\/\/chaletalpigiulie.com\/wp-content\/uploads\/2025\/12\/csm_alpinismo_eb9126e44b.jpg\" alt=\"trekking alpi giulie chalet resort\" title=\"trekking alpi giulie chalet resort\"><\/noscript><\/sr7-bg>\n\t\t\t\t\t\t\t<h6 id=\"SR7_9_1-36-1\" class=\"sr7-layer\">LO SPIRITO DELL'ESTATE<\/h6>\n\t\t\t\t\t\t\t<sr7-txt id=\"SR7_9_1-36-2\" class=\"sr7-layer\">Sentieri infiniti<\/sr7-txt>\n\t\t\t\t\t\t<\/sr7-slide>\n\t\t\t\t\t\t<sr7-slide id=\"SR7_9_1-35\" data-key=\"35\">\n\t\t\t\t\t\t\t<sr7-bg id=\"SR7_9_1-35-3\" class=\"sr7-layer\"><noscript><img decoding=\"async\" src=\"http:\/\/chaletalpigiulie.com\/wp-content\/uploads\/2025\/12\/csm_mountainbike_3a37ca0114.jpg\" alt=\"mountain bike alpi giulie chalet resort\" title=\"mountain bike alpi giulie chalet resort\"><\/noscript><\/sr7-bg>\n\t\t\t\t\t\t\t<h6 id=\"SR7_9_1-35-1\" class=\"sr7-layer\">LO SPIRITO DELL'ESTATE<\/h6>\n\t\t\t\t\t\t\t<sr7-txt id=\"SR7_9_1-35-2\" class=\"sr7-layer\">A ruota libera<\/sr7-txt>\n\t\t\t\t\t\t<\/sr7-slide>\n\t\t\t\t\t\t<sr7-slide id=\"SR7_9_1-37\" data-key=\"37\">\n\t\t\t\t\t\t<\/sr7-slide>\n\t\t\t\t\t<\/sr7-content>\n\t\t\t\t\t<image_lists style=\"display:none\">\n\t\t\t\t\t\t<img data-src=\"\/\/chaletalpigiulie.com\/wp-content\/uploads\/2025\/12\/Laghi_di_Fusine_1_48396039076.jpg\" data-libid=\"17296\" data-lib=\"medialibrary\" alt=\"Di Frerk Meyer from Buchholz in der Nordheide, Niedersachsen - Laghi di Fusine 1\" title=\"Di Frerk Meyer from Buchholz in der Nordheide, Niedersachsen &#8211; Laghi di Fusine 1\" width=\"0\" height=\"0\" data-dbsrc=\"Ly9jaGFsZXRhbHBpZ2l1bGllLmNvbS93cC1jb250ZW50L3VwbG9hZHMvMjAyNS8xMi9MYWdoaV9kaV9GdXNpbmVfMV80ODM5NjAzOTA3Ni5qcGc=\"\/>\n\t\t\t\t\t\t<img data-src=\"\/\/chaletalpigiulie.com\/wp-content\/uploads\/2025\/12\/csm_mountainbike_3a37ca0114.jpg\" data-libid=\"17303\" data-lib=\"medialibrary\" alt=\"mountain bike alpi giulie chalet resort\" title=\"mountain bike alpi giulie chalet resort\" width=\"0\" height=\"0\" data-dbsrc=\"Ly9jaGFsZXRhbHBpZ2l1bGllLmNvbS93cC1jb250ZW50L3VwbG9hZHMvMjAyNS8xMi9jc21fbW91bnRhaW5iaWtlXzNhMzdjYTAxMTQuanBn\"\/>\n\t\t\t\t\t\t<img data-src=\"\/\/chaletalpigiulie.com\/wp-content\/uploads\/2025\/12\/csm_alpinismo_eb9126e44b.jpg\" data-libid=\"17294\" data-lib=\"medialibrary\" alt=\"trekking alpi giulie chalet resort\" title=\"trekking alpi giulie chalet resort\" width=\"0\" height=\"0\" data-dbsrc=\"Ly9jaGFsZXRhbHBpZ2l1bGllLmNvbS93cC1jb250ZW50L3VwbG9hZHMvMjAyNS8xMi9jc21fYWxwaW5pc21vX2ViOTEyNmU0NGIuanBn\"\/>\n\t\t\t\t\t<\/image_lists>\n\t\t\t\t<\/sr7-module>\n\t\t\t\t<script>\n\t\t\t\t\tSR7.PMH ??={}; SR7.PMH[\"SR7_9_1\"] = {cn:100,state:false,fn: function() { if (_tpt!==undefined && _tpt.prepareModuleHeight !== undefined) {  _tpt.prepareModuleHeight({id:\"SR7_9_1\",el:[885,885,768,600,420],type:'standard',shdw:'0',gh:[885,885,768,600,420],gw:[1920,1920,1024,778,480],vpt:['-200px&#039;,&#039;-200px&#039;,&#039;-200px&#039;,&#039;-200px&#039;,&#039;-200px'],size:{fullWidth:false, fullHeight:false},mh:'0',onh:0,onw:0,bg:{color:'{\"orig\":\"transparent\",\"type\":\"solid\",\"string\":\"transparent\"}'},plType:'0',plColor:'#FFFFFF'});   SR7.PMH[\"SR7_9_1\"].state=true;} else if(SR7.PMH[\"SR7_9_1\"].cn-->0)\tsetTimeout( SR7.PMH[\"SR7_9_1\"].fn,19);}};SR7.PMH[\"SR7_9_1\" ].fn();\n\t\t\t\t<\/script>\n<\/div>\n<\/div><\/div>\n<\/div>\n<\/div>\n<\/div>\n<\/div>\n<\/div>\n<div id=\"cmsmasters_row_b3grnb9esh\" class=\"cmsmasters_row cmsmasters_color_scheme_default cmsmasters_row_top_default cmsmasters_row_bot_default cmsmasters_row_boxed\">\n<div class=\"cmsmasters_row_outer_parent\">\n<div class=\"cmsmasters_row_outer\">\n<div class=\"cmsmasters_row_inner\">\n<div class=\"cmsmasters_row_margin\">\n<div id=\"cmsmasters_column_4obwm14cdj\" class=\"cmsmasters_column one_first\">\n<div class=\"cmsmasters_column_inner\"><div id=\"cmsmasters_heading_6yjmqehhqg\" class=\"cmsmasters_heading_wrap cmsmasters_heading_align_center\">\n\t<h3 class=\"cmsmasters_heading\">Lo spirito<\/h3>\n<\/div><div id=\"cmsmasters_heading_on9ekje8y5\" class=\"cmsmasters_heading_wrap cmsmasters_heading_align_center\">\n\t<h2 class=\"cmsmasters_heading\">dell&#8217;estate<\/h2>\n<\/div><div id=\"cmsmasters_fb_a0efbc8f41\" class=\"cmsmasters_featured_block\">\n<div class=\"featured_block_inner\">\n<div class=\"featured_block_text\">\n<p style=\"text-align: center;\"><span style=\"color: #6a6a6a; font-size: 20px; line-height: 28px;\">SPECCHI D&#8217;ACQUA COLOR SMERALDO<\/span><\/p>\n<p><strong>Una giornata al lago<\/strong><\/p>\n<p>Una splendida giornata di sole pu\u00f2 diventare una giornata da dedicare al proprio spirito per arricchirlo di pura e semplice bellezza donata da specchi d\u2019acqua color smeraldo, alberi imponenti e secolari, cornici rocciose capaci di togliere il fiato.<\/p>\n<p>Una giornata trascorsa ai <strong>Laghi di Fusine<\/strong>, due piccoli gioielli naturali ai piedi delle Giulie, lascia nel cuore una profonda serenit\u00e0. Una passeggiata, un pic nic, un libro letto sul bordo delle calme acque sono modi meravigliosi per gustare lo scorrere del tempo.<\/p>\n<p>Di altrettanto fascino il leggendario e maestoso <strong>lago di Raibl<\/strong>, che dona alle giornate un tocco di pura e fresca estate con le sue curatissime spiagge e il divertimento di un wind surf, di un kayak o una barca a remi.<\/p>\n\n<\/div>\n<\/div>\n<\/div>\n<\/div><\/div>\n<\/div>\n<\/div>\n<\/div>\n<\/div>\n<\/div>\n<div id=\"cmsmasters_row_29c43b215b\" class=\"cmsmasters_row cmsmasters_color_scheme_default cmsmasters_row_top_default cmsmasters_row_bot_default cmsmasters_row_fullwidth\">\n<div class=\"cmsmasters_row_outer_parent\">\n<div class=\"cmsmasters_row_outer\">\n<div class=\"cmsmasters_row_inner cmsmasters_row_fullwidth cmsmasters_row_no_margin\">\n<div class=\"cmsmasters_row_margin cmsmasters_row_columns_behavior\">\n<div id=\"cmsmasters_column_24ddda560b\" class=\"cmsmasters_column one_half\">\n<div class=\"cmsmasters_column_inner\"><div id=\"cmsmasters_fb_ddl3d9sws\" class=\"cmsmasters_featured_block\">\n<div class=\"featured_block_inner\">\n<div class=\"featured_block_text\">\n<div class=\"cmsmasters_heading\" style=\"text-align: center;\"><div id=\"cmsmasters_heading_99ptu5po55\" class=\"cmsmasters_heading_wrap cmsmasters_heading_align_center\">\n\t<h3 class=\"cmsmasters_heading\">Escursioni<\/h3>\n<\/div><div id=\"cmsmasters_heading_px0jt4s1yi\" class=\"cmsmasters_heading_wrap cmsmasters_heading_align_center\">\n\t<h2 class=\"cmsmasters_heading\">estive<\/h2>\n<\/div><\/div>\n<div class=\"cmsmasters_heading\" style=\"text-align: left;\"><\/div>\n<div>\n<p>Vi stupir\u00e0 scoprire quanti e quali opportunit\u00e0 il Tarvisiano pu\u00f2 offrire agli escursionisti! Il Trekking nelle Alpi Giulie e Carniche non \u00e8 solo un nome, ma una promessa!<\/p>\n<p>Valbruna e Tarvisio fanno parte del circuito <a href=\"https:\/\/www.alpe-adria-trail.com\/it\/trail\/\" target=\"_blank\" rel=\"noopener\"><strong>Alpe Adria Trail<\/strong><\/a>, un progetto transfrontaliero che collega le tre regioni, Carinzia, Slovenia e Friuli-Venezia Giulia. Le regioni dell\u2019Alpe Adria sono collegate tra loro da un itinerario a lunga percorrenza che conduce dai piedi della montagna pi\u00f9 alta d\u2019Austria, il Gro\u00dfglockner, fino alle rive del Mar Adriatico, a Muggia, in 43 tappe successive.<\/p>\n<p>Nei dintorni dei nostri chalet, innumerevoli sono i percorsi di fondovalle, i sentieri che vi portano ai prati e pascoli delle dolci e imponenti Alpi Carniche, le escursioni che vi guidano ai rifugi alpini delle maestose Alpi Giulie e tracciati per alpinisti pi\u00f9 o meno esperti per toccare le cime pi\u00f9 ambite.<\/p>\n<p>&nbsp;<\/p>\n<p><strong>Alcuni itinerari che non presentano difficolt\u00e0<\/strong>:<\/p>\n<p>Valle dei Laghi di Fusine<br \/>\nVal Saisera<br \/>\nVal Bartolo<br \/>\nMonte Lussari<br \/>\nRifugio Zacchi<br \/>\nRifugio Pellarini<br \/>\nRifugio Brazz\u00e0<br \/>\nRifugio Grego<br \/>\nMonte Nebria<br \/>\nCappella Zita<br \/>\nMalga Priu e Malga Mezesnik<br \/>\nAgriurismo Gacceman<br \/>\nRifugio Nordio<br \/>\nRifugio Gilberti<br \/>\nMonte Cocco<br \/>\nSella Bistrizza e Monte Ojsternig o Monte Acomizza<br \/>\nCima Bella<br \/>\nOrrido dello Slizza<\/p>\n<\/div>\n\n<\/div>\n<\/div>\n<\/div>\n<\/div><\/div>\n<div id=\"cmsmasters_column_e02e0930e3\" class=\"cmsmasters_column one_half\">\n<div class=\"cmsmasters_column_inner\"><\/div><\/div>\n<\/div>\n<\/div>\n<\/div>\n<\/div>\n<\/div>\n<div id=\"cmsmasters_row_1d4c30e4d6\" class=\"cmsmasters_row cmsmasters_color_scheme_default cmsmasters_row_top_default cmsmasters_row_bot_default cmsmasters_row_fullwidth\">\n<div class=\"cmsmasters_row_outer_parent\">\n<div class=\"cmsmasters_row_outer\">\n<div class=\"cmsmasters_row_inner cmsmasters_row_fullwidth cmsmasters_row_no_margin\">\n<div class=\"cmsmasters_row_margin cmsmasters_row_columns_behavior\">\n<div id=\"cmsmasters_column_90e1320cfd\" class=\"cmsmasters_column one_half\">\n<div class=\"cmsmasters_column_inner\"><\/div><\/div>\n<div id=\"cmsmasters_column_652e776471\" class=\"cmsmasters_column one_half\">\n<div class=\"cmsmasters_column_inner\"><div id=\"cmsmasters_fb_dledmzqem\" class=\"cmsmasters_featured_block\">\n<div class=\"featured_block_inner\">\n<div class=\"featured_block_text\">\n<div id=\"cmsmasters_heading_99ptu5po55\" class=\"cmsmasters_heading_wrap cmsmasters_heading_align_center\">\n\t<h3 class=\"cmsmasters_heading\">Escursioni<\/h3>\n<\/div><div id=\"cmsmasters_heading_px0jt4s1yi\" class=\"cmsmasters_heading_wrap cmsmasters_heading_align_center\">\n\t<h2 class=\"cmsmasters_heading\">alpinistiche<\/h2>\n<\/div>\n<div>\n<p style=\"text-align: center;\">\u201c<em>Per quanti monti io abbia visti, niente eguaglia le Giulie. I sogni di giovinezza vi hanno creata la patria dell\u2019anima mia<\/em>\u201d<br \/>\nJulius Kugy<\/p>\n<p>Le ascensioni alpinistiche che Le Alpi Giulie offrono sono molte.<br \/>\nNonostante le loro quote altimetriche relativamente modeste, queste montagne sono severe e selvagge, e in ci\u00f2 forse sta il loro maggiore incanto. Su questi monti sono stati aperti arditi e impegnativi itinerari in arrampicata libera, annoverati tra i pi\u00f9 difficili delle Alpi. Numerosi sono d\u2019altra parte i percorsi attrezzati e le vie ferrate dove l\u2019escursionista esperto pu\u00f2 vivere il fascino di ambienti grandiosi di solito riservati allo scalatore.<br \/>\nParecchi sono gli itinerari privi di difficolt\u00e0 tecniche, come in genere le vie normali.<\/p>\n<p>La completa rassegna degli itinerari delle Alpi Giulie si pu\u00f2 trovare nella guida del CAI di Gino Buscaini.<\/p>\n<p><strong>Alcuni itinerari di maggior interesse<\/strong>:<\/p>\n<p>J\u00f4f di Sompdogna,<br \/>\nCima di terra rossa<br \/>\nJ\u00f4f di Montasio<br \/>\nJ\u00f4f Fuart<br \/>\nGrande Nabois<br \/>\nJ\u00f4f di miezegnot<br \/>\nMonte Re<br \/>\nMonte Mangart<br \/>\nCima Cacciatore<br \/>\nMonte Canin<\/p>\n<\/div>\n<div><\/div>\n\n<\/div>\n<\/div>\n<\/div>\n<\/div><\/div>\n<\/div>\n<\/div>\n<\/div>\n<\/div>\n<\/div>\n<div id=\"cmsmasters_row_2pguzvk4zj\" class=\"cmsmasters_row cmsmasters_color_scheme_default cmsmasters_row_top_default cmsmasters_row_bot_default cmsmasters_row_fullwidth\">\n<div class=\"cmsmasters_row_outer_parent\">\n<div class=\"cmsmasters_row_outer\">\n<div class=\"cmsmasters_row_inner cmsmasters_row_fullwidth cmsmasters_row_no_margin\">\n<div class=\"cmsmasters_row_margin cmsmasters_row_columns_behavior\">\n<div id=\"cmsmasters_column_9697thg7t\" class=\"cmsmasters_column one_half\">\n<div class=\"cmsmasters_column_inner\"><div id=\"cmsmasters_fb_4r872lyc24\" class=\"cmsmasters_featured_block\">\n<div class=\"featured_block_inner\">\n<div class=\"featured_block_text\">\n<div id=\"cmsmasters_heading_09noxujiir\" class=\"cmsmasters_heading_wrap cmsmasters_heading_align_center\">\n\t<h3 class=\"cmsmasters_heading\">Itinerari<\/h3>\n<\/div><div id=\"cmsmasters_heading_nsdmlij03m\" class=\"cmsmasters_heading_wrap cmsmasters_heading_align_center\">\n\t<h2 class=\"cmsmasters_heading\">mountain bike<\/h2>\n<\/div>\n<div>\n<p>La mountain bike \u00e8 un modo per scoprire luoghi lontani dal traffico e per unire l\u2019amore per la natura al piacere di fare sport. Il tarvisiano e la Valcanale sono ricchissimi di percorsi adatti a questa disciplina e vi consentono di visitare ambienti suggestivi come la valle di Ugovizza, la Val Bartolo e Camporosso, la valle di Rio Freddo e i laghi di Fusine.<\/p>\n<p>Esemplare caso di riconversione del vecchio tracciato della linea ferroviaria, la <strong><a href=\"https:\/\/www.alpe-adria-radweg.com\" target=\"_blank\" rel=\"noopener\">Ciclovia Alpe Adria<\/a><\/strong> unisce in un unico tracciato Italia, Austria e Slovenia. A poche centinaia di metri dagli chalet potete incontrare la Ciclovia e proseguire in direzione Pontebba oppure verso Tarvisio e quindi proseguire in Austria o Slovenia. Il tracciato \u00e8 adatto ad ogni tipo di ciclista e offre alla vista scorci paesaggistici meravigliosi.<\/p>\n<p><strong>Alcuni itinerari classici<\/strong>:<\/p>\n<p>Anello della Val Saisera<br \/>\nVal Bartolo<br \/>\nAlpe di Ugovizza<br \/>\nVal Rauna \u2013 Malga Meseznig<br \/>\nRifugio Nordio<br \/>\nMonte Acomizza<br \/>\nMonte Goriane<br \/>\nMonte Forno<br \/>\nMonte Lussari<br \/>\nRifugio Zacchi<br \/>\nValle di Rio Freddo<\/p>\n<\/div>\n<div><\/div>\n\n<\/div>\n<\/div>\n<\/div>\n<\/div><\/div>\n<div id=\"cmsmasters_column_7bquj7wtaf\" class=\"cmsmasters_column one_half\">\n<div class=\"cmsmasters_column_inner\"><\/div><\/div>\n<\/div>\n<\/div>\n<\/div>\n<\/div>\n<\/div>\n<div id=\"cmsmasters_row_wy85vwfkkk\" class=\"cmsmasters_row cmsmasters_color_scheme_default cmsmasters_row_top_default cmsmasters_row_bot_default cmsmasters_row_fullwidth\">\n<div class=\"cmsmasters_row_outer_parent\">\n<div class=\"cmsmasters_row_outer\">\n<div class=\"cmsmasters_row_inner cmsmasters_row_fullwidth cmsmasters_row_no_margin\">\n<div class=\"cmsmasters_row_margin cmsmasters_row_columns_behavior\">\n<div id=\"cmsmasters_column_t7uolohot0\" class=\"cmsmasters_column one_half\">\n<div class=\"cmsmasters_column_inner\"><\/div><\/div>\n<div id=\"cmsmasters_column_u3s6pr0pms\" class=\"cmsmasters_column one_half\">\n<div class=\"cmsmasters_column_inner\"><div id=\"cmsmasters_fb_t6t3qfaqd\" class=\"cmsmasters_featured_block\">\n<div class=\"featured_block_inner\">\n<div class=\"featured_block_text\">\n<div id=\"cmsmasters_heading_8r0ybzqxjk\" class=\"cmsmasters_heading_wrap cmsmasters_heading_align_center\">\n\t<h3 class=\"cmsmasters_heading\">Altre<\/h3>\n<\/div><div id=\"cmsmasters_heading_i9u3rdm4ua\" class=\"cmsmasters_heading_wrap cmsmasters_heading_align_center\">\n\t<h2 class=\"cmsmasters_heading\">attivit\u00e0 estive<\/h2>\n<\/div>\n<div>\n<ul>\n<li><strong>Golf<\/strong><br \/>\nA 4 km dal vostro chalet potete trovare il <a href=\"https:\/\/golfsenzaconfini.com\/it\" target=\"_blank\" rel=\"noopener\"><strong>campo di golf di Tarvisio<\/strong><\/a>, circondato dal magnifico spettacolo delle Alpi, tra foreste di larici e faggi e le cime rocciose del Monte Mangart. Con le sue 18 buche quello di Tarvisio \u00e8 uno dei pi\u00f9 interessanti percorsi di montagna, con alcune buche piatte e altre in moderato saliscendi e stupisce per i suoi fair way ampi e green spaziosi.<\/li>\n<li><strong>Sulle tracce della Grande Guerra<\/strong><br \/>\nLe testimonianze della Grande Guerra nelle nostre montagne sono innumerevoli e possono essere ricercate durante passeggiate ed escursioni. Un esempio lodevole di recupero e ricerca dei lasciti della prima guerra mondiale \u00e8 dato dal <a href=\"https:\/\/www.turismofvg.it\/it\/grandeguerra-alpi-giulie\/parco-tematico-della-grande-guerra-abschnitt-saisera\" target=\"_blank\" rel=\"noopener\"><strong>Parco Tematico della Grande Guerra in Val Saisera<\/strong><\/a>, raggiungibile in pochi minuti di macchina dal vostro chalet.<br \/>\nNumerosi sono i bunker ben nascosti e mimetizzati anche vicinissimi al vostro chalet, come l\u2019Opera 3 e l\u2019Opera 4. Quest\u2019ultimo in particolare, chiamato Forte Beisner, \u00e8 un bunker molto ben conservato costruito in epoca fascista e utilizzato dall\u2019Esercito Italiano nel secondo dopoguerra fino al 1992. \u00c8 costituito da lunghi corridoi in galleria e locali sviluppati per una lunghezza di un migliaio di metri all\u2019interno del Monte Kugeln, retrostante il vostro chalet.<\/li>\n<li><strong>Dog Trekking<\/strong><br \/>\nPresso la <a href=\"https:\/\/www.ararad.net\" target=\"_blank\" rel=\"noopener\"><strong>Scuola di Mushing (cani da slitta)<\/strong><\/a>, nella cornice spettacolare della Piana di Fusine, potrete trascorrere un pomeriggio unico in compagnia di uno o pi\u00f9 cani da slitta e con loro percorrere sentieri in mezzo alla natura imparando le tecniche di questa affascinante disciplina.<\/li>\n<li><strong>Pattinaggio su ghiaccio<\/strong><br \/>\nVolete trascorrere un pomeriggio fuori dal comune per le calde giornate estive? Per tutti gli amanti del pattinaggio su ghiaccio e per tutti coloro in cerca di refrigerio il Palazzo del Ghiaccio di Pontebba \u00e8 aperto da met\u00e0 luglio a met\u00e0 agosto.<\/li>\n<li><strong>Bob su rotaia<\/strong><br \/>\nPresso l\u2019area della Piana dell\u2019Angelo \u00e8 possibile divertirsi con un percorso di 880 metri di lunghezza in bob su rotaia. Il divertimento \u00e8 assicurato grazie ai 73 metri di dislivello, curve, diverse pendenze ed un loop (curva di 360\u00b0).<\/li>\n<li><strong>Passeggiate in carrozza<\/strong><br \/>\nL\u2019Anfiteatro delle Giulie dominato dal Grande Nabois e dallo Jof Fuart offre un suggestivo panorama da poter ammirare seduti comodamente su una carrozza trainata da possenti cavalli, per un tuffo nell\u2019atmosfera magica della Val Saisera.<\/li>\n<li><strong>Parco avventura<\/strong><br \/>\nIl Parco Avventura di Sella Nevea rappresenta un\u2019ottima occasione per amanti dell\u2019avventura di tutte le et\u00e0, di cimentarsi in percorsi di difficolt\u00e0 crescente sospesi fra gli alberi, spostandosi su funi, carrucole, ponti e liane in totale sicurezza. Divertimento e adrenalina garantiti!<\/li>\n<\/ul>\n<\/div>\n<div><\/div>\n\n<\/div>\n<\/div>\n<\/div>\n<\/div><\/div>\n<\/div>\n<\/div>\n<\/div>\n<\/div>\n<\/div>\n\n","protected":false},"excerpt":{"rendered":"","protected":false},"author":1,"featured_media":0,"parent":0,"menu_order":0,"comment_status":"closed","ping_status":"closed","template":"","meta":{"footnotes":""},"class_list":["post-17817","page","type-page","status-publish","hentry"],"publishpress_future_action":{"enabled":false,"date":"2026-04-24 05:20:55","action":"change-status","newStatus":"draft","terms":[],"taxonomy":"translation_priority","extraData":[]},"publishpress_future_workflow_manual_trigger":{"enabledWorkflows":[]},"_links":{"self":[{"href":"https:\/\/chaletalpigiulie.com\/en\/wp-json\/wp\/v2\/pages\/17817","targetHints":{"allow":["GET"]}}],"collection":[{"href":"https:\/\/chaletalpigiulie.com\/en\/wp-json\/wp\/v2\/pages"}],"about":[{"href":"https:\/\/chaletalpigiulie.com\/en\/wp-json\/wp\/v2\/types\/page"}],"author":[{"embeddable":true,"href":"https:\/\/chaletalpigiulie.com\/en\/wp-json\/wp\/v2\/users\/1"}],"replies":[{"embeddable":true,"href":"https:\/\/chaletalpigiulie.com\/en\/wp-json\/wp\/v2\/comments?post=17817"}],"version-history":[{"count":0,"href":"https:\/\/chaletalpigiulie.com\/en\/wp-json\/wp\/v2\/pages\/17817\/revisions"}],"wp:attachment":[{"href":"https:\/\/chaletalpigiulie.com\/en\/wp-json\/wp\/v2\/media?parent=17817"}],"curies":[{"name":"wp","href":"https:\/\/api.w.org\/{rel}","templated":true}]}}